{"id":2125,"date":"2022-09-26T21:25:42","date_gmt":"2022-09-26T19:25:42","guid":{"rendered":"https:\/\/cookinox.si\/?page_id=2125"},"modified":"2023-09-18T11:06:21","modified_gmt":"2023-09-18T09:06:21","slug":"celovite-storitve","status":"publish","type":"page","link":"https:\/\/cookinox.si\/sl\/celovite-storitve\/","title":{"rendered":"Celovite storitve"},"content":{"rendered":"\n<style type=\"text\/css\" data-created_by=\"avia_inline_auto\" id=\"style-css-av-l7aajiej-c0cb9874fa41360c39c0fad86d1d872b\">\n.avia-section.av-l7aajiej-c0cb9874fa41360c39c0fad86d1d872b{\nbackground-repeat:no-repeat;\nbackground-image:url(https:\/\/cookinox.si\/wp-content\/uploads\/2022\/09\/cookinox-team-2.jpg);\nbackground-position:50% 50%;\nbackground-attachment:scroll;\n}\n<\/style>\n<div id='av_section_1'  class='avia-section av-l7aajiej-c0cb9874fa41360c39c0fad86d1d872b main_color avia-section-default avia-no-border-styling  avia-builder-el-0  el_before_av_section  avia-builder-el-first  section-opening avia-bg-style-scroll av-minimum-height av-minimum-height-75  container_wrap fullsize'  data-section-bg-repeat='no-repeat' data-av_minimum_height_pc='75'><div class='container av-section-cont-open' ><main  role=\"main\" itemprop=\"mainContentOfPage\"  class='template-page content  av-content-full alpha units'><div class='post-entry post-entry-type-page post-entry-2125'><div class='entry-content-wrapper clearfix'>\n<div class='flex_column av-2mpow3-fcc5e95e3490ec7dc817c4a7bd14f0db av_one_half  avia-builder-el-1  el_before_av_one_half  avia-builder-el-first  first flex_column_div '     ><section  class='av_textblock_section av-l7aa84kg-f1f48ed0947f2cb042fab0847d03907f'  itemscope=\"itemscope\" itemtype=\"https:\/\/schema.org\/CreativeWork\" ><div class='avia_textblock'  itemprop=\"text\" ><h1>COOKINOX<br \/>\ncelovite<br \/>\nstoritve<\/h1>\n<\/div><\/section><\/div><div class='flex_column av-2h71nn-7fe78ddeb022171fcc6591b30cf74ca9 av_one_half  avia-builder-el-3  el_after_av_one_half  avia-builder-el-last  flex_column_div '     ><\/div>\n\n<\/div><\/div><\/main><!-- close content main element --><\/div><\/div>\n<style type=\"text\/css\" data-created_by=\"avia_inline_auto\" id=\"style-css-av-l7aa9a8z-281c941b0c946808df5f186b290052d7\">\n.avia-section.av-l7aa9a8z-281c941b0c946808df5f186b290052d7{\nbackground-repeat:no-repeat;\nbackground-image:url(https:\/\/cookinox.si\/wp-content\/uploads\/2022\/08\/hs-page-bg.jpg);\nbackground-position:50% 0%;\nbackground-attachment:scroll;\n}\n<\/style>\n<div id='av_section_2'  class='avia-section av-l7aa9a8z-281c941b0c946808df5f186b290052d7 main_color avia-section-default avia-no-border-styling  avia-builder-el-5  el_after_av_section  avia-builder-el-last  section-content1 support avia-bg-style-scroll container_wrap fullsize'  data-section-bg-repeat='no-repeat'><div class='container av-section-cont-open' ><div class='template-page content  av-content-full alpha units'><div class='post-entry post-entry-type-page post-entry-2125'><div class='entry-content-wrapper clearfix'>\n<section  class='av_textblock_section av-l7aaair4-bd5ce5c4c14b991da9b47e0c5464b3ef'  itemscope=\"itemscope\" itemtype=\"https:\/\/schema.org\/CreativeWork\" ><div class='avia_textblock'  itemprop=\"text\" ><h2>celovita STORITEV<\/h2>\n<\/div><\/section>\n\n<style type=\"text\/css\" data-created_by=\"avia_inline_auto\" id=\"style-css-av-l8jabuqp-64868ad5ac69a44d64a567f32ac5d9b9\">\n.flex_column.av-l8jabuqp-64868ad5ac69a44d64a567f32ac5d9b9{\nwidth:46.25%;\n}\n<\/style>\n<div class='flex_column av-l8jabuqp-64868ad5ac69a44d64a567f32ac5d9b9 av_one_half  avia-builder-el-7  el_after_av_textblock  el_before_av_one_half  fsa-text first flex_column_div column-top-margin'     ><section  class='av_textblock_section av-l8jaccf0-e9028b3ffdffbf1835d5652e49ca8bd5'  itemscope=\"itemscope\" itemtype=\"https:\/\/schema.org\/CreativeWork\" ><div class='avia_textblock'  itemprop=\"text\" ><p>Visoko zmogljive kuhinje odra\u017eajo kombinacijo brezhibne integracije potreb uporabnikov in vrhunske opreme. Cookinox tim strokovnjakov je visoko usposobljen in izku\u0161en tako za projektiranje kot proizvodnjo velikih sistemov, kuhinj in druge gostinske opreme tako v javnih ustanovah kot manj\u0161ih bistro kuhinjah in lokalih za stre\u017ebo pija\u010d. Z \u017eeljo, da uporabniku zagotovimo energijsko u\u010dinkovito delovno okolje in optimizirane procese dela, sku\u0161amo pomagati pri bolj donosnem delu in ve\u010djem zadovoljstvu tako strank kot gostov.<\/p>\n<p>Pri na\u010drtovanju in proizvodnji va\u0161e profesionalne gostinske opreme upo\u0161tevamo vse razpolo\u017eljive prostorske kapacitete, ergonomijo, mobilnost in udobje zaposlenih, energetske parametre in fleksibilnost. Stalna povezanost s svetom kulinarike nam pomaga spoznavati najbolj\u0161e prakse vodenja sodobne kuhinje, ki se skozi na\u0161e procese preslikajo v optimalne re\u0161itve. Tako vam nudimo najbolj\u0161o re\u0161itev, ne glede na vrsto in zahtevnost gostinske opreme.<\/p>\n<\/div><\/section><\/div>\n<style type=\"text\/css\" data-created_by=\"avia_inline_auto\" id=\"style-css-av-l8jac3sp-6847820429204a6bcc39c5c6faa17e04\">\n.flex_column.av-l8jac3sp-6847820429204a6bcc39c5c6faa17e04{\nwidth:46.25%;\nmargin-left:7.5%;\n}\n<\/style>\n<div class='flex_column av-l8jac3sp-6847820429204a6bcc39c5c6faa17e04 av_one_half  avia-builder-el-9  el_after_av_one_half  el_before_av_hr  fsa-image flex_column_div column-top-margin'     ><style type=\"text\/css\" data-created_by=\"avia_inline_auto\" id=\"style-css-av-l8jabgga-a4c8d7f0a662921685bc4ce5883dd313\">\n.avia-image-container.av-l8jabgga-a4c8d7f0a662921685bc4ce5883dd313 img.avia_image{\nbox-shadow:none;\n}\n.avia-image-container.av-l8jabgga-a4c8d7f0a662921685bc4ce5883dd313 .av-image-caption-overlay-center{\ncolor:#ffffff;\n}\n<\/style>\n<div  class='avia-image-container av-l8jabgga-a4c8d7f0a662921685bc4ce5883dd313 av-styling-no-styling avia-align-  avia-builder-el-10  avia-builder-el-no-sibling '   itemprop=\"image\" itemscope=\"itemscope\" itemtype=\"https:\/\/schema.org\/ImageObject\" ><div class=\"avia-image-container-inner\"><div class=\"avia-image-overlay-wrap\"><img decoding=\"async\" class='wp-image-1740 avia-img-lazy-loading-not-1740 avia_image ' src=\"https:\/\/cookinox.si\/wp-content\/uploads\/2022\/09\/cookinox-full-service-aproach-1.jpg\" alt='' title=''  height=\"443\" width=\"650\"  itemprop=\"thumbnailUrl\" srcset=\"https:\/\/cookinox.si\/wp-content\/uploads\/2022\/09\/cookinox-full-service-aproach-1.jpg 650w, https:\/\/cookinox.si\/wp-content\/uploads\/2022\/09\/cookinox-full-service-aproach-1-600x409.jpg 600w, https:\/\/cookinox.si\/wp-content\/uploads\/2022\/09\/cookinox-full-service-aproach-1-300x204.jpg 300w\" sizes=\"(max-width: 650px) 100vw, 650px\" \/><\/div><\/div><\/div><\/div>\n<style type=\"text\/css\" data-created_by=\"avia_inline_auto\" id=\"style-css-av-153djt-f5db693e66318ede4cd86e3701d13854\">\n#top .hr.hr-invisible.av-153djt-f5db693e66318ede4cd86e3701d13854{\nheight:130px;\n}\n<\/style>\n<div  class='hr av-153djt-f5db693e66318ede4cd86e3701d13854 hr-invisible  avia-builder-el-11  el_after_av_one_half  el_before_av_one_half '><span class='hr-inner '><span class=\"hr-inner-style\"><\/span><\/span><\/div>\n\n<style type=\"text\/css\" data-created_by=\"avia_inline_auto\" id=\"style-css-av-l8jaoy1a-dc56173ab072dbcb8109a10fe82c23e6\">\n.flex_column.av-l8jaoy1a-dc56173ab072dbcb8109a10fe82c23e6{\nwidth:46.25%;\n}\n<\/style>\n<div class='flex_column av-l8jaoy1a-dc56173ab072dbcb8109a10fe82c23e6 av_one_half  avia-builder-el-12  el_after_av_hr  el_before_av_one_half  fsa-image first flex_column_div '     ><style type=\"text\/css\" data-created_by=\"avia_inline_auto\" id=\"style-css-av-ykfzl-93ef1415cdb59dcf9d0c3d03d8f6e410\">\n.avia-image-container.av-ykfzl-93ef1415cdb59dcf9d0c3d03d8f6e410 img.avia_image{\nbox-shadow:none;\n}\n.avia-image-container.av-ykfzl-93ef1415cdb59dcf9d0c3d03d8f6e410 .av-image-caption-overlay-center{\ncolor:#ffffff;\n}\n<\/style>\n<div  class='avia-image-container av-ykfzl-93ef1415cdb59dcf9d0c3d03d8f6e410 av-styling-no-styling avia-align-  avia-builder-el-13  avia-builder-el-no-sibling '   itemprop=\"image\" itemscope=\"itemscope\" itemtype=\"https:\/\/schema.org\/ImageObject\" ><div class=\"avia-image-container-inner\"><div class=\"avia-image-overlay-wrap\"><img decoding=\"async\" class='wp-image-1742 avia-img-lazy-loading-not-1742 avia_image ' src=\"https:\/\/cookinox.si\/wp-content\/uploads\/2022\/09\/cookinox-full-service-aproach-2.jpg\" alt='' title=''  height=\"443\" width=\"650\"  itemprop=\"thumbnailUrl\" srcset=\"https:\/\/cookinox.si\/wp-content\/uploads\/2022\/09\/cookinox-full-service-aproach-2.jpg 650w, https:\/\/cookinox.si\/wp-content\/uploads\/2022\/09\/cookinox-full-service-aproach-2-600x409.jpg 600w, https:\/\/cookinox.si\/wp-content\/uploads\/2022\/09\/cookinox-full-service-aproach-2-300x204.jpg 300w\" sizes=\"(max-width: 650px) 100vw, 650px\" \/><\/div><\/div><\/div><\/div>\n<style type=\"text\/css\" data-created_by=\"avia_inline_auto\" id=\"style-css-av-p6dgp-ca4b947eb6dd6869a75dbda5ea44f164\">\n.flex_column.av-p6dgp-ca4b947eb6dd6869a75dbda5ea44f164{\nwidth:46.25%;\nmargin-left:7.5%;\n}\n<\/style>\n<div class='flex_column av-p6dgp-ca4b947eb6dd6869a75dbda5ea44f164 av_one_half  avia-builder-el-14  el_after_av_one_half  el_before_av_hr  fsa-text flex_column_div '     ><section  class='av_textblock_section av-l8jadkgs-79b5d0dd0991f976174d1c01b326c122'  itemscope=\"itemscope\" itemtype=\"https:\/\/schema.org\/CreativeWork\" ><div class='avia_textblock'  itemprop=\"text\" ><p>Na\u0161im strankam pomagamo opravljati delo v skladu z zelenimi in trajnostnimi trendi delovnih procesov, s \u010dimer zmanj\u0161amo njihov oglji\u010dni odtis in ponudimo izdelke, ki so ustvarjeni z ve\u010djo u\u010dinkovitostjo, manj\u0161o porabo vode, energije in ostalega potro\u0161nega materiala.<\/p>\n<p>Ne glede na velikost (ali majhnost) va\u0161ega projekta je lahko upravljanje profesionalne kuhinje in gostinske opreme zahtevno v smislu nadzora porabljenega \u010dasa, dela in denarja. Z na\u0161imi inovativnimi re\u0161itvami Vam omogo\u010damo, da jih vse u\u010dinkovito uporabljate.<\/p>\n<p>Sodelovanje z naro\u010dnikom pri\u010dnemo na uvodnem sestanku, kjer se skupaj pogovorimo o va\u0161ih \u017eeljah in zahtevah. Na podlagi vseh pridobljenih informacij se lotimo izdelave va\u0161e nove kuhinjske in gostinske opreme v skladu z vsemi trendi, seveda pa tudi zakonskimi omejitvami in predpisi. Po zdru\u017eitvi va\u0161ih \u017eelja in na\u0161ih predlogov dobimo popolno sliko in razumevanje o tem, kaj i\u0161\u010dete, v kak\u0161nem roku in po kak\u0161ni ceni.<\/p>\n<\/div><\/section><\/div>\n<style type=\"text\/css\" data-created_by=\"avia_inline_auto\" id=\"style-css-av-js7ht-0f0934f8f444a82c927c3f5642000b80\">\n#top .hr.hr-invisible.av-js7ht-0f0934f8f444a82c927c3f5642000b80{\nheight:130px;\n}\n<\/style>\n<div  class='hr av-js7ht-0f0934f8f444a82c927c3f5642000b80 hr-invisible  avia-builder-el-16  el_after_av_one_half  el_before_av_one_half '><span class='hr-inner '><span class=\"hr-inner-style\"><\/span><\/span><\/div>\n\n<style type=\"text\/css\" data-created_by=\"avia_inline_auto\" id=\"style-css-av-l8jap4cr-20859dfd7176df354daaa7460da03c5e\">\n.flex_column.av-l8jap4cr-20859dfd7176df354daaa7460da03c5e{\nwidth:46.25%;\n}\n<\/style>\n<div class='flex_column av-l8jap4cr-20859dfd7176df354daaa7460da03c5e av_one_half  avia-builder-el-17  el_after_av_hr  el_before_av_one_half  fsa-text first flex_column_div '     ><section  class='av_textblock_section av-l8jadroo-37d9adf2bbf9751141567041404be19b'  itemscope=\"itemscope\" itemtype=\"https:\/\/schema.org\/CreativeWork\" ><div class='avia_textblock'  itemprop=\"text\" ><p>Od tu dalje se lotimo izdelave podrobnega projektnega na\u010drta, kjer je poudarjeno sodelovanje z izvajalci gradbenih in in\u0161talacijskih del, ki izvajajo dela na va\u0161i lokaciji tako, da vam vodja projekta, ki je va\u0161 glavni stik z nami, poda svoja mnenja, predloge in predpise v zahtevanem in realnem \u010dasu ob vsakem pomembnem mejniku v gradnji ali namestitvi va\u0161e nove kuhinje.<\/p>\n<p>Po uspe\u0161nem projektiranju in izbiri naprav ter opreme, ki jo lahko izdelamo po meri, je na vrsti monta\u017ea. Strokovna ekipa monterjev in hladilnih tehnikov izvede monta\u017eo hitro in u\u010dinkovito, zagone naprav izvede s posebno pozornostjo, z veseljem pa vas in va\u0161o ekipo pou\u010di o vseh pomembnih vidikih uporabe naprav.<\/p>\n<\/div><\/section><\/div>\n<style type=\"text\/css\" data-created_by=\"avia_inline_auto\" id=\"style-css-av-en701-eb70dda1e6351d95555ae0271d7e432b\">\n.flex_column.av-en701-eb70dda1e6351d95555ae0271d7e432b{\nwidth:46.25%;\nmargin-left:7.5%;\n}\n<\/style>\n<div class='flex_column av-en701-eb70dda1e6351d95555ae0271d7e432b av_one_half  avia-builder-el-19  el_after_av_one_half  el_before_av_hr  fsa-image flex_column_div '     ><style type=\"text\/css\" data-created_by=\"avia_inline_auto\" id=\"style-css-av-blbr5-7eeac9bb4efed4155fead6058d6208fc\">\n.avia-image-container.av-blbr5-7eeac9bb4efed4155fead6058d6208fc img.avia_image{\nbox-shadow:none;\n}\n.avia-image-container.av-blbr5-7eeac9bb4efed4155fead6058d6208fc .av-image-caption-overlay-center{\ncolor:#ffffff;\n}\n<\/style>\n<div  class='avia-image-container av-blbr5-7eeac9bb4efed4155fead6058d6208fc av-styling-no-styling avia-align-  avia-builder-el-20  avia-builder-el-no-sibling '   itemprop=\"image\" itemscope=\"itemscope\" itemtype=\"https:\/\/schema.org\/ImageObject\" ><div class=\"avia-image-container-inner\"><div class=\"avia-image-overlay-wrap\"><img decoding=\"async\" class='wp-image-1744 avia-img-lazy-loading-not-1744 avia_image ' src=\"https:\/\/cookinox.si\/wp-content\/uploads\/2022\/09\/cookinox-full-service-aproach-3.jpg\" alt='' title=''  height=\"443\" width=\"650\"  itemprop=\"thumbnailUrl\" srcset=\"https:\/\/cookinox.si\/wp-content\/uploads\/2022\/09\/cookinox-full-service-aproach-3.jpg 650w, https:\/\/cookinox.si\/wp-content\/uploads\/2022\/09\/cookinox-full-service-aproach-3-600x409.jpg 600w, https:\/\/cookinox.si\/wp-content\/uploads\/2022\/09\/cookinox-full-service-aproach-3-300x204.jpg 300w\" sizes=\"(max-width: 650px) 100vw, 650px\" \/><\/div><\/div><\/div><\/div>\n<style type=\"text\/css\" data-created_by=\"avia_inline_auto\" id=\"style-css-av-ioq75-b18fb343f74147760ccb0610f5ef0ef0\">\n#top .hr.hr-invisible.av-ioq75-b18fb343f74147760ccb0610f5ef0ef0{\nheight:130px;\n}\n<\/style>\n<div  class='hr av-ioq75-b18fb343f74147760ccb0610f5ef0ef0 hr-invisible  avia-builder-el-21  el_after_av_one_half  el_before_av_one_half '><span class='hr-inner '><span class=\"hr-inner-style\"><\/span><\/span><\/div>\n<div class='flex_column av-f9pyh-c8355117ef65573d1614de41ac7d88c4 av_one_half  avia-builder-el-22  el_after_av_hr  el_before_av_one_half  fsa-image first flex_column_div '     ><style type=\"text\/css\" data-created_by=\"avia_inline_auto\" id=\"style-css-av-l8lfz1wv-f7bd769bfba36dba27e1f440a1e7970d\">\n.avia-image-container.av-l8lfz1wv-f7bd769bfba36dba27e1f440a1e7970d img.avia_image{\nbox-shadow:none;\n}\n.avia-image-container.av-l8lfz1wv-f7bd769bfba36dba27e1f440a1e7970d .av-image-caption-overlay-center{\ncolor:#ffffff;\n}\n<\/style>\n<div  class='avia-image-container av-l8lfz1wv-f7bd769bfba36dba27e1f440a1e7970d av-styling-no-styling avia-align-  avia-builder-el-23  avia-builder-el-no-sibling '   itemprop=\"image\" itemscope=\"itemscope\" itemtype=\"https:\/\/schema.org\/ImageObject\" ><div class=\"avia-image-container-inner\"><div class=\"avia-image-overlay-wrap\"><img decoding=\"async\" class='wp-image-1746 avia-img-lazy-loading-not-1746 avia_image ' src=\"https:\/\/cookinox.si\/wp-content\/uploads\/2022\/09\/cookinox-full-service-aproach-4.jpg\" alt='' title=''  height=\"443\" width=\"650\"  itemprop=\"thumbnailUrl\" srcset=\"https:\/\/cookinox.si\/wp-content\/uploads\/2022\/09\/cookinox-full-service-aproach-4.jpg 650w, https:\/\/cookinox.si\/wp-content\/uploads\/2022\/09\/cookinox-full-service-aproach-4-600x409.jpg 600w, https:\/\/cookinox.si\/wp-content\/uploads\/2022\/09\/cookinox-full-service-aproach-4-300x204.jpg 300w\" sizes=\"(max-width: 650px) 100vw, 650px\" \/><\/div><\/div><\/div><\/div><div class='flex_column av-7ii9d-12d2b8a889db767cfe8db193e471ed2e av_one_half  avia-builder-el-24  el_after_av_one_half  el_before_av_one_full  fsa-text flex_column_div '     ><section  class='av_textblock_section av-l8lfz6fm-15c83619ce47954ce9da8a6bc89ce8d3'  itemscope=\"itemscope\" itemtype=\"https:\/\/schema.org\/CreativeWork\" ><div class='avia_textblock'  itemprop=\"text\" ><p>Po predaji klju\u010da poskrbimo za Vas z rednimi in preventivnimi servisi ter vam takoj prisko\u010dimo na pomo\u010d v primeru okvar, redno vas oskrbujemo s potro\u0161nim materialom in \u010distili za vse naprave ter \u010di\u0161\u010denjem dobavljene opreme.<\/p>\n<p>\u010ce nam prepustite, da uredimo vse potrebno za pravo\u010dasen zagon va\u0161e nove kuhinje, imate \u010das, da se posvetite svojemu konceptu, ekipi, posodi in vsem ostalim nalogam, ki jih imate pri gradnji ali prenovi restavracije.<\/p>\n<p>Verjamemo, da smo zaupanja vreden partner pri ustvarjanju kulinari\u010dne izku\u0161nje, ki si jo bodo va\u0161i gostje \u0161e dolgo zapomnili, hkrati pa se bodo z veseljem vra\u010dali. Tako kot \u017eelimo, da se va\u0161a ekipa z veseljem vra\u010da k delu v kuhinji, ki jo ustvarjamo z vami.<\/p>\n<\/div><\/section><\/div><div class='flex_column av-aecij-af1d2bc0072417a1e5ba1b02d6ca9a79 av_one_full  avia-builder-el-26  el_after_av_one_half  avia-builder-el-last  first flex_column_div column-top-margin'     ><section  class='av_textblock_section av-l7ackcvc-e130348db7114728ef705499f5da3de6'  itemscope=\"itemscope\" itemtype=\"https:\/\/schema.org\/CreativeWork\" ><div class='avia_textblock'  itemprop=\"text\" ><p class=\"movie-link\"><a href=\"https:\/\/www.youtube.com\/watch?v=CmcEPLh4VmM\"><span class=\"\">Predstavitveni VIDEO<\/span> <span class=\"\"><img decoding=\"async\" src=\"\/wp-content\/uploads\/2022\/08\/left-arrow.png\" \/><\/span><\/a><\/p>\n<\/div><\/section><\/div>\n","protected":false},"excerpt":{"rendered":"","protected":false},"author":1,"featured_media":0,"parent":0,"menu_order":0,"comment_status":"closed","ping_status":"closed","template":"","meta":{"footnotes":""},"class_list":["post-2125","page","type-page","status-publish","hentry"],"_links":{"self":[{"href":"https:\/\/cookinox.si\/sl\/wp-json\/wp\/v2\/pages\/2125"}],"collection":[{"href":"https:\/\/cookinox.si\/sl\/wp-json\/wp\/v2\/pages"}],"about":[{"href":"https:\/\/cookinox.si\/sl\/wp-json\/wp\/v2\/types\/page"}],"author":[{"embeddable":true,"href":"https:\/\/cookinox.si\/sl\/wp-json\/wp\/v2\/users\/1"}],"replies":[{"embeddable":true,"href":"https:\/\/cookinox.si\/sl\/wp-json\/wp\/v2\/comments?post=2125"}],"version-history":[{"count":17,"href":"https:\/\/cookinox.si\/sl\/wp-json\/wp\/v2\/pages\/2125\/revisions"}],"predecessor-version":[{"id":3813,"href":"https:\/\/cookinox.si\/sl\/wp-json\/wp\/v2\/pages\/2125\/revisions\/3813"}],"wp:attachment":[{"href":"https:\/\/cookinox.si\/sl\/wp-json\/wp\/v2\/media?parent=2125"}],"curies":[{"name":"wp","href":"https:\/\/api.w.org\/{rel}","templated":true}]}}