{"id":2102,"date":"2022-10-01T14:47:10","date_gmt":"2022-10-01T12:47:10","guid":{"rendered":"https:\/\/cookinox.si\/?page_id=2102"},"modified":"2023-04-07T11:57:20","modified_gmt":"2023-04-07T09:57:20","slug":"kvaliteta-izdelave","status":"publish","type":"page","link":"https:\/\/cookinox.si\/sl\/kvaliteta-izdelave\/","title":{"rendered":"Kvaliteta izdelave"},"content":{"rendered":"\n<style type=\"text\/css\" data-created_by=\"avia_inline_auto\" id=\"style-css-av-l7aajiej-2d20a9789deb59dafd96b10a367ba929\">\n.avia-section.av-l7aajiej-2d20a9789deb59dafd96b10a367ba929{\nbackground-repeat:no-repeat;\nbackground-image:url(https:\/\/cookinox.si\/wp-content\/uploads\/2022\/10\/cookinox-quality-management.jpg);\nbackground-position:50% 50%;\nbackground-attachment:scroll;\n}\n<\/style>\n<div id='av_section_1'  class='avia-section av-l7aajiej-2d20a9789deb59dafd96b10a367ba929 main_color avia-section-default avia-no-border-styling  avia-builder-el-0  el_before_av_section  avia-builder-el-first  section-opening avia-bg-style-scroll av-minimum-height av-minimum-height-75  container_wrap fullsize'  data-section-bg-repeat='no-repeat' data-av_minimum_height_pc='75'><div class='container av-section-cont-open' ><main  role=\"main\" itemprop=\"mainContentOfPage\"  class='template-page content  av-content-full alpha units'><div class='post-entry post-entry-type-page post-entry-2102'><div class='entry-content-wrapper clearfix'>\n<div class='flex_column av-2mpow3-fcc5e95e3490ec7dc817c4a7bd14f0db av_one_half  avia-builder-el-1  el_before_av_one_half  avia-builder-el-first  first flex_column_div '     ><section  class='av_textblock_section av-l7aa84kg-f1f48ed0947f2cb042fab0847d03907f'  itemscope=\"itemscope\" itemtype=\"https:\/\/schema.org\/CreativeWork\" ><div class='avia_textblock'  itemprop=\"text\" ><h1>KVALITETA<br \/>\nIZDELAVE<\/h1>\n<\/div><\/section><\/div><div class='flex_column av-2h71nn-7fe78ddeb022171fcc6591b30cf74ca9 av_one_half  avia-builder-el-3  el_after_av_one_half  avia-builder-el-last  flex_column_div '     ><\/div>\n\n<\/div><\/div><\/main><!-- close content main element --><\/div><\/div>\n<style type=\"text\/css\" data-created_by=\"avia_inline_auto\" id=\"style-css-av-l7aa9a8z-42442847d0a42e44b3c70df7e932f130\">\n.avia-section.av-l7aa9a8z-42442847d0a42e44b3c70df7e932f130{\nbackground-repeat:no-repeat;\nbackground-image:url(https:\/\/cookinox.si\/wp-content\/uploads\/2022\/08\/hs-page-bg.jpg);\nbackground-position:50% 0%;\nbackground-attachment:scroll;\n}\n<\/style>\n<div id='av_section_2'  class='avia-section av-l7aa9a8z-42442847d0a42e44b3c70df7e932f130 main_color avia-section-default avia-no-border-styling  avia-builder-el-4  el_after_av_section  avia-builder-el-last  section-content1 quality avia-bg-style-scroll container_wrap fullsize'  data-section-bg-repeat='no-repeat'><div class='container av-section-cont-open' ><div class='template-page content  av-content-full alpha units'><div class='post-entry post-entry-type-page post-entry-2102'><div class='entry-content-wrapper clearfix'>\n<section  class='av_textblock_section av-acxn4-858498b9dc98c181476248437b7188b3'  itemscope=\"itemscope\" itemtype=\"https:\/\/schema.org\/CreativeWork\" ><div class='avia_textblock'  itemprop=\"text\" ><h2>SKRB ZA KAKOVOST<\/h2>\n<p>in njeno nenehno izbolj\u0161evanje sta eno najpomembnej\u0161ih vodil v na\u0161em podjetju.v Skrbimo tako za kakovostno delovanje proizvodnje in izvedbo celotnih projektov kot tudi za varnost zaposlenih, okolja in informacij. To zagotavljamo z integriranim sistemom vodenja.<\/p>\n<\/div><\/section>\n<div id='av-masonry-1' class='av-masonry av-l8q1bww6-dc9886aa3eb0b6fdd24cd5961ba6c5bf noHover av-flex-size av-large-gap av-hover-overlay- av-masonry-animation- av-masonry-col-2 av-caption-always av-caption-style- av-masonry-gallery '><div class=\"av-masonry-container isotope av-js-disabled\"><div class='av-masonry-entry isotope-item av-masonry-item-no-image '><\/div><div id='av-masonry-1-item-1836' data-av-masonry-item='1836' class='av-masonry-entry isotope-item post-1836 attachment type-attachment status-inherit hentry  av-masonry-item-with-image'    itemprop=\"thumbnailUrl\" ><div class='av-inner-masonry-sizer'><\/div><figure class='av-inner-masonry main_color'><div class=\"av-masonry-outerimage-container\"><div class='av-masonry-image-container'   ><img decoding=\"async\" width=\"971\" height=\"653\" class=\"wp-image-1836 avia-img-lazy-loading-not-1836\"  src=\"https:\/\/cookinox.si\/wp-content\/uploads\/2022\/10\/cookinox-quality-management_gallery_1.jpg\" title=\"cookinox-quality-management_gallery_1\" alt=\"\" srcset=\"https:\/\/cookinox.si\/wp-content\/uploads\/2022\/10\/cookinox-quality-management_gallery_1.jpg 971w, https:\/\/cookinox.si\/wp-content\/uploads\/2022\/10\/cookinox-quality-management_gallery_1-600x404.jpg 600w, https:\/\/cookinox.si\/wp-content\/uploads\/2022\/10\/cookinox-quality-management_gallery_1-300x202.jpg 300w, https:\/\/cookinox.si\/wp-content\/uploads\/2022\/10\/cookinox-quality-management_gallery_1-768x516.jpg 768w, https:\/\/cookinox.si\/wp-content\/uploads\/2022\/10\/cookinox-quality-management_gallery_1-705x474.jpg 705w, https:\/\/cookinox.si\/wp-content\/uploads\/2022\/10\/cookinox-quality-management_gallery_1-450x303.jpg 450w\" sizes=\"(max-width: 971px) 100vw, 971px\" \/><\/div><\/div><\/figure><\/div><!--end av-masonry entry--><div id='av-masonry-1-item-1834' data-av-masonry-item='1834' class='av-masonry-entry isotope-item post-1834 attachment type-attachment status-inherit hentry  av-masonry-item-with-image'    itemprop=\"thumbnailUrl\" ><div class='av-inner-masonry-sizer'><\/div><figure class='av-inner-masonry main_color'><div class=\"av-masonry-outerimage-container\"><div class='av-masonry-image-container'   ><img decoding=\"async\" width=\"972\" height=\"653\" class=\"wp-image-1834 avia-img-lazy-loading-not-1834\"  src=\"https:\/\/cookinox.si\/wp-content\/uploads\/2022\/10\/cookinox-quality-management_gallery_2.jpg\" title=\"cookinox-quality-management_gallery_2\" alt=\"\" srcset=\"https:\/\/cookinox.si\/wp-content\/uploads\/2022\/10\/cookinox-quality-management_gallery_2.jpg 972w, https:\/\/cookinox.si\/wp-content\/uploads\/2022\/10\/cookinox-quality-management_gallery_2-600x403.jpg 600w, https:\/\/cookinox.si\/wp-content\/uploads\/2022\/10\/cookinox-quality-management_gallery_2-300x202.jpg 300w, https:\/\/cookinox.si\/wp-content\/uploads\/2022\/10\/cookinox-quality-management_gallery_2-768x516.jpg 768w, https:\/\/cookinox.si\/wp-content\/uploads\/2022\/10\/cookinox-quality-management_gallery_2-705x474.jpg 705w, https:\/\/cookinox.si\/wp-content\/uploads\/2022\/10\/cookinox-quality-management_gallery_2-450x302.jpg 450w\" sizes=\"(max-width: 972px) 100vw, 972px\" \/><\/div><\/div><\/figure><\/div><!--end av-masonry entry--><\/div><\/div>\n<section  class='av_textblock_section av-l8j74y7r-cc4bb944a4b8f229f9cf464a188f9f4f'  itemscope=\"itemscope\" itemtype=\"https:\/\/schema.org\/CreativeWork\" ><div class='avia_textblock'  itemprop=\"text\" ><h2>KONTROLA KAKOVOSTI<\/h2>\n<p>Na\u0161 cilj so kakovostni izdelki in zadovoljne stranke, zato je kontrola kakovosti pomemben del proizvodnega procesa, \u0161e posebej zaradi velike specifi\u010dnosti izdelkov. Zagotavljanje kakovosti poteka v proizvodnem procesu skozi ve\u010d faz, ki zajemajo: vhodno kontrolo, vmesne kontrole v proizvodnem procesu in kontrolo kon\u010dnega izdelka.<\/p>\n<\/div><\/section>\n<div id='av-masonry-2' class='av-masonry av-l8j7fihe-aca1a28d97617bbe500ade4f56001086 noHover av-flex-size av-large-gap av-hover-overlay- av-masonry-animation- av-masonry-col-2 av-caption-always av-caption-style- av-masonry-gallery '><div class=\"av-masonry-container isotope av-js-disabled\"><div class='av-masonry-entry isotope-item av-masonry-item-no-image '><\/div><div id='av-masonry-2-item-1838' data-av-masonry-item='1838' class='av-masonry-entry isotope-item post-1838 attachment type-attachment status-inherit hentry  av-masonry-item-with-image'    itemprop=\"thumbnailUrl\" ><div class='av-inner-masonry-sizer'><\/div><figure class='av-inner-masonry main_color'><div class=\"av-masonry-outerimage-container\"><div class='av-masonry-image-container'   ><img decoding=\"async\" width=\"971\" height=\"653\" class=\"wp-image-1838 avia-img-lazy-loading-not-1838\"  src=\"https:\/\/cookinox.si\/wp-content\/uploads\/2022\/10\/cookinox-quality-management_gallery_3.jpg\" title=\"cookinox-quality-management_gallery_3\" alt=\"\" srcset=\"https:\/\/cookinox.si\/wp-content\/uploads\/2022\/10\/cookinox-quality-management_gallery_3.jpg 971w, https:\/\/cookinox.si\/wp-content\/uploads\/2022\/10\/cookinox-quality-management_gallery_3-600x404.jpg 600w, https:\/\/cookinox.si\/wp-content\/uploads\/2022\/10\/cookinox-quality-management_gallery_3-300x202.jpg 300w, https:\/\/cookinox.si\/wp-content\/uploads\/2022\/10\/cookinox-quality-management_gallery_3-768x516.jpg 768w, https:\/\/cookinox.si\/wp-content\/uploads\/2022\/10\/cookinox-quality-management_gallery_3-705x474.jpg 705w, https:\/\/cookinox.si\/wp-content\/uploads\/2022\/10\/cookinox-quality-management_gallery_3-450x303.jpg 450w\" sizes=\"(max-width: 971px) 100vw, 971px\" \/><\/div><\/div><\/figure><\/div><!--end av-masonry entry--><div id='av-masonry-2-item-1840' data-av-masonry-item='1840' class='av-masonry-entry isotope-item post-1840 attachment type-attachment status-inherit hentry  av-masonry-item-with-image'    itemprop=\"thumbnailUrl\" ><div class='av-inner-masonry-sizer'><\/div><figure class='av-inner-masonry main_color'><div class=\"av-masonry-outerimage-container\"><div class='av-masonry-image-container'   ><img decoding=\"async\" width=\"972\" height=\"653\" class=\"wp-image-1840 avia-img-lazy-loading-not-1840\"  src=\"https:\/\/cookinox.si\/wp-content\/uploads\/2022\/10\/cookinox-quality-management_gallery_4.jpg\" title=\"cookinox-quality-management_gallery_4\" alt=\"\" srcset=\"https:\/\/cookinox.si\/wp-content\/uploads\/2022\/10\/cookinox-quality-management_gallery_4.jpg 972w, https:\/\/cookinox.si\/wp-content\/uploads\/2022\/10\/cookinox-quality-management_gallery_4-600x403.jpg 600w, https:\/\/cookinox.si\/wp-content\/uploads\/2022\/10\/cookinox-quality-management_gallery_4-300x202.jpg 300w, https:\/\/cookinox.si\/wp-content\/uploads\/2022\/10\/cookinox-quality-management_gallery_4-768x516.jpg 768w, https:\/\/cookinox.si\/wp-content\/uploads\/2022\/10\/cookinox-quality-management_gallery_4-705x474.jpg 705w, https:\/\/cookinox.si\/wp-content\/uploads\/2022\/10\/cookinox-quality-management_gallery_4-450x302.jpg 450w\" sizes=\"(max-width: 972px) 100vw, 972px\" \/><\/div><\/div><\/figure><\/div><!--end av-masonry entry--><\/div><\/div>\n<section  class='av_textblock_section av-l8q1ba2q-d4dc7e67a866893f02c6efefc2d54548'  itemscope=\"itemscope\" itemtype=\"https:\/\/schema.org\/CreativeWork\" ><div class='avia_textblock'  itemprop=\"text\" ><h2>Strokovna usposobljenost<\/h2>\n<p>V proizvodnji delajo visoko usposobljeni zaposleni s pridobljenimi certifikati iz razli\u010dnih podro\u010dij. Projektanti in konstrukterji procesnih sistemov in opreme pri svojem delu uporabljajo 3D modelirnike in so strokovnjaki za na\u010drtovanje profesionalne gostinske opreme. Usposobljeni so za pripravo tehni\u010dne dokumentacije za proizvodnjo nevtralne, hladilne in toplotne opreme.<\/p>\n<p>Ekipo za avtomatizacijo procesov sestavljajo in\u017eenirji z dolgoletnimi izku\u0161njami na podro\u010dju vodenja procesov, s poznavanjem razli\u010dnih programskih orodij in IT tehnologij za vodenje procesov. Obvladajo tudi podro\u010dja ustreznih predpisov, priporo\u010dil in standardov.<\/p>\n<\/div><\/section>\n<div id='av-masonry-3' class='av-masonry av-l8q1cpmc-6fd1594d4acdacf3f07c696dc706f346 noHover av-flex-size av-large-gap av-hover-overlay- av-masonry-animation- av-masonry-col-2 av-caption-always av-caption-style- av-masonry-gallery '><div class=\"av-masonry-container isotope av-js-disabled\"><div class='av-masonry-entry isotope-item av-masonry-item-no-image '><\/div><div id='av-masonry-3-item-1842' data-av-masonry-item='1842' class='av-masonry-entry isotope-item post-1842 attachment type-attachment status-inherit hentry  av-masonry-item-with-image'    itemprop=\"thumbnailUrl\" ><div class='av-inner-masonry-sizer'><\/div><figure class='av-inner-masonry main_color'><div class=\"av-masonry-outerimage-container\"><div class='av-masonry-image-container'   ><img decoding=\"async\" width=\"975\" height=\"653\" class=\"wp-image-1842 avia-img-lazy-loading-not-1842\"  src=\"https:\/\/cookinox.si\/wp-content\/uploads\/2022\/10\/cookinox-quality-management_gallery_5.jpg\" title=\"cookinox-quality-management_gallery_5\" alt=\"\" srcset=\"https:\/\/cookinox.si\/wp-content\/uploads\/2022\/10\/cookinox-quality-management_gallery_5.jpg 975w, https:\/\/cookinox.si\/wp-content\/uploads\/2022\/10\/cookinox-quality-management_gallery_5-600x402.jpg 600w, https:\/\/cookinox.si\/wp-content\/uploads\/2022\/10\/cookinox-quality-management_gallery_5-300x201.jpg 300w, https:\/\/cookinox.si\/wp-content\/uploads\/2022\/10\/cookinox-quality-management_gallery_5-768x514.jpg 768w, https:\/\/cookinox.si\/wp-content\/uploads\/2022\/10\/cookinox-quality-management_gallery_5-705x472.jpg 705w, https:\/\/cookinox.si\/wp-content\/uploads\/2022\/10\/cookinox-quality-management_gallery_5-450x301.jpg 450w\" sizes=\"(max-width: 975px) 100vw, 975px\" \/><\/div><\/div><\/figure><\/div><!--end av-masonry entry--><div id='av-masonry-3-item-1844' data-av-masonry-item='1844' class='av-masonry-entry isotope-item post-1844 attachment type-attachment status-inherit hentry  av-masonry-item-with-image'    itemprop=\"thumbnailUrl\" ><div class='av-inner-masonry-sizer'><\/div><figure class='av-inner-masonry main_color'><div class=\"av-masonry-outerimage-container\"><div class='av-masonry-image-container'   ><img decoding=\"async\" width=\"972\" height=\"653\" class=\"wp-image-1844 avia-img-lazy-loading-not-1844\"  src=\"https:\/\/cookinox.si\/wp-content\/uploads\/2022\/10\/cookinox-quality-management_gallery_6.jpg\" title=\"cookinox-quality-management_gallery_6\" alt=\"\" srcset=\"https:\/\/cookinox.si\/wp-content\/uploads\/2022\/10\/cookinox-quality-management_gallery_6.jpg 972w, https:\/\/cookinox.si\/wp-content\/uploads\/2022\/10\/cookinox-quality-management_gallery_6-600x403.jpg 600w, https:\/\/cookinox.si\/wp-content\/uploads\/2022\/10\/cookinox-quality-management_gallery_6-300x202.jpg 300w, https:\/\/cookinox.si\/wp-content\/uploads\/2022\/10\/cookinox-quality-management_gallery_6-768x516.jpg 768w, https:\/\/cookinox.si\/wp-content\/uploads\/2022\/10\/cookinox-quality-management_gallery_6-705x474.jpg 705w, https:\/\/cookinox.si\/wp-content\/uploads\/2022\/10\/cookinox-quality-management_gallery_6-450x302.jpg 450w\" sizes=\"(max-width: 972px) 100vw, 972px\" \/><\/div><\/div><\/figure><\/div><!--end av-masonry entry--><\/div><\/div>\n\n<style type=\"text\/css\" data-created_by=\"avia_inline_auto\" id=\"style-css-av-l8j76sg3-0f5122e0c87b6f02dd8b8b99bf9e355e\">\n#top .hr.hr-invisible.av-l8j76sg3-0f5122e0c87b6f02dd8b8b99bf9e355e{\nheight:50px;\n}\n<\/style>\n<div  class='hr av-l8j76sg3-0f5122e0c87b6f02dd8b8b99bf9e355e hr-invisible  avia-builder-el-11  el_after_av_masonry_gallery  el_before_av_one_full  avia-builder-el-first '><span class='hr-inner '><span class=\"hr-inner-style\"><\/span><\/span><\/div>\n<div class='flex_column av-aecij-af1d2bc0072417a1e5ba1b02d6ca9a79 av_one_full  avia-builder-el-12  el_after_av_hr  avia-builder-el-last  first flex_column_div '     ><section  class='av_textblock_section av-l7ackcvc-e130348db7114728ef705499f5da3de6'  itemscope=\"itemscope\" itemtype=\"https:\/\/schema.org\/CreativeWork\" ><div class='avia_textblock'  itemprop=\"text\" ><p class=\"movie-link\"><a href=\"https:\/\/www.youtube.com\/watch?v=CmcEPLh4VmM\"><span class=\"\">Predstavitveni VIDEO<\/span> <span class=\"\"><img decoding=\"async\" src=\"\/wp-content\/uploads\/2022\/08\/left-arrow.png\" \/><\/span><\/a><\/p>\n<\/div><\/section><\/div>\n","protected":false},"excerpt":{"rendered":"","protected":false},"author":1,"featured_media":0,"parent":0,"menu_order":0,"comment_status":"closed","ping_status":"closed","template":"","meta":{"footnotes":""},"class_list":["post-2102","page","type-page","status-publish","hentry"],"_links":{"self":[{"href":"https:\/\/cookinox.si\/sl\/wp-json\/wp\/v2\/pages\/2102"}],"collection":[{"href":"https:\/\/cookinox.si\/sl\/wp-json\/wp\/v2\/pages"}],"about":[{"href":"https:\/\/cookinox.si\/sl\/wp-json\/wp\/v2\/types\/page"}],"author":[{"embeddable":true,"href":"https:\/\/cookinox.si\/sl\/wp-json\/wp\/v2\/users\/1"}],"replies":[{"embeddable":true,"href":"https:\/\/cookinox.si\/sl\/wp-json\/wp\/v2\/comments?post=2102"}],"version-history":[{"count":6,"href":"https:\/\/cookinox.si\/sl\/wp-json\/wp\/v2\/pages\/2102\/revisions"}],"predecessor-version":[{"id":3027,"href":"https:\/\/cookinox.si\/sl\/wp-json\/wp\/v2\/pages\/2102\/revisions\/3027"}],"wp:attachment":[{"href":"https:\/\/cookinox.si\/sl\/wp-json\/wp\/v2\/media?parent=2102"}],"curies":[{"name":"wp","href":"https:\/\/api.w.org\/{rel}","templated":true}]}}