{"id":2090,"date":"2022-08-26T09:44:09","date_gmt":"2022-08-26T07:44:09","guid":{"rendered":"https:\/\/cookinox.si\/?page_id=2090"},"modified":"2026-03-10T16:34:34","modified_gmt":"2026-03-10T15:34:34","slug":"kdo-smo","status":"publish","type":"page","link":"https:\/\/cookinox.si\/sl\/kdo-smo\/","title":{"rendered":"Kdo smo"},"content":{"rendered":"\n<style type=\"text\/css\" data-created_by=\"avia_inline_auto\" id=\"style-css-av-l7aajiej-79efa7e16a27499d7b981f60f4f0b4dc\">\n.avia-section.av-l7aajiej-79efa7e16a27499d7b981f60f4f0b4dc{\nbackground-repeat:no-repeat;\nbackground-image:url(https:\/\/cookinox.si\/wp-content\/uploads\/2022\/08\/cookinox-company-bg.jpg);\nbackground-position:50% 50%;\nbackground-attachment:scroll;\n}\n<\/style>\n<div id='av_section_1'  class='avia-section av-l7aajiej-79efa7e16a27499d7b981f60f4f0b4dc main_color avia-section-default avia-no-border-styling  avia-builder-el-0  el_before_av_section  avia-builder-el-first  section-opening avia-bg-style-scroll av-minimum-height av-minimum-height-75  container_wrap fullsize'  data-section-bg-repeat='no-repeat' data-av_minimum_height_pc='75'><div class='container av-section-cont-open' ><main  role=\"main\" itemprop=\"mainContentOfPage\"  class='template-page content  av-content-full alpha units'><div class='post-entry post-entry-type-page post-entry-2090'><div class='entry-content-wrapper clearfix'>\n<div class='flex_column av-2mpow3-fcc5e95e3490ec7dc817c4a7bd14f0db av_one_half  avia-builder-el-1  el_before_av_one_half  avia-builder-el-first  first flex_column_div '     ><section  class='av_textblock_section av-l7aa84kg-f1f48ed0947f2cb042fab0847d03907f'  itemscope=\"itemscope\" itemtype=\"https:\/\/schema.org\/CreativeWork\" ><div class='avia_textblock'  itemprop=\"text\" ><h1>PODJETJE<br \/>\nCOOKINOX<\/h1>\n<\/div><\/section><\/div><div class='flex_column av-2h71nn-7fe78ddeb022171fcc6591b30cf74ca9 av_one_half  avia-builder-el-3  el_after_av_one_half  avia-builder-el-last  flex_column_div '     ><\/div>\n\n<\/div><\/div><\/main><!-- close content main element --><\/div><\/div>\n<style type=\"text\/css\" data-created_by=\"avia_inline_auto\" id=\"style-css-av-l7aa9a8z-dfac0d5fe2f382d151a553c6545ac342\">\n.avia-section.av-l7aa9a8z-dfac0d5fe2f382d151a553c6545ac342{\nbackground-repeat:no-repeat;\nbackground-image:url(https:\/\/cookinox.si\/wp-content\/uploads\/2022\/08\/hs-page-bg.jpg);\nbackground-position:50% 0%;\nbackground-attachment:scroll;\n}\n<\/style>\n<div id='av_section_2'  class='avia-section av-l7aa9a8z-dfac0d5fe2f382d151a553c6545ac342 main_color avia-section-default avia-no-border-styling  avia-builder-el-5  el_after_av_section  avia-builder-el-last  section-team avia-bg-style-scroll container_wrap fullsize'  data-section-bg-repeat='no-repeat'><div class='container av-section-cont-open' ><div class='template-page content  av-content-full alpha units'><div class='post-entry post-entry-type-page post-entry-2090'><div class='entry-content-wrapper clearfix'>\n<section  class='av_textblock_section av-l7aaair4-bd5ce5c4c14b991da9b47e0c5464b3ef'  itemscope=\"itemscope\" itemtype=\"https:\/\/schema.org\/CreativeWork\" ><div class='avia_textblock'  itemprop=\"text\" ><h2>O NA\u0160EM PODJETJU<\/h2>\n<p><strong>Your needs are our demand nothing is impossible<\/strong><\/p>\n<p>Za razvoj in obstoj podjetja danes skrbi \u017ee tretja generacija. \u017de ve\u010d kot 50 let se v podjetju Cookinox ukvarjamo s proizvodnjo opreme najrazli\u010dnej\u0161ih prostorov za pripravo ter stre\u017ebo hrane in pija\u010d. Na\u0161e reference so nekatere najve\u010dje hotelske verige, kot tudi luksuzne restavracije in nekateri mednarodnimi resorti. Proizvodi podjetja so namenjeni tako privatnemu kot tudi javnemu sektorju. Tudi v barih in kantinah, kavarnah in vinskih kleteh, trgovinah ali mesnicah kakor tudi v zdravstvenih ustavnovah je na\u0161 proizvodi program nepogre\u0161ljiv del opreme.<\/p>\n<p><img loading=\"lazy\" decoding=\"async\" class=\"aligncenter size-full wp-image-565\" src=\"https:\/\/cookinox.si\/wp-content\/uploads\/2022\/08\/cookinox-company.jpg\" alt=\"\" width=\"655\" height=\"435\" srcset=\"https:\/\/cookinox.si\/wp-content\/uploads\/2022\/08\/cookinox-company.jpg 655w, https:\/\/cookinox.si\/wp-content\/uploads\/2022\/08\/cookinox-company-600x398.jpg 600w, https:\/\/cookinox.si\/wp-content\/uploads\/2022\/08\/cookinox-company-300x199.jpg 300w\" sizes=\"(max-width: 655px) 100vw, 655px\" \/><\/p>\n<\/div><\/section>\n\n<style type=\"text\/css\" data-created_by=\"avia_inline_auto\" id=\"style-css-av-l7abt1cz-95e344ab06dec66abd462e7c843a0379\">\n#top .hr.hr-invisible.av-l7abt1cz-95e344ab06dec66abd462e7c843a0379{\nheight:100px;\n}\n<\/style>\n<div  class='hr av-l7abt1cz-95e344ab06dec66abd462e7c843a0379 hr-invisible  avia-builder-el-7  el_after_av_textblock  el_before_av_textblock '><span class='hr-inner '><span class=\"hr-inner-style\"><\/span><\/span><\/div>\n<section  class='av_textblock_section av-l8q0hxo2-9e18e1e26be23f395ebf8e7c3d85b9fe'  itemscope=\"itemscope\" itemtype=\"https:\/\/schema.org\/CreativeWork\" ><div class='avia_textblock'  itemprop=\"text\" ><h2>Z na\u0161o vizijo in vrednotami<br \/>\nuspe\u0161no vstopamo na tuje trge<\/h2>\n<p>V Cookinoxu si prizadevamo pridobiti vrhunski polo\u017eaj na trgu, saj z na\u0161imi izdelki ponujamo re\u0161itve najvi\u0161je kakovosti. Kot ekipa se maksimalno posve\u010damo na\u0161im kupcem, timskemu delu, poleg tega pa se od drugih razlikujemo po tem, da je na\u0161e poslovanje zelo enostavno in varno, kar se odra\u017ea na vseh nivojih sodelovanja:\u00a0 pri prodaji, razvoju, dobavi in podpori.<\/p>\n<\/div><\/section>\n\n<style type=\"text\/css\" data-created_by=\"avia_inline_auto\" id=\"style-css-av-l8q0o5eq-1a4a05c08004a757e3a48c28ed8b891d\">\n#top .hr.hr-invisible.av-l8q0o5eq-1a4a05c08004a757e3a48c28ed8b891d{\nheight:100px;\n}\n<\/style>\n<div  class='hr av-l8q0o5eq-1a4a05c08004a757e3a48c28ed8b891d hr-invisible  avia-builder-el-9  el_after_av_textblock  el_before_av_textblock '><span class='hr-inner '><span class=\"hr-inner-style\"><\/span><\/span><\/div>\n<section  class='av_textblock_section av-l8q0ibuo-2c2491360cfb483f49d838e986c10cbd'  itemscope=\"itemscope\" itemtype=\"https:\/\/schema.org\/CreativeWork\" ><div class='avia_textblock'  itemprop=\"text\" ><h2>KONTAKTI<\/h2>\n<p><strong>V kolikor Vas zanimajo na\u0161i izdelki, pokli\u010dite ali po\u0161ljite e-po\u0161to in z veseljem se bom odzvali.<\/strong><\/p>\n<\/div><\/section>\n<div class='flex_column av-27d4wz-b1c5b4fecb481f098149ed6bc07c5f3b av_one_fourth  avia-builder-el-11  el_after_av_textblock  el_before_av_one_fourth  first flex_column_div column-top-margin'     ><section  class='avia-team-member av-l7abcfnr-b2775442b4e8dc623f4a1b489dcc15e4  avia-builder-el-12  avia-builder-el-no-sibling '  itemscope=\"itemscope\" itemtype=\"https:\/\/schema.org\/Person\" ><div class=\"team-img-container\"><img decoding=\"async\" class='wp-image-4114 avia-img-lazy-loading-not-4114 avia_image avia_image_team av-team-img-original' src=\"https:\/\/cookinox.si\/wp-content\/uploads\/2025\/09\/Damjan-Mohoric-cookinox-direktor.jpg\" alt='Damjan Mohori\u010d'  itemprop=\"image\"   height=\"646\" width=\"516\" srcset=\"https:\/\/cookinox.si\/wp-content\/uploads\/2025\/09\/Damjan-Mohoric-cookinox-direktor.jpg 516w, https:\/\/cookinox.si\/wp-content\/uploads\/2025\/09\/Damjan-Mohoric-cookinox-direktor-240x300.jpg 240w, https:\/\/cookinox.si\/wp-content\/uploads\/2025\/09\/Damjan-Mohoric-cookinox-direktor-450x563.jpg 450w\" sizes=\"(max-width: 516px) 100vw, 516px\" \/><\/div><h3 class='team-member-name '  itemprop=\"name\" >Damjan Mohori\u010d<\/h3><div class='team-member-job-title '  itemprop=\"jobTitle\" >DIREKTOR<\/div><div class='team-member-description '  itemprop=\"description\" ><p><span class=\"phone\">+386 1 786 13 13<\/span><br \/>\n<span class=\"email\">damjan.mohoric@cookinox.si<\/span><\/p>\n<\/div><span class='hidden team-member-affiliation'  itemprop=\"affiliation\" >Cookinox<\/span><\/section><\/div><div class='flex_column av-ry2sr-d7d59458c7fb21a75cb9c220b1a0ab19 av_one_fourth  avia-builder-el-13  el_after_av_one_fourth  el_before_av_one_fourth  flex_column_div column-top-margin'     ><style type=\"text\/css\" data-created_by=\"avia_inline_auto\" id=\"style-css-av-l7abr0yo-47cffaba5c6c3f5d19a257d6dbcd716c\">\n.avia-team-member.av-l7abr0yo-47cffaba5c6c3f5d19a257d6dbcd716c .team-img-container img{\nborder-style:none;\n}\n<\/style>\n<section  class='avia-team-member av-l7abr0yo-47cffaba5c6c3f5d19a257d6dbcd716c  avia-builder-el-14  avia-builder-el-no-sibling '  itemscope=\"itemscope\" itemtype=\"https:\/\/schema.org\/Person\" ><div class=\"team-img-container\"><img decoding=\"async\" class='wp-image-1662 avia-img-lazy-loading-not-1662 avia_image avia_image_team' src=\"https:\/\/cookinox.si\/wp-content\/uploads\/2022\/08\/David-Gliha.jpg\" alt='David Gliha'  itemprop=\"image\"   height=\"720\" width=\"574\" srcset=\"https:\/\/cookinox.si\/wp-content\/uploads\/2022\/08\/David-Gliha.jpg 574w, https:\/\/cookinox.si\/wp-content\/uploads\/2022\/08\/David-Gliha-239x300.jpg 239w, https:\/\/cookinox.si\/wp-content\/uploads\/2022\/08\/David-Gliha-562x705.jpg 562w\" sizes=\"(max-width: 574px) 100vw, 574px\" \/><\/div><h3 class='team-member-name '  itemprop=\"name\" >David Gliha<\/h3><div class='team-member-job-title '  itemprop=\"jobTitle\" >VODJA PROIZVODNJE<\/div><div class='team-member-description '  itemprop=\"description\" ><p><span class=\"phone\">+386 1 786 13 13<\/span><br \/>\n<span class=\"email\">david.gliha@cookinox.si<\/span><\/p>\n<\/div><span class='hidden team-member-affiliation'  itemprop=\"affiliation\" >Cookinox<\/span><\/section><\/div><div class='flex_column av-1phguj-98d8eee9b595e9f3d5cbd6d37e85eb0d av_one_fourth  avia-builder-el-15  el_after_av_one_fourth  el_before_av_one_fourth  flex_column_div column-top-margin'     ><style type=\"text\/css\" data-created_by=\"avia_inline_auto\" id=\"style-css-av-l7abb63y-3bc1b776b045ab66d236d45cfd033976\">\n.avia-team-member.av-l7abb63y-3bc1b776b045ab66d236d45cfd033976 .team-img-container img{\nborder-style:none;\n}\n<\/style>\n<section  class='avia-team-member av-l7abb63y-3bc1b776b045ab66d236d45cfd033976  avia-builder-el-16  avia-builder-el-no-sibling '  itemscope=\"itemscope\" itemtype=\"https:\/\/schema.org\/Person\" ><div class=\"team-img-container\"><img decoding=\"async\" class='wp-image-1934 avia-img-lazy-loading-not-1934 avia_image avia_image_team' src=\"https:\/\/cookinox.si\/wp-content\/uploads\/2022\/10\/Simon-Novak.jpg\" alt='Simon Novak'  itemprop=\"image\"   height=\"720\" width=\"574\" srcset=\"https:\/\/cookinox.si\/wp-content\/uploads\/2022\/10\/Simon-Novak.jpg 574w, https:\/\/cookinox.si\/wp-content\/uploads\/2022\/10\/Simon-Novak-239x300.jpg 239w, https:\/\/cookinox.si\/wp-content\/uploads\/2022\/10\/Simon-Novak-562x705.jpg 562w, https:\/\/cookinox.si\/wp-content\/uploads\/2022\/10\/Simon-Novak-450x564.jpg 450w\" sizes=\"(max-width: 574px) 100vw, 574px\" \/><\/div><h3 class='team-member-name '  itemprop=\"name\" >Simon Novak<\/h3><div class='team-member-job-title '  itemprop=\"jobTitle\" >VODJA TEHNI\u010cNEGA ODDELKA<\/div><div class='team-member-description '  itemprop=\"description\" ><p><span class=\"phone\">+386 1 786 13 13<\/span><br \/>\n<span class=\"email\">simon.novak@cookinox.si<\/span><\/p>\n<\/div><span class='hidden team-member-affiliation'  itemprop=\"affiliation\" >Cookinox<\/span><\/section><\/div><div class='flex_column av-1h9g7n-ac4dcfa36da418e80b240d9b99324d03 av_one_fourth  avia-builder-el-17  el_after_av_one_fourth  el_before_av_one_fourth  flex_column_div column-top-margin'     ><style type=\"text\/css\" data-created_by=\"avia_inline_auto\" id=\"style-css-av-l7abolyj-8dd2385bb383c9a51d1aafa5100820b0\">\n.avia-team-member.av-l7abolyj-8dd2385bb383c9a51d1aafa5100820b0 .team-img-container img{\nborder-style:none;\n}\n<\/style>\n<section  class='avia-team-member av-l7abolyj-8dd2385bb383c9a51d1aafa5100820b0  avia-builder-el-18  avia-builder-el-no-sibling '  itemscope=\"itemscope\" itemtype=\"https:\/\/schema.org\/Person\" ><div class=\"team-img-container\"><img decoding=\"async\" class='wp-image-1652 avia-img-lazy-loading-not-1652 avia_image avia_image_team' src=\"https:\/\/cookinox.si\/wp-content\/uploads\/2022\/08\/Franci-Povsic.jpg\" alt='Franci Pov\u0161i\u010d'  itemprop=\"image\"   height=\"720\" width=\"574\" srcset=\"https:\/\/cookinox.si\/wp-content\/uploads\/2022\/08\/Franci-Povsic.jpg 574w, https:\/\/cookinox.si\/wp-content\/uploads\/2022\/08\/Franci-Povsic-239x300.jpg 239w, https:\/\/cookinox.si\/wp-content\/uploads\/2022\/08\/Franci-Povsic-562x705.jpg 562w\" sizes=\"(max-width: 574px) 100vw, 574px\" \/><\/div><h3 class='team-member-name '  itemprop=\"name\" >Franci Pov\u0161i\u010d<\/h3><div class='team-member-job-title '  itemprop=\"jobTitle\" >VODJA KLJU\u010cNIH KUPCEV<\/div><div class='team-member-description '  itemprop=\"description\" ><p><span class=\"phone\">+386 1 828 05 06<\/span><br \/>\n<span class=\"mobile\">+386 41 612 225<\/span><br \/>\n<span class=\"email\">franci.povsic@cookinox.si<\/span><\/p>\n<\/div><span class='hidden team-member-affiliation'  itemprop=\"affiliation\" >Cookinox<\/span><\/section><\/div><div class='flex_column av-xpie3-be403ef13110f94dead1f20dc9d759c0 av_one_fourth  avia-builder-el-19  el_after_av_one_fourth  el_before_av_one_fourth  first flex_column_div column-top-margin'     ><style type=\"text\/css\" data-created_by=\"avia_inline_auto\" id=\"style-css-av-l7abqguk-81b01992e3d0703e789c61cbec24cc13\">\n.avia-team-member.av-l7abqguk-81b01992e3d0703e789c61cbec24cc13 .team-img-container img{\nborder-style:none;\n}\n<\/style>\n<section  class='avia-team-member av-l7abqguk-81b01992e3d0703e789c61cbec24cc13  avia-builder-el-20  avia-builder-el-no-sibling '  itemscope=\"itemscope\" itemtype=\"https:\/\/schema.org\/Person\" ><div class=\"team-img-container\"><img decoding=\"async\" class='wp-image-3959 avia-img-lazy-loading-not-3959 avia_image avia_image_team' src=\"https:\/\/cookinox.si\/wp-content\/uploads\/2024\/04\/mirko-juvan.jpg\" alt='Mirko Juvan'  itemprop=\"image\"   height=\"720\" width=\"574\" srcset=\"https:\/\/cookinox.si\/wp-content\/uploads\/2024\/04\/mirko-juvan.jpg 574w, https:\/\/cookinox.si\/wp-content\/uploads\/2024\/04\/mirko-juvan-239x300.jpg 239w, https:\/\/cookinox.si\/wp-content\/uploads\/2024\/04\/mirko-juvan-562x705.jpg 562w, https:\/\/cookinox.si\/wp-content\/uploads\/2024\/04\/mirko-juvan-450x564.jpg 450w\" sizes=\"(max-width: 574px) 100vw, 574px\" \/><\/div><h3 class='team-member-name '  itemprop=\"name\" >Mirko Juvan<\/h3><div class='team-member-job-title '  itemprop=\"jobTitle\" >VODJA KLJU\u010cNIH KUPCEV<\/div><div class='team-member-description '  itemprop=\"description\" ><p><span class=\"phone\">+386 1 828 05 26<\/span><br \/>\n<span class=\"mobile\">+386 30 343 902<\/span><br \/>\n<span class=\"email\">mirko.juvan@cookinox.si<\/span><\/p>\n<\/div><span class='hidden team-member-affiliation'  itemprop=\"affiliation\" >Cookinox<\/span><\/section><\/div><div class='flex_column av-12jnoj-e1a583749a0982f51ad6cc284734a8cf av_one_fourth  avia-builder-el-21  el_after_av_one_fourth  el_before_av_one_fourth  flex_column_div column-top-margin'     ><style type=\"text\/css\" data-created_by=\"avia_inline_auto\" id=\"style-css-av-l7abpihb-6e051b294c809c3d088d6770080d0445\">\n.avia-team-member.av-l7abpihb-6e051b294c809c3d088d6770080d0445 .team-img-container img{\nborder-style:none;\n}\n<\/style>\n<section  class='avia-team-member av-l7abpihb-6e051b294c809c3d088d6770080d0445  avia-builder-el-22  avia-builder-el-no-sibling '  itemscope=\"itemscope\" itemtype=\"https:\/\/schema.org\/Person\" ><div class=\"team-img-container\"><img decoding=\"async\" class='wp-image-4043 avia-img-lazy-loading-not-4043 avia_image avia_image_team' src=\"https:\/\/cookinox.si\/wp-content\/uploads\/2024\/09\/Jernej-Gvardjancic.webp\" alt='Jernej Gvardjan\u010di\u010d'  itemprop=\"image\"   height=\"720\" width=\"574\" srcset=\"https:\/\/cookinox.si\/wp-content\/uploads\/2024\/09\/Jernej-Gvardjancic.webp 574w, https:\/\/cookinox.si\/wp-content\/uploads\/2024\/09\/Jernej-Gvardjancic-239x300.webp 239w, https:\/\/cookinox.si\/wp-content\/uploads\/2024\/09\/Jernej-Gvardjancic-562x705.webp 562w, https:\/\/cookinox.si\/wp-content\/uploads\/2024\/09\/Jernej-Gvardjancic-450x564.webp 450w\" sizes=\"(max-width: 574px) 100vw, 574px\" \/><\/div><h3 class='team-member-name '  itemprop=\"name\" >Jernej Gvardjan\u010di\u010d<\/h3><div class='team-member-job-title '  itemprop=\"jobTitle\" >VODJA KLJU\u010cNIH KUPCEV<\/div><div class='team-member-description '  itemprop=\"description\" ><p><span class=\"phone\">+386 1 828 05 25 <\/span><br \/>\n<span class=\"mobile\">+386 30 343 900<\/span><br \/>\n<span class=\"email\">jernej.gvardjancic@cookinox.si<\/span><\/p>\n<\/div><span class='hidden team-member-affiliation'  itemprop=\"affiliation\" >Cookinox<\/span><\/section><\/div><div class='flex_column av-1jmfmj-89627d2a1545eaff74b8b257655e6738 av_one_fourth  avia-builder-el-23  el_after_av_one_fourth  el_before_av_one_fourth  flex_column_div column-top-margin'     ><style type=\"text\/css\" data-created_by=\"avia_inline_auto\" id=\"style-css-av-l7abn3g3-a4cb9c44d37f99e30ee655773c1cd1a6\">\n.avia-team-member.av-l7abn3g3-a4cb9c44d37f99e30ee655773c1cd1a6 .team-img-container img{\nborder-style:none;\n}\n<\/style>\n<section  class='avia-team-member av-l7abn3g3-a4cb9c44d37f99e30ee655773c1cd1a6  avia-builder-el-24  avia-builder-el-no-sibling '  itemscope=\"itemscope\" itemtype=\"https:\/\/schema.org\/Person\" ><div class=\"team-img-container\"><img decoding=\"async\" class='wp-image-1656 avia-img-lazy-loading-not-1656 avia_image avia_image_team' src=\"https:\/\/cookinox.si\/wp-content\/uploads\/2022\/08\/Rok-Skrjanec.jpg\" alt='Rok \u0160krjanec'  itemprop=\"image\"   height=\"720\" width=\"574\" srcset=\"https:\/\/cookinox.si\/wp-content\/uploads\/2022\/08\/Rok-Skrjanec.jpg 574w, https:\/\/cookinox.si\/wp-content\/uploads\/2022\/08\/Rok-Skrjanec-239x300.jpg 239w, https:\/\/cookinox.si\/wp-content\/uploads\/2022\/08\/Rok-Skrjanec-562x705.jpg 562w\" sizes=\"(max-width: 574px) 100vw, 574px\" \/><\/div><h3 class='team-member-name '  itemprop=\"name\" >Rok \u0160krjanec<\/h3><div class='team-member-job-title '  itemprop=\"jobTitle\" >Projektni vodja<\/div><div class='team-member-description '  itemprop=\"description\" ><p><span class=\"phone\">+386 1 828 05 14<\/span><br \/>\n<span class=\"mobile\">+386 41 492 048<\/span><br \/>\n<span class=\"email\">rok.skrjanec@cookinox.si<\/span><\/p>\n<\/div><span class='hidden team-member-affiliation'  itemprop=\"affiliation\" >Cookinox<\/span><\/section><\/div><div class='flex_column av-av_one_fourth-f1c518e9ff58e869f80c8f093487abc9 av_one_fourth  avia-builder-el-25  el_after_av_one_fourth  el_before_av_one_fourth  flex_column_div column-top-margin'     ><style type=\"text\/css\" data-created_by=\"avia_inline_auto\" id=\"style-css-av-lulkt55m-03bda5f3976366309619f6128f528fab\">\n.avia-team-member.av-lulkt55m-03bda5f3976366309619f6128f528fab .team-img-container img{\nborder-style:none;\n}\n<\/style>\n<section  class='avia-team-member av-lulkt55m-03bda5f3976366309619f6128f528fab  avia-builder-el-26  avia-builder-el-no-sibling '  itemscope=\"itemscope\" itemtype=\"https:\/\/schema.org\/Person\" ><div class=\"team-img-container\"><img decoding=\"async\" class='wp-image-3966 avia-img-lazy-loading-not-3966 avia_image avia_image_team' src=\"https:\/\/cookinox.si\/wp-content\/uploads\/2024\/04\/matej-zorc.jpg\" alt='Matej Zorc'  itemprop=\"image\"   height=\"720\" width=\"574\" srcset=\"https:\/\/cookinox.si\/wp-content\/uploads\/2024\/04\/matej-zorc.jpg 574w, https:\/\/cookinox.si\/wp-content\/uploads\/2024\/04\/matej-zorc-239x300.jpg 239w, https:\/\/cookinox.si\/wp-content\/uploads\/2024\/04\/matej-zorc-562x705.jpg 562w, https:\/\/cookinox.si\/wp-content\/uploads\/2024\/04\/matej-zorc-450x564.jpg 450w\" sizes=\"(max-width: 574px) 100vw, 574px\" \/><\/div><h3 class='team-member-name '  itemprop=\"name\" >Matej Zorc<\/h3><div class='team-member-job-title '  itemprop=\"jobTitle\" >Projektni vodja<\/div><div class='team-member-description '  itemprop=\"description\" ><p><span class=\"phone\">+386 1 828 05 20<\/span><br \/>\n<span class=\"mobile\">+386 30 484 646<\/span><br \/>\n<span class=\"email\">matej.zorc@cookinox.si<\/span><\/p>\n<\/div><span class='hidden team-member-affiliation'  itemprop=\"affiliation\" >Cookinox<\/span><\/section><\/div><div class='flex_column av-av_one_fourth-7714eba142aeda1f8b5272a3c372b279 av_one_fourth  avia-builder-el-27  el_after_av_one_fourth  el_before_av_one_fourth  first flex_column_div column-top-margin'     ><style type=\"text\/css\" data-created_by=\"avia_inline_auto\" id=\"style-css-av-mcu8yi7l-0d9c3eeca7102e25d775b7a498e146f7\">\n.avia-team-member.av-mcu8yi7l-0d9c3eeca7102e25d775b7a498e146f7 .team-img-container img{\nborder-style:none;\n}\n<\/style>\n<section  class='avia-team-member av-mcu8yi7l-0d9c3eeca7102e25d775b7a498e146f7  avia-builder-el-28  avia-builder-el-no-sibling '  itemscope=\"itemscope\" itemtype=\"https:\/\/schema.org\/Person\" ><div class=\"team-img-container\"><img decoding=\"async\" class='wp-image-3878 avia-img-lazy-loading-not-3878 avia_image avia_image_team' src=\"https:\/\/cookinox.si\/wp-content\/uploads\/2024\/01\/Nina-Stravs.jpg\" alt='Nina \u0160travs'  itemprop=\"image\"   height=\"720\" width=\"574\" srcset=\"https:\/\/cookinox.si\/wp-content\/uploads\/2024\/01\/Nina-Stravs.jpg 574w, https:\/\/cookinox.si\/wp-content\/uploads\/2024\/01\/Nina-Stravs-239x300.jpg 239w, https:\/\/cookinox.si\/wp-content\/uploads\/2024\/01\/Nina-Stravs-562x705.jpg 562w, https:\/\/cookinox.si\/wp-content\/uploads\/2024\/01\/Nina-Stravs-450x564.jpg 450w\" sizes=\"(max-width: 574px) 100vw, 574px\" \/><\/div><h3 class='team-member-name '  itemprop=\"name\" >Nina \u0160travs<\/h3><div class='team-member-job-title '  itemprop=\"jobTitle\" >Projektni vodja<\/div><div class='team-member-description '  itemprop=\"description\" ><p><span class=\"phone\">+386 1 828 05 13<\/span><br \/>\n<span class=\"mobile\">+386 30 720 599<\/span><br \/>\n<span class=\"email\">nina.stravs@cookinox.si<\/span><\/p>\n<\/div><span class='hidden team-member-affiliation'  itemprop=\"affiliation\" >Cookinox<\/span><\/section><\/div><div class='flex_column av-hpjtn-2764114ca433db3961eebc8336dc1b3e av_one_fourth  avia-builder-el-29  el_after_av_one_fourth  el_before_av_one_fourth  flex_column_div column-top-margin'     ><style type=\"text\/css\" data-created_by=\"avia_inline_auto\" id=\"style-css-av-l7abrura-a65023d2e2929b30b71840040fb7d601\">\n.avia-team-member.av-l7abrura-a65023d2e2929b30b71840040fb7d601 .team-img-container img{\nborder-style:none;\n}\n<\/style>\n<section  class='avia-team-member av-l7abrura-a65023d2e2929b30b71840040fb7d601  avia-builder-el-30  avia-builder-el-no-sibling '  itemscope=\"itemscope\" itemtype=\"https:\/\/schema.org\/Person\" ><div class=\"team-img-container\"><img decoding=\"async\" class='wp-image-4067 avia-img-lazy-loading-not-4067 avia_image avia_image_team' src=\"https:\/\/cookinox.si\/wp-content\/uploads\/2025\/04\/Anze-Gale.jpg\" alt='An\u017ee Gale'  itemprop=\"image\"   height=\"720\" width=\"574\" srcset=\"https:\/\/cookinox.si\/wp-content\/uploads\/2025\/04\/Anze-Gale.jpg 574w, https:\/\/cookinox.si\/wp-content\/uploads\/2025\/04\/Anze-Gale-239x300.jpg 239w, https:\/\/cookinox.si\/wp-content\/uploads\/2025\/04\/Anze-Gale-562x705.jpg 562w, https:\/\/cookinox.si\/wp-content\/uploads\/2025\/04\/Anze-Gale-450x564.jpg 450w\" sizes=\"(max-width: 574px) 100vw, 574px\" \/><\/div><h3 class='team-member-name '  itemprop=\"name\" >An\u017ee Gale<\/h3><div class='team-member-job-title '  itemprop=\"jobTitle\" >Projektni vodja<\/div><div class='team-member-description '  itemprop=\"description\" ><p><span class=\"phone\">+386 1 828 05 29<\/span><br \/>\n<span class=\"mobile\">+386 30 485 555<\/span><br \/>\n<span class=\"email\">anze.gale@cookinox.si<\/span><\/p>\n<\/div><span class='hidden team-member-affiliation'  itemprop=\"affiliation\" >Cookinox<\/span><\/section><\/div><div class='flex_column av-av_one_fourth-f1c518e9ff58e869f80c8f093487abc9 av_one_fourth  avia-builder-el-31  el_after_av_one_fourth  el_before_av_one_fourth  flex_column_div column-top-margin'     ><style type=\"text\/css\" data-created_by=\"avia_inline_auto\" id=\"style-css-av-mb7q0we1-e7ffcb75ed13f3bade2e14dce3cd4ff0\">\n.avia-team-member.av-mb7q0we1-e7ffcb75ed13f3bade2e14dce3cd4ff0 .team-img-container img{\nborder-style:none;\n}\n<\/style>\n<section  class='avia-team-member av-mb7q0we1-e7ffcb75ed13f3bade2e14dce3cd4ff0  avia-builder-el-32  avia-builder-el-no-sibling '  itemscope=\"itemscope\" itemtype=\"https:\/\/schema.org\/Person\" ><div class=\"team-img-container\"><img decoding=\"async\" class='wp-image-4081 avia-img-lazy-loading-not-4081 avia_image avia_image_team' src=\"https:\/\/cookinox.si\/wp-content\/uploads\/2025\/05\/Dajana-Gorcic.jpg\" alt='Dajana Gor\u010di\u010d'  itemprop=\"image\"   height=\"646\" width=\"516\" srcset=\"https:\/\/cookinox.si\/wp-content\/uploads\/2025\/05\/Dajana-Gorcic.jpg 516w, https:\/\/cookinox.si\/wp-content\/uploads\/2025\/05\/Dajana-Gorcic-240x300.jpg 240w, https:\/\/cookinox.si\/wp-content\/uploads\/2025\/05\/Dajana-Gorcic-450x563.jpg 450w\" sizes=\"(max-width: 516px) 100vw, 516px\" \/><\/div><h3 class='team-member-name '  itemprop=\"name\" >Dajana Gor\u010di\u010d<\/h3><div class='team-member-job-title '  itemprop=\"jobTitle\" >VODJA KAKOVOST<\/div><div class='team-member-description '  itemprop=\"description\" ><p><span class=\"phone\">+386 1 786 13 13<\/span><br \/>\n<span class=\"email\">dajana.gorcic@cookinox.si<\/span><\/p>\n<\/div><span class='hidden team-member-affiliation'  itemprop=\"affiliation\" >Cookinox<\/span><\/section><\/div><div class='flex_column av-av_one_fourth-f1c518e9ff58e869f80c8f093487abc9 av_one_fourth  avia-builder-el-33  el_after_av_one_fourth  el_before_av_one_full  flex_column_div column-top-margin'     ><\/div><div class='flex_column av-aecij-af1d2bc0072417a1e5ba1b02d6ca9a79 av_one_full  avia-builder-el-34  el_after_av_one_fourth  avia-builder-el-last  first flex_column_div column-top-margin'     ><section  class='av_textblock_section av-l7ackcvc-e130348db7114728ef705499f5da3de6'  itemscope=\"itemscope\" itemtype=\"https:\/\/schema.org\/CreativeWork\" ><div class='avia_textblock'  itemprop=\"text\" ><p class=\"movie-link\"><a href=\"https:\/\/www.youtube.com\/watch?v=CmcEPLh4VmM\"><span class=\"\">See cookinox movie<\/span> <span class=\"\"><img decoding=\"async\" src=\"\/wp-content\/uploads\/2022\/08\/left-arrow.png\" \/><\/span><\/a><\/p>\n<\/div><\/section><\/div>\n","protected":false},"excerpt":{"rendered":"","protected":false},"author":1,"featured_media":0,"parent":0,"menu_order":0,"comment_status":"closed","ping_status":"closed","template":"","meta":{"footnotes":""},"class_list":["post-2090","page","type-page","status-publish","hentry"],"_links":{"self":[{"href":"https:\/\/cookinox.si\/sl\/wp-json\/wp\/v2\/pages\/2090"}],"collection":[{"href":"https:\/\/cookinox.si\/sl\/wp-json\/wp\/v2\/pages"}],"about":[{"href":"https:\/\/cookinox.si\/sl\/wp-json\/wp\/v2\/types\/page"}],"author":[{"embeddable":true,"href":"https:\/\/cookinox.si\/sl\/wp-json\/wp\/v2\/users\/1"}],"replies":[{"embeddable":true,"href":"https:\/\/cookinox.si\/sl\/wp-json\/wp\/v2\/comments?post=2090"}],"version-history":[{"count":46,"href":"https:\/\/cookinox.si\/sl\/wp-json\/wp\/v2\/pages\/2090\/revisions"}],"predecessor-version":[{"id":4140,"href":"https:\/\/cookinox.si\/sl\/wp-json\/wp\/v2\/pages\/2090\/revisions\/4140"}],"wp:attachment":[{"href":"https:\/\/cookinox.si\/sl\/wp-json\/wp\/v2\/media?parent=2090"}],"curies":[{"name":"wp","href":"https:\/\/api.w.org\/{rel}","templated":true}]}}