{"id":2077,"date":"2022-08-26T11:03:15","date_gmt":"2022-08-26T09:03:15","guid":{"rendered":"https:\/\/cookinox.si\/?page_id=2077"},"modified":"2022-10-12T07:25:19","modified_gmt":"2022-10-12T07:25:19","slug":"raziskave-in-razvoj","status":"publish","type":"page","link":"https:\/\/cookinox.si\/sl\/raziskave-in-razvoj\/","title":{"rendered":"Raziskave in razvoj"},"content":{"rendered":"\n<style type=\"text\/css\" data-created_by=\"avia_inline_auto\" id=\"style-css-av-l7aajiej-be71c3fdfff545c69257b4f013658623\">\n.avia-section.av-l7aajiej-be71c3fdfff545c69257b4f013658623{\nbackground-repeat:no-repeat;\nbackground-image:url(https:\/\/cookinox.si\/wp-content\/uploads\/2022\/08\/cookinox-reaserch-and-development-scaled.jpg);\nbackground-position:50% 50%;\nbackground-attachment:scroll;\n}\n<\/style>\n<div id='av_section_1'  class='avia-section av-l7aajiej-be71c3fdfff545c69257b4f013658623 main_color avia-section-default avia-no-border-styling  avia-builder-el-0  el_before_av_section  avia-builder-el-first  section-opening avia-bg-style-scroll av-minimum-height av-minimum-height-75  container_wrap fullsize'  data-section-bg-repeat='no-repeat' data-av_minimum_height_pc='75'><div class='container av-section-cont-open' ><main  role=\"main\" itemprop=\"mainContentOfPage\"  class='template-page content  av-content-full alpha units'><div class='post-entry post-entry-type-page post-entry-2077'><div class='entry-content-wrapper clearfix'>\n<div class='flex_column av-2mpow3-fcc5e95e3490ec7dc817c4a7bd14f0db av_one_half  avia-builder-el-1  el_before_av_one_half  avia-builder-el-first  first flex_column_div '     ><section  class='av_textblock_section av-l7aa84kg-f1f48ed0947f2cb042fab0847d03907f'  itemscope=\"itemscope\" itemtype=\"https:\/\/schema.org\/CreativeWork\" ><div class='avia_textblock'  itemprop=\"text\" ><h1>RAZISKAVE<br \/>\nIN RAZVOJ<\/h1>\n<\/div><\/section><\/div><div class='flex_column av-2h71nn-7fe78ddeb022171fcc6591b30cf74ca9 av_one_half  avia-builder-el-3  el_after_av_one_half  avia-builder-el-last  flex_column_div '     ><\/div><\/div><\/div><\/main><!-- close content main element --><\/div><\/div>\n<style type=\"text\/css\" data-created_by=\"avia_inline_auto\" id=\"style-css-av-l7aa9a8z-28c7d970a84fbeb55503e68a72c5b736\">\n.avia-section.av-l7aa9a8z-28c7d970a84fbeb55503e68a72c5b736{\nbackground-repeat:no-repeat;\nbackground-image:url(https:\/\/cookinox.si\/wp-content\/uploads\/2022\/08\/hs-page-bg.jpg);\nbackground-position:50% 0%;\nbackground-attachment:scroll;\n}\n<\/style>\n<div id='av_section_2'  class='avia-section av-l7aa9a8z-28c7d970a84fbeb55503e68a72c5b736 main_color avia-section-default avia-no-border-styling  avia-builder-el-4  el_after_av_section  avia-builder-el-last  section-content1 avia-bg-style-scroll container_wrap fullsize'  data-section-bg-repeat='no-repeat'><div class='container av-section-cont-open' ><div class='template-page content  av-content-full alpha units'><div class='post-entry post-entry-type-page post-entry-2077'><div class='entry-content-wrapper clearfix'>\n<section  class='av_textblock_section av-l7aaair4-bd5ce5c4c14b991da9b47e0c5464b3ef'  itemscope=\"itemscope\" itemtype=\"https:\/\/schema.org\/CreativeWork\" ><div class='avia_textblock'  itemprop=\"text\" ><h2>RAZVOJ JE NA\u0160E VODILO<\/h2>\n<p><strong>Na\u0161e poslanstvo je strankam olaj\u0161ati soo\u010danje z vsemi izzivi, ki se pojavljajo pri razvoju sistemov za gostinske procese.<\/strong><\/p>\n<p>Izku\u0161nje na podro\u010dju izvajanja testnih aktivnosti za raziskave in razvoj tr\u017enih izdelkov nabiramo \u017ee pet desetletij. Obse\u017eno podro\u010dje znanja, na tiso\u010de uspe\u0161no zaklju\u010denih projektov, na desetine uspe\u0161no zaklju\u010denih internih raziskovalno-razvojnih projektov in ve\u010d kot 20 visoko izku\u0161enih strokovnjakov omogo\u010dajo uspe\u0161no delovanje na podro\u010dju gostinstva, turizma, farmacije, bolni\u0161nic in domov za starej\u0161e.<\/p>\n<\/div><\/section>\n<div id='av-masonry-1' class='av-masonry av-l7aae9lp-aaa22cae19817c5ed99d192844efe744 noHover av-flex-size av-large-gap av-hover-overlay- av-masonry-animation-active av-masonry-col-2 av-caption-always av-caption-style- av-masonry-gallery '><div class=\"av-masonry-container isotope av-js-disabled\"><div class='av-masonry-entry isotope-item av-masonry-item-no-image '><\/div><div id='av-masonry-1-item-1668' data-av-masonry-item='1668' class='av-masonry-entry isotope-item post-1668 attachment type-attachment status-inherit hentry  av-masonry-item-with-image'    itemprop=\"thumbnailUrl\" ><div class='av-inner-masonry-sizer'><\/div><figure class='av-inner-masonry main_color'><div class=\"av-masonry-outerimage-container\"><div class='av-masonry-image-container'   ><img decoding=\"async\" width=\"1310\" height=\"870\" class=\"wp-image-1668 avia-img-lazy-loading-not-1668\"  src=\"https:\/\/cookinox.si\/wp-content\/uploads\/2022\/08\/reaserch-and-development-1.jpg\" title=\"reaserch-and-development-1\" alt=\"\" srcset=\"https:\/\/cookinox.si\/wp-content\/uploads\/2022\/08\/reaserch-and-development-1.jpg 1310w, https:\/\/cookinox.si\/wp-content\/uploads\/2022\/08\/reaserch-and-development-1-600x398.jpg 600w, https:\/\/cookinox.si\/wp-content\/uploads\/2022\/08\/reaserch-and-development-1-300x199.jpg 300w, https:\/\/cookinox.si\/wp-content\/uploads\/2022\/08\/reaserch-and-development-1-1030x684.jpg 1030w, https:\/\/cookinox.si\/wp-content\/uploads\/2022\/08\/reaserch-and-development-1-768x510.jpg 768w, https:\/\/cookinox.si\/wp-content\/uploads\/2022\/08\/reaserch-and-development-1-705x468.jpg 705w\" sizes=\"(max-width: 1310px) 100vw, 1310px\" \/><\/div><\/div><\/figure><\/div><!--end av-masonry entry--><div id='av-masonry-1-item-1670' data-av-masonry-item='1670' class='av-masonry-entry isotope-item post-1670 attachment type-attachment status-inherit hentry  av-masonry-item-with-image'    itemprop=\"thumbnailUrl\" ><div class='av-inner-masonry-sizer'><\/div><figure class='av-inner-masonry main_color'><div class=\"av-masonry-outerimage-container\"><div class='av-masonry-image-container'   ><img decoding=\"async\" width=\"1310\" height=\"870\" class=\"wp-image-1670 avia-img-lazy-loading-not-1670\"  src=\"https:\/\/cookinox.si\/wp-content\/uploads\/2022\/08\/reaserch-and-development-2.jpg\" title=\"reaserch-and-development-2\" alt=\"\" srcset=\"https:\/\/cookinox.si\/wp-content\/uploads\/2022\/08\/reaserch-and-development-2.jpg 1310w, https:\/\/cookinox.si\/wp-content\/uploads\/2022\/08\/reaserch-and-development-2-600x398.jpg 600w, https:\/\/cookinox.si\/wp-content\/uploads\/2022\/08\/reaserch-and-development-2-300x199.jpg 300w, https:\/\/cookinox.si\/wp-content\/uploads\/2022\/08\/reaserch-and-development-2-1030x684.jpg 1030w, https:\/\/cookinox.si\/wp-content\/uploads\/2022\/08\/reaserch-and-development-2-768x510.jpg 768w, https:\/\/cookinox.si\/wp-content\/uploads\/2022\/08\/reaserch-and-development-2-705x468.jpg 705w\" sizes=\"(max-width: 1310px) 100vw, 1310px\" \/><\/div><\/div><\/figure><\/div><!--end av-masonry entry--><div id='av-masonry-1-item-1672' data-av-masonry-item='1672' class='av-masonry-entry isotope-item post-1672 attachment type-attachment status-inherit hentry  av-masonry-item-with-image'    itemprop=\"thumbnailUrl\" ><div class='av-inner-masonry-sizer'><\/div><figure class='av-inner-masonry main_color'><div class=\"av-masonry-outerimage-container\"><div class='av-masonry-image-container'   ><img decoding=\"async\" width=\"1310\" height=\"870\" class=\"wp-image-1672 avia-img-lazy-loading-not-1672\"  src=\"https:\/\/cookinox.si\/wp-content\/uploads\/2022\/08\/reaserch-and-development-3.jpg\" title=\"reaserch-and-development-3\" alt=\"\" srcset=\"https:\/\/cookinox.si\/wp-content\/uploads\/2022\/08\/reaserch-and-development-3.jpg 1310w, https:\/\/cookinox.si\/wp-content\/uploads\/2022\/08\/reaserch-and-development-3-600x398.jpg 600w, https:\/\/cookinox.si\/wp-content\/uploads\/2022\/08\/reaserch-and-development-3-300x199.jpg 300w, https:\/\/cookinox.si\/wp-content\/uploads\/2022\/08\/reaserch-and-development-3-1030x684.jpg 1030w, https:\/\/cookinox.si\/wp-content\/uploads\/2022\/08\/reaserch-and-development-3-768x510.jpg 768w, https:\/\/cookinox.si\/wp-content\/uploads\/2022\/08\/reaserch-and-development-3-705x468.jpg 705w\" sizes=\"(max-width: 1310px) 100vw, 1310px\" \/><\/div><\/div><\/figure><\/div><!--end av-masonry entry--><div id='av-masonry-1-item-1674' data-av-masonry-item='1674' class='av-masonry-entry isotope-item post-1674 attachment type-attachment status-inherit hentry  av-masonry-item-with-image'    itemprop=\"thumbnailUrl\" ><div class='av-inner-masonry-sizer'><\/div><figure class='av-inner-masonry main_color'><div class=\"av-masonry-outerimage-container\"><div class='av-masonry-image-container'   ><img decoding=\"async\" width=\"1310\" height=\"870\" class=\"wp-image-1674 avia-img-lazy-loading-not-1674\"  src=\"https:\/\/cookinox.si\/wp-content\/uploads\/2022\/08\/reaserch-and-development-4.jpg\" title=\"reaserch-and-development-4\" alt=\"\" srcset=\"https:\/\/cookinox.si\/wp-content\/uploads\/2022\/08\/reaserch-and-development-4.jpg 1310w, https:\/\/cookinox.si\/wp-content\/uploads\/2022\/08\/reaserch-and-development-4-600x398.jpg 600w, https:\/\/cookinox.si\/wp-content\/uploads\/2022\/08\/reaserch-and-development-4-300x199.jpg 300w, https:\/\/cookinox.si\/wp-content\/uploads\/2022\/08\/reaserch-and-development-4-1030x684.jpg 1030w, https:\/\/cookinox.si\/wp-content\/uploads\/2022\/08\/reaserch-and-development-4-768x510.jpg 768w, https:\/\/cookinox.si\/wp-content\/uploads\/2022\/08\/reaserch-and-development-4-705x468.jpg 705w\" sizes=\"(max-width: 1310px) 100vw, 1310px\" \/><\/div><\/div><\/figure><\/div><!--end av-masonry entry--><\/div><\/div>\n<div class='flex_column av-aecij-af1d2bc0072417a1e5ba1b02d6ca9a79 av_one_full  avia-builder-el-7  el_after_av_masonry_gallery  avia-builder-el-no-sibling  first flex_column_div '     ><section  class='av_textblock_section av-l7ackcvc-e130348db7114728ef705499f5da3de6'  itemscope=\"itemscope\" itemtype=\"https:\/\/schema.org\/CreativeWork\" ><div class='avia_textblock'  itemprop=\"text\" ><p class=\"movie-link\"><a href=\"https:\/\/www.youtube.com\/watch?v=CmcEPLh4VmM\"><span class=\"\">Predstavitveni VIDEO<\/span> <span class=\"\"><img decoding=\"async\" src=\"\/wp-content\/uploads\/2022\/08\/left-arrow.png\" \/><\/span><\/a><\/p>\n<\/div><\/section><\/div><\/p>\n","protected":false},"excerpt":{"rendered":"","protected":false},"author":1,"featured_media":0,"parent":0,"menu_order":0,"comment_status":"closed","ping_status":"closed","template":"","meta":{"footnotes":""},"class_list":["post-2077","page","type-page","status-publish","hentry"],"_links":{"self":[{"href":"https:\/\/cookinox.si\/sl\/wp-json\/wp\/v2\/pages\/2077"}],"collection":[{"href":"https:\/\/cookinox.si\/sl\/wp-json\/wp\/v2\/pages"}],"about":[{"href":"https:\/\/cookinox.si\/sl\/wp-json\/wp\/v2\/types\/page"}],"author":[{"embeddable":true,"href":"https:\/\/cookinox.si\/sl\/wp-json\/wp\/v2\/users\/1"}],"replies":[{"embeddable":true,"href":"https:\/\/cookinox.si\/sl\/wp-json\/wp\/v2\/comments?post=2077"}],"version-history":[{"count":4,"href":"https:\/\/cookinox.si\/sl\/wp-json\/wp\/v2\/pages\/2077\/revisions"}],"predecessor-version":[{"id":2210,"href":"https:\/\/cookinox.si\/sl\/wp-json\/wp\/v2\/pages\/2077\/revisions\/2210"}],"wp:attachment":[{"href":"https:\/\/cookinox.si\/sl\/wp-json\/wp\/v2\/media?parent=2077"}],"curies":[{"name":"wp","href":"https:\/\/api.w.org\/{rel}","templated":true}]}}