{"id":2065,"date":"2022-09-26T21:10:29","date_gmt":"2022-09-26T21:10:29","guid":{"rendered":"https:\/\/cookinox.si\/?page_id=2065"},"modified":"2022-10-12T07:29:59","modified_gmt":"2022-10-12T07:29:59","slug":"logistika","status":"publish","type":"page","link":"https:\/\/cookinox.si\/sl\/logistika\/","title":{"rendered":"Logistika"},"content":{"rendered":"\n<style type=\"text\/css\" data-created_by=\"avia_inline_auto\" id=\"style-css-av-l7aajiej-53f35a293aeef983246c4ceccacac537\">\n.avia-section.av-l7aajiej-53f35a293aeef983246c4ceccacac537{\nbackground-repeat:no-repeat;\nbackground-image:url(https:\/\/cookinox.si\/wp-content\/uploads\/2022\/09\/cookinox-logistic-bg.jpg);\nbackground-position:50% 50%;\nbackground-attachment:scroll;\n}\n<\/style>\n<div id='av_section_1'  class='avia-section av-l7aajiej-53f35a293aeef983246c4ceccacac537 main_color avia-section-default avia-no-border-styling  avia-builder-el-0  el_before_av_section  avia-builder-el-first  section-opening avia-bg-style-scroll av-minimum-height av-minimum-height-75  container_wrap fullsize'  data-section-bg-repeat='no-repeat' data-av_minimum_height_pc='75'><div class='container av-section-cont-open' ><main  role=\"main\" itemprop=\"mainContentOfPage\"  class='template-page content  av-content-full alpha units'><div class='post-entry post-entry-type-page post-entry-2065'><div class='entry-content-wrapper clearfix'>\n<div class='flex_column av-2mpow3-fcc5e95e3490ec7dc817c4a7bd14f0db av_one_half  avia-builder-el-1  el_before_av_one_half  avia-builder-el-first  first flex_column_div '     ><section  class='av_textblock_section av-l7aa84kg-f1f48ed0947f2cb042fab0847d03907f'  itemscope=\"itemscope\" itemtype=\"https:\/\/schema.org\/CreativeWork\" ><div class='avia_textblock'  itemprop=\"text\" ><h1>LOGISTIKA<\/h1>\n<\/div><\/section><\/div><div class='flex_column av-2h71nn-7fe78ddeb022171fcc6591b30cf74ca9 av_one_half  avia-builder-el-3  el_after_av_one_half  avia-builder-el-last  flex_column_div '     ><\/div>\n\n<\/div><\/div><\/main><!-- close content main element --><\/div><\/div>\n<style type=\"text\/css\" data-created_by=\"avia_inline_auto\" id=\"style-css-av-l7aa9a8z-28c7d970a84fbeb55503e68a72c5b736\">\n.avia-section.av-l7aa9a8z-28c7d970a84fbeb55503e68a72c5b736{\nbackground-repeat:no-repeat;\nbackground-image:url(https:\/\/cookinox.si\/wp-content\/uploads\/2022\/08\/hs-page-bg.jpg);\nbackground-position:50% 0%;\nbackground-attachment:scroll;\n}\n<\/style>\n<div id='av_section_2'  class='avia-section av-l7aa9a8z-28c7d970a84fbeb55503e68a72c5b736 main_color avia-section-default avia-no-border-styling  avia-builder-el-4  el_after_av_section  avia-builder-el-last  section-content1 avia-bg-style-scroll container_wrap fullsize'  data-section-bg-repeat='no-repeat'><div class='container av-section-cont-open' ><div class='template-page content  av-content-full alpha units'><div class='post-entry post-entry-type-page post-entry-2065'><div class='entry-content-wrapper clearfix'>\n<section  class='av_textblock_section av-l7aaair4-bd5ce5c4c14b991da9b47e0c5464b3ef'  itemscope=\"itemscope\" itemtype=\"https:\/\/schema.org\/CreativeWork\" ><div class='avia_textblock'  itemprop=\"text\" ><h2>VEDNO ZANESLJIVO IN TO\u010cNA DOSTAVA<\/h2>\n<p>Logisti\u010dni oddelek skrbi, da je pravi izdelek na voljo na pravem mestu ob pravem \u010dasu. Da bi logisti\u010dni postopki potekali \u010dim bolj gladko, znotraj oddelka tesno sodelujejo \u0161tevilni sodelavci, od odgovornih za naro\u010danje izdelkov do na\u010drtovalcev ponudbe.<\/p>\n<p>Odlikuje jih dobra organiziranost ter odli\u010dno razumevanje in poznavanje skladi\u0161\u010dnega poslovanja in logisti\u010dnih procesov. V na\u0161em logisti\u010dnem centru na oddelku vnosa, priprave in izstopa blaga uspe\u0161no opravljajo \u0161tevilne zahtevne naloge, kot je npr. organizacija celotnega logisti\u010dnega centra in ekipe sodelavcev koordinacije in transportnih poti.<\/p>\n<\/div><\/section>\n<div id='av-masonry-1' class='av-masonry av-l7aae9lp-314efbf56b5ae92ba01ea0c6252be4d6 noHover av-flex-size av-large-gap av-hover-overlay- av-masonry-animation-active av-masonry-col-2 av-caption-always av-caption-style- av-masonry-gallery '><div class=\"av-masonry-container isotope av-js-disabled\"><div class='av-masonry-entry isotope-item av-masonry-item-no-image '><\/div><div id='av-masonry-1-item-1722' data-av-masonry-item='1722' class='av-masonry-entry isotope-item post-1722 attachment type-attachment status-inherit hentry  av-masonry-item-with-image'    itemprop=\"thumbnailUrl\" ><div class='av-inner-masonry-sizer'><\/div><figure class='av-inner-masonry main_color'><div class=\"av-masonry-outerimage-container\"><div class='av-masonry-image-container'   ><img decoding=\"async\" width=\"975\" height=\"653\" class=\"wp-image-1722 avia-img-lazy-loading-not-1722\"  src=\"https:\/\/cookinox.si\/wp-content\/uploads\/2022\/09\/cookinox-logistic-1.jpg\" title=\"cookinox-logistic-1\" alt=\"\" srcset=\"https:\/\/cookinox.si\/wp-content\/uploads\/2022\/09\/cookinox-logistic-1.jpg 975w, https:\/\/cookinox.si\/wp-content\/uploads\/2022\/09\/cookinox-logistic-1-600x402.jpg 600w, https:\/\/cookinox.si\/wp-content\/uploads\/2022\/09\/cookinox-logistic-1-300x201.jpg 300w, https:\/\/cookinox.si\/wp-content\/uploads\/2022\/09\/cookinox-logistic-1-768x514.jpg 768w, https:\/\/cookinox.si\/wp-content\/uploads\/2022\/09\/cookinox-logistic-1-705x472.jpg 705w\" sizes=\"(max-width: 975px) 100vw, 975px\" \/><\/div><\/div><\/figure><\/div><!--end av-masonry entry--><div id='av-masonry-1-item-1724' data-av-masonry-item='1724' class='av-masonry-entry isotope-item post-1724 attachment type-attachment status-inherit hentry  av-masonry-item-with-image'    itemprop=\"thumbnailUrl\" ><div class='av-inner-masonry-sizer'><\/div><figure class='av-inner-masonry main_color'><div class=\"av-masonry-outerimage-container\"><div class='av-masonry-image-container'   ><img decoding=\"async\" width=\"975\" height=\"653\" class=\"wp-image-1724 avia-img-lazy-loading-not-1724\"  src=\"https:\/\/cookinox.si\/wp-content\/uploads\/2022\/09\/cookinox-logistic-2.jpg\" title=\"cookinox-logistic-2\" alt=\"\" srcset=\"https:\/\/cookinox.si\/wp-content\/uploads\/2022\/09\/cookinox-logistic-2.jpg 975w, https:\/\/cookinox.si\/wp-content\/uploads\/2022\/09\/cookinox-logistic-2-600x402.jpg 600w, https:\/\/cookinox.si\/wp-content\/uploads\/2022\/09\/cookinox-logistic-2-300x201.jpg 300w, https:\/\/cookinox.si\/wp-content\/uploads\/2022\/09\/cookinox-logistic-2-768x514.jpg 768w, https:\/\/cookinox.si\/wp-content\/uploads\/2022\/09\/cookinox-logistic-2-705x472.jpg 705w\" sizes=\"(max-width: 975px) 100vw, 975px\" \/><\/div><\/div><\/figure><\/div><!--end av-masonry entry--><\/div><\/div>\n<div class='flex_column av-aecij-af1d2bc0072417a1e5ba1b02d6ca9a79 av_one_full  avia-builder-el-7  el_after_av_masonry_gallery  avia-builder-el-no-sibling  first flex_column_div '     ><section  class='av_textblock_section av-l7ackcvc-e130348db7114728ef705499f5da3de6'  itemscope=\"itemscope\" itemtype=\"https:\/\/schema.org\/CreativeWork\" ><div class='avia_textblock'  itemprop=\"text\" ><p class=\"movie-link\"><a href=\"https:\/\/www.youtube.com\/watch?v=CmcEPLh4VmM\"><span class=\"\">Predstavitveni VIDEO<\/span> <span class=\"\"><img decoding=\"async\" src=\"\/wp-content\/uploads\/2022\/08\/left-arrow.png\" \/><\/span><\/a><\/p>\n<\/div><\/section><\/div>\n","protected":false},"excerpt":{"rendered":"","protected":false},"author":1,"featured_media":0,"parent":0,"menu_order":0,"comment_status":"closed","ping_status":"closed","template":"","meta":{"footnotes":""},"class_list":["post-2065","page","type-page","status-publish","hentry"],"_links":{"self":[{"href":"https:\/\/cookinox.si\/sl\/wp-json\/wp\/v2\/pages\/2065"}],"collection":[{"href":"https:\/\/cookinox.si\/sl\/wp-json\/wp\/v2\/pages"}],"about":[{"href":"https:\/\/cookinox.si\/sl\/wp-json\/wp\/v2\/types\/page"}],"author":[{"embeddable":true,"href":"https:\/\/cookinox.si\/sl\/wp-json\/wp\/v2\/users\/1"}],"replies":[{"embeddable":true,"href":"https:\/\/cookinox.si\/sl\/wp-json\/wp\/v2\/comments?post=2065"}],"version-history":[{"count":7,"href":"https:\/\/cookinox.si\/sl\/wp-json\/wp\/v2\/pages\/2065\/revisions"}],"predecessor-version":[{"id":2968,"href":"https:\/\/cookinox.si\/sl\/wp-json\/wp\/v2\/pages\/2065\/revisions\/2968"}],"wp:attachment":[{"href":"https:\/\/cookinox.si\/sl\/wp-json\/wp\/v2\/media?parent=2065"}],"curies":[{"name":"wp","href":"https:\/\/api.w.org\/{rel}","templated":true}]}}