{"id":2059,"date":"2022-09-26T21:05:00","date_gmt":"2022-09-26T19:05:00","guid":{"rendered":"https:\/\/cookinox.si\/?page_id=2059"},"modified":"2023-04-07T12:01:09","modified_gmt":"2023-04-07T10:01:09","slug":"najsodobnejsa-oprema","status":"publish","type":"page","link":"https:\/\/cookinox.si\/sl\/najsodobnejsa-oprema\/","title":{"rendered":"Najsodobnej\u0161a oprema"},"content":{"rendered":"\n<style type=\"text\/css\" data-created_by=\"avia_inline_auto\" id=\"style-css-av-l7aajiej-85deeb4361da5d1713fba0d23ee264b3\">\n.avia-section.av-l7aajiej-85deeb4361da5d1713fba0d23ee264b3{\nbackground-repeat:no-repeat;\nbackground-image:url(https:\/\/cookinox.si\/wp-content\/uploads\/2022\/10\/cookinox-modern-equipment.jpg);\nbackground-position:50% 50%;\nbackground-attachment:scroll;\n}\n<\/style>\n<div id='av_section_1'  class='avia-section av-l7aajiej-85deeb4361da5d1713fba0d23ee264b3 main_color avia-section-default avia-no-border-styling  avia-builder-el-0  el_before_av_section  avia-builder-el-first  section-opening avia-bg-style-scroll av-minimum-height av-minimum-height-75  container_wrap fullsize'  data-section-bg-repeat='no-repeat' data-av_minimum_height_pc='75'><div class='container av-section-cont-open' ><main  role=\"main\" itemprop=\"mainContentOfPage\"  class='template-page content  av-content-full alpha units'><div class='post-entry post-entry-type-page post-entry-2059'><div class='entry-content-wrapper clearfix'>\n<div class='flex_column av-2mpow3-fcc5e95e3490ec7dc817c4a7bd14f0db av_one_half  avia-builder-el-1  el_before_av_one_half  avia-builder-el-first  first flex_column_div '     ><section  class='av_textblock_section av-l7aa84kg-f1f48ed0947f2cb042fab0847d03907f'  itemscope=\"itemscope\" itemtype=\"https:\/\/schema.org\/CreativeWork\" ><div class='avia_textblock'  itemprop=\"text\" ><h1>Najsodobnej\u0161a<br \/>\noprema<\/h1>\n<\/div><\/section><\/div><div class='flex_column av-2h71nn-7fe78ddeb022171fcc6591b30cf74ca9 av_one_half  avia-builder-el-3  el_after_av_one_half  avia-builder-el-last  flex_column_div '     ><\/div>\n\n<\/div><\/div><\/main><!-- close content main element --><\/div><\/div>\n<style type=\"text\/css\" data-created_by=\"avia_inline_auto\" id=\"style-css-av-l7aa9a8z-28c7d970a84fbeb55503e68a72c5b736\">\n.avia-section.av-l7aa9a8z-28c7d970a84fbeb55503e68a72c5b736{\nbackground-repeat:no-repeat;\nbackground-image:url(https:\/\/cookinox.si\/wp-content\/uploads\/2022\/08\/hs-page-bg.jpg);\nbackground-position:50% 0%;\nbackground-attachment:scroll;\n}\n<\/style>\n<div id='av_section_2'  class='avia-section av-l7aa9a8z-28c7d970a84fbeb55503e68a72c5b736 main_color avia-section-default avia-no-border-styling  avia-builder-el-4  el_after_av_section  avia-builder-el-last  section-content1 avia-bg-style-scroll container_wrap fullsize'  data-section-bg-repeat='no-repeat'><div class='container av-section-cont-open' ><div class='template-page content  av-content-full alpha units'><div class='post-entry post-entry-type-page post-entry-2059'><div class='entry-content-wrapper clearfix'>\n<section  class='av_textblock_section av-l7aaair4-bd5ce5c4c14b991da9b47e0c5464b3ef'  itemscope=\"itemscope\" itemtype=\"https:\/\/schema.org\/CreativeWork\" ><div class='avia_textblock'  itemprop=\"text\" ><h2>TEHNOLO\u0160KO DOVR\u0160ENA OPREMA<\/h2>\n<p>Na\u0161 proizvodni obrat se razteza na ve\u010d kot 4500 m2 in je visoko produktiven in opremljen z najsodobnej\u0161imi stroji za preoblikovanje nerjave\u010de plo\u010devine ter digitalnimi re\u0161itvami, za doseganje maksimalne produktivnosti v proizvodnem procesu ter zagotavljanja najvi\u0161je ravni kakovosti in prilagodljivosti izdelkov. Nenehno spremljamo razvoj najsodobnej\u0161ih tehnologij na podro\u010dju preoblikovanja plo\u010devine in implementiramo preverjeno sodobno tehnologije v na\u0161 proizvodni proces. Strast in predanost na\u0161ih proizvodnih strokovnjakov sta vrlini, zaradi katerih so na\u0161i izdelki odli\u010dni in vedno tako blizu popolnosti.<\/p>\n<p>Zagotavljamo, da bomo v celoti razumeli va\u0161e potrebe in podrobnosti ter na podlagi tega zagotovili namensko re\u0161itev, ki bo prispevala k va\u0161emu poslovnemu uspehu in poenostavila vsakodnevno uporabo izdelkov.<\/p>\n<\/div><\/section>\n<div id='av-masonry-1' class='av-masonry av-l7aae9lp-2ce1abdbb641911ecb54b20962815623 noHover av-flex-size av-large-gap av-hover-overlay- av-masonry-animation-active av-masonry-col-2 av-caption-always av-caption-style- av-masonry-gallery '><div class=\"av-masonry-container isotope av-js-disabled\"><div class='av-masonry-entry isotope-item av-masonry-item-no-image '><\/div><div id='av-masonry-1-item-1814' data-av-masonry-item='1814' class='av-masonry-entry isotope-item post-1814 attachment type-attachment status-inherit hentry  av-masonry-item-with-image'    itemprop=\"thumbnailUrl\" ><div class='av-inner-masonry-sizer'><\/div><figure class='av-inner-masonry main_color'><div class=\"av-masonry-outerimage-container\"><div class='av-masonry-image-container'   ><img decoding=\"async\" width=\"975\" height=\"653\" class=\"wp-image-1814 avia-img-lazy-loading-not-1814\"  src=\"https:\/\/cookinox.si\/wp-content\/uploads\/2022\/10\/modern-equipment-gallery_1.jpg\" title=\"modern-equipment-gallery_1\" alt=\"\" srcset=\"https:\/\/cookinox.si\/wp-content\/uploads\/2022\/10\/modern-equipment-gallery_1.jpg 975w, https:\/\/cookinox.si\/wp-content\/uploads\/2022\/10\/modern-equipment-gallery_1-600x402.jpg 600w, https:\/\/cookinox.si\/wp-content\/uploads\/2022\/10\/modern-equipment-gallery_1-300x201.jpg 300w, https:\/\/cookinox.si\/wp-content\/uploads\/2022\/10\/modern-equipment-gallery_1-768x514.jpg 768w, https:\/\/cookinox.si\/wp-content\/uploads\/2022\/10\/modern-equipment-gallery_1-705x472.jpg 705w, https:\/\/cookinox.si\/wp-content\/uploads\/2022\/10\/modern-equipment-gallery_1-450x301.jpg 450w\" sizes=\"(max-width: 975px) 100vw, 975px\" \/><\/div><\/div><\/figure><\/div><!--end av-masonry entry--><div id='av-masonry-1-item-1816' data-av-masonry-item='1816' class='av-masonry-entry isotope-item post-1816 attachment type-attachment status-inherit hentry  av-masonry-item-with-image'    itemprop=\"thumbnailUrl\" ><div class='av-inner-masonry-sizer'><\/div><figure class='av-inner-masonry main_color'><div class=\"av-masonry-outerimage-container\"><div class='av-masonry-image-container'   ><img decoding=\"async\" width=\"975\" height=\"653\" class=\"wp-image-1816 avia-img-lazy-loading-not-1816\"  src=\"https:\/\/cookinox.si\/wp-content\/uploads\/2022\/10\/modern-equipment-gallery_2.jpg\" title=\"modern-equipment-gallery_2\" alt=\"\" srcset=\"https:\/\/cookinox.si\/wp-content\/uploads\/2022\/10\/modern-equipment-gallery_2.jpg 975w, https:\/\/cookinox.si\/wp-content\/uploads\/2022\/10\/modern-equipment-gallery_2-600x402.jpg 600w, https:\/\/cookinox.si\/wp-content\/uploads\/2022\/10\/modern-equipment-gallery_2-300x201.jpg 300w, https:\/\/cookinox.si\/wp-content\/uploads\/2022\/10\/modern-equipment-gallery_2-768x514.jpg 768w, https:\/\/cookinox.si\/wp-content\/uploads\/2022\/10\/modern-equipment-gallery_2-705x472.jpg 705w, https:\/\/cookinox.si\/wp-content\/uploads\/2022\/10\/modern-equipment-gallery_2-450x301.jpg 450w\" sizes=\"(max-width: 975px) 100vw, 975px\" \/><\/div><\/div><\/figure><\/div><!--end av-masonry entry--><div id='av-masonry-1-item-1818' data-av-masonry-item='1818' class='av-masonry-entry isotope-item post-1818 attachment type-attachment status-inherit hentry  av-masonry-item-with-image'    itemprop=\"thumbnailUrl\" ><div class='av-inner-masonry-sizer'><\/div><figure class='av-inner-masonry main_color'><div class=\"av-masonry-outerimage-container\"><div class='av-masonry-image-container'   ><img decoding=\"async\" width=\"975\" height=\"653\" class=\"wp-image-1818 avia-img-lazy-loading-not-1818\"  src=\"https:\/\/cookinox.si\/wp-content\/uploads\/2022\/10\/modern-equipment-gallery_3.jpg\" title=\"modern-equipment-gallery_3\" alt=\"\" srcset=\"https:\/\/cookinox.si\/wp-content\/uploads\/2022\/10\/modern-equipment-gallery_3.jpg 975w, https:\/\/cookinox.si\/wp-content\/uploads\/2022\/10\/modern-equipment-gallery_3-600x402.jpg 600w, https:\/\/cookinox.si\/wp-content\/uploads\/2022\/10\/modern-equipment-gallery_3-300x201.jpg 300w, https:\/\/cookinox.si\/wp-content\/uploads\/2022\/10\/modern-equipment-gallery_3-768x514.jpg 768w, https:\/\/cookinox.si\/wp-content\/uploads\/2022\/10\/modern-equipment-gallery_3-705x472.jpg 705w, https:\/\/cookinox.si\/wp-content\/uploads\/2022\/10\/modern-equipment-gallery_3-450x301.jpg 450w\" sizes=\"(max-width: 975px) 100vw, 975px\" \/><\/div><\/div><\/figure><\/div><!--end av-masonry entry--><div id='av-masonry-1-item-1820' data-av-masonry-item='1820' class='av-masonry-entry isotope-item post-1820 attachment type-attachment status-inherit hentry  av-masonry-item-with-image'    itemprop=\"thumbnailUrl\" ><div class='av-inner-masonry-sizer'><\/div><figure class='av-inner-masonry main_color'><div class=\"av-masonry-outerimage-container\"><div class='av-masonry-image-container'   ><img decoding=\"async\" width=\"975\" height=\"653\" class=\"wp-image-1820 avia-img-lazy-loading-not-1820\"  src=\"https:\/\/cookinox.si\/wp-content\/uploads\/2022\/10\/modern-equipment-gallery_4.jpg\" title=\"modern-equipment-gallery_4\" alt=\"\" srcset=\"https:\/\/cookinox.si\/wp-content\/uploads\/2022\/10\/modern-equipment-gallery_4.jpg 975w, https:\/\/cookinox.si\/wp-content\/uploads\/2022\/10\/modern-equipment-gallery_4-600x402.jpg 600w, https:\/\/cookinox.si\/wp-content\/uploads\/2022\/10\/modern-equipment-gallery_4-300x201.jpg 300w, https:\/\/cookinox.si\/wp-content\/uploads\/2022\/10\/modern-equipment-gallery_4-768x514.jpg 768w, https:\/\/cookinox.si\/wp-content\/uploads\/2022\/10\/modern-equipment-gallery_4-705x472.jpg 705w, https:\/\/cookinox.si\/wp-content\/uploads\/2022\/10\/modern-equipment-gallery_4-450x301.jpg 450w\" sizes=\"(max-width: 975px) 100vw, 975px\" \/><\/div><\/div><\/figure><\/div><!--end av-masonry entry--><div id='av-masonry-1-item-1822' data-av-masonry-item='1822' class='av-masonry-entry isotope-item post-1822 attachment type-attachment status-inherit hentry  av-masonry-item-with-image'    itemprop=\"thumbnailUrl\" ><div class='av-inner-masonry-sizer'><\/div><figure class='av-inner-masonry main_color'><div class=\"av-masonry-outerimage-container\"><div class='av-masonry-image-container'   ><img decoding=\"async\" width=\"650\" height=\"435\" class=\"wp-image-1822 avia-img-lazy-loading-not-1822\"  src=\"https:\/\/cookinox.si\/wp-content\/uploads\/2022\/10\/modern-equipment-gallery_5.jpg\" title=\"modern-equipment-gallery_5\" alt=\"\" srcset=\"https:\/\/cookinox.si\/wp-content\/uploads\/2022\/10\/modern-equipment-gallery_5.jpg 650w, https:\/\/cookinox.si\/wp-content\/uploads\/2022\/10\/modern-equipment-gallery_5-600x402.jpg 600w, https:\/\/cookinox.si\/wp-content\/uploads\/2022\/10\/modern-equipment-gallery_5-300x201.jpg 300w, https:\/\/cookinox.si\/wp-content\/uploads\/2022\/10\/modern-equipment-gallery_5-450x301.jpg 450w\" sizes=\"(max-width: 650px) 100vw, 650px\" \/><\/div><\/div><\/figure><\/div><!--end av-masonry entry--><div id='av-masonry-1-item-1824' data-av-masonry-item='1824' class='av-masonry-entry isotope-item post-1824 attachment type-attachment status-inherit hentry  av-masonry-item-with-image'    itemprop=\"thumbnailUrl\" ><div class='av-inner-masonry-sizer'><\/div><figure class='av-inner-masonry main_color'><div class=\"av-masonry-outerimage-container\"><div class='av-masonry-image-container'   ><img decoding=\"async\" width=\"975\" height=\"653\" class=\"wp-image-1824 avia-img-lazy-loading-not-1824\"  src=\"https:\/\/cookinox.si\/wp-content\/uploads\/2022\/10\/modern-equipment-gallery_6.jpg\" title=\"modern-equipment-gallery_6\" alt=\"\" srcset=\"https:\/\/cookinox.si\/wp-content\/uploads\/2022\/10\/modern-equipment-gallery_6.jpg 975w, https:\/\/cookinox.si\/wp-content\/uploads\/2022\/10\/modern-equipment-gallery_6-600x402.jpg 600w, https:\/\/cookinox.si\/wp-content\/uploads\/2022\/10\/modern-equipment-gallery_6-300x201.jpg 300w, https:\/\/cookinox.si\/wp-content\/uploads\/2022\/10\/modern-equipment-gallery_6-768x514.jpg 768w, https:\/\/cookinox.si\/wp-content\/uploads\/2022\/10\/modern-equipment-gallery_6-705x472.jpg 705w, https:\/\/cookinox.si\/wp-content\/uploads\/2022\/10\/modern-equipment-gallery_6-450x301.jpg 450w\" sizes=\"(max-width: 975px) 100vw, 975px\" \/><\/div><\/div><\/figure><\/div><!--end av-masonry entry--><div id='av-masonry-1-item-1826' data-av-masonry-item='1826' class='av-masonry-entry isotope-item post-1826 attachment type-attachment status-inherit hentry  av-masonry-item-with-image'    itemprop=\"thumbnailUrl\" ><div class='av-inner-masonry-sizer'><\/div><figure class='av-inner-masonry main_color'><div class=\"av-masonry-outerimage-container\"><div class='av-masonry-image-container'   ><img decoding=\"async\" width=\"975\" height=\"653\" class=\"wp-image-1826 avia-img-lazy-loading-not-1826\"  src=\"https:\/\/cookinox.si\/wp-content\/uploads\/2022\/10\/modern-equipment-gallery_7.jpg\" title=\"modern-equipment-gallery_7\" alt=\"\" srcset=\"https:\/\/cookinox.si\/wp-content\/uploads\/2022\/10\/modern-equipment-gallery_7.jpg 975w, https:\/\/cookinox.si\/wp-content\/uploads\/2022\/10\/modern-equipment-gallery_7-600x402.jpg 600w, https:\/\/cookinox.si\/wp-content\/uploads\/2022\/10\/modern-equipment-gallery_7-300x201.jpg 300w, https:\/\/cookinox.si\/wp-content\/uploads\/2022\/10\/modern-equipment-gallery_7-768x514.jpg 768w, https:\/\/cookinox.si\/wp-content\/uploads\/2022\/10\/modern-equipment-gallery_7-705x472.jpg 705w, https:\/\/cookinox.si\/wp-content\/uploads\/2022\/10\/modern-equipment-gallery_7-450x301.jpg 450w\" sizes=\"(max-width: 975px) 100vw, 975px\" \/><\/div><\/div><\/figure><\/div><!--end av-masonry entry--><div id='av-masonry-1-item-1828' data-av-masonry-item='1828' class='av-masonry-entry isotope-item post-1828 attachment type-attachment status-inherit hentry  av-masonry-item-with-image'    itemprop=\"thumbnailUrl\" ><div class='av-inner-masonry-sizer'><\/div><figure class='av-inner-masonry main_color'><div class=\"av-masonry-outerimage-container\"><div class='av-masonry-image-container'   ><img decoding=\"async\" width=\"975\" height=\"653\" class=\"wp-image-1828 avia-img-lazy-loading-not-1828\"  src=\"https:\/\/cookinox.si\/wp-content\/uploads\/2022\/10\/modern-equipment-gallery_8.jpg\" title=\"modern-equipment-gallery_8\" alt=\"\" srcset=\"https:\/\/cookinox.si\/wp-content\/uploads\/2022\/10\/modern-equipment-gallery_8.jpg 975w, https:\/\/cookinox.si\/wp-content\/uploads\/2022\/10\/modern-equipment-gallery_8-600x402.jpg 600w, https:\/\/cookinox.si\/wp-content\/uploads\/2022\/10\/modern-equipment-gallery_8-300x201.jpg 300w, https:\/\/cookinox.si\/wp-content\/uploads\/2022\/10\/modern-equipment-gallery_8-768x514.jpg 768w, https:\/\/cookinox.si\/wp-content\/uploads\/2022\/10\/modern-equipment-gallery_8-705x472.jpg 705w, https:\/\/cookinox.si\/wp-content\/uploads\/2022\/10\/modern-equipment-gallery_8-450x301.jpg 450w\" sizes=\"(max-width: 975px) 100vw, 975px\" \/><\/div><\/div><\/figure><\/div><!--end av-masonry entry--><\/div><\/div>\n<div class='flex_column av-aecij-af1d2bc0072417a1e5ba1b02d6ca9a79 av_one_full  avia-builder-el-7  el_after_av_masonry_gallery  avia-builder-el-no-sibling  first flex_column_div '     ><section  class='av_textblock_section av-l7ackcvc-e130348db7114728ef705499f5da3de6'  itemscope=\"itemscope\" itemtype=\"https:\/\/schema.org\/CreativeWork\" ><div class='avia_textblock'  itemprop=\"text\" ><p class=\"movie-link\"><a href=\"https:\/\/www.youtube.com\/watch?v=CmcEPLh4VmM\"><span class=\"\">Predstavitveni VIDEO<\/span> <span class=\"\"><img decoding=\"async\" src=\"\/wp-content\/uploads\/2022\/08\/left-arrow.png\" \/><\/span><\/a><\/p>\n<\/div><\/section><\/div>\n","protected":false},"excerpt":{"rendered":"","protected":false},"author":1,"featured_media":0,"parent":0,"menu_order":0,"comment_status":"closed","ping_status":"closed","template":"","meta":{"footnotes":""},"class_list":["post-2059","page","type-page","status-publish","hentry"],"_links":{"self":[{"href":"https:\/\/cookinox.si\/sl\/wp-json\/wp\/v2\/pages\/2059"}],"collection":[{"href":"https:\/\/cookinox.si\/sl\/wp-json\/wp\/v2\/pages"}],"about":[{"href":"https:\/\/cookinox.si\/sl\/wp-json\/wp\/v2\/types\/page"}],"author":[{"embeddable":true,"href":"https:\/\/cookinox.si\/sl\/wp-json\/wp\/v2\/users\/1"}],"replies":[{"embeddable":true,"href":"https:\/\/cookinox.si\/sl\/wp-json\/wp\/v2\/comments?post=2059"}],"version-history":[{"count":10,"href":"https:\/\/cookinox.si\/sl\/wp-json\/wp\/v2\/pages\/2059\/revisions"}],"predecessor-version":[{"id":3030,"href":"https:\/\/cookinox.si\/sl\/wp-json\/wp\/v2\/pages\/2059\/revisions\/3030"}],"wp:attachment":[{"href":"https:\/\/cookinox.si\/sl\/wp-json\/wp\/v2\/media?parent=2059"}],"curies":[{"name":"wp","href":"https:\/\/api.w.org\/{rel}","templated":true}]}}