{"id":2053,"date":"2022-08-26T11:10:21","date_gmt":"2022-08-26T09:10:21","guid":{"rendered":"https:\/\/cookinox.si\/?page_id=2053"},"modified":"2023-09-18T11:21:55","modified_gmt":"2023-09-18T09:21:55","slug":"izdelava-in-sestava","status":"publish","type":"page","link":"https:\/\/cookinox.si\/sl\/izdelava-in-sestava\/","title":{"rendered":"Izdelava in sestava"},"content":{"rendered":"\n<style type=\"text\/css\" data-created_by=\"avia_inline_auto\" id=\"style-css-av-l7aajiej-46a43efb342c82a128654ec18a482205\">\n.avia-section.av-l7aajiej-46a43efb342c82a128654ec18a482205{\nbackground-repeat:no-repeat;\nbackground-image:url(https:\/\/cookinox.si\/wp-content\/uploads\/2022\/08\/Group-1630-scaled.jpg);\nbackground-position:50% 50%;\nbackground-attachment:scroll;\n}\n<\/style>\n<div id='av_section_1'  class='avia-section av-l7aajiej-46a43efb342c82a128654ec18a482205 main_color avia-section-default avia-no-border-styling  avia-builder-el-0  el_before_av_section  avia-builder-el-first  section-opening avia-bg-style-scroll av-minimum-height av-minimum-height-75  container_wrap fullsize'  data-section-bg-repeat='no-repeat' data-av_minimum_height_pc='75'><div class='container av-section-cont-open' ><main  role=\"main\" itemprop=\"mainContentOfPage\"  class='template-page content  av-content-full alpha units'><div class='post-entry post-entry-type-page post-entry-2053'><div class='entry-content-wrapper clearfix'>\n<div class='flex_column av-2mpow3-fcc5e95e3490ec7dc817c4a7bd14f0db av_one_half  avia-builder-el-1  el_before_av_one_half  avia-builder-el-first  first flex_column_div '     ><section  class='av_textblock_section av-l7aa84kg-f1f48ed0947f2cb042fab0847d03907f'  itemscope=\"itemscope\" itemtype=\"https:\/\/schema.org\/CreativeWork\" ><div class='avia_textblock'  itemprop=\"text\" ><h1>IZDELAVA IN<br \/>\nSESTAVA<\/h1>\n<\/div><\/section><\/div><div class='flex_column av-2h71nn-7fe78ddeb022171fcc6591b30cf74ca9 av_one_half  avia-builder-el-3  el_after_av_one_half  avia-builder-el-last  flex_column_div '     ><\/div>\n\n<\/div><\/div><\/main><!-- close content main element --><\/div><\/div>\n<style type=\"text\/css\" data-created_by=\"avia_inline_auto\" id=\"style-css-av-l7aa9a8z-28c7d970a84fbeb55503e68a72c5b736\">\n.avia-section.av-l7aa9a8z-28c7d970a84fbeb55503e68a72c5b736{\nbackground-repeat:no-repeat;\nbackground-image:url(https:\/\/cookinox.si\/wp-content\/uploads\/2022\/08\/hs-page-bg.jpg);\nbackground-position:50% 0%;\nbackground-attachment:scroll;\n}\n<\/style>\n<div id='av_section_2'  class='avia-section av-l7aa9a8z-28c7d970a84fbeb55503e68a72c5b736 main_color avia-section-default avia-no-border-styling  avia-builder-el-4  el_after_av_section  avia-builder-el-last  section-content1 avia-bg-style-scroll container_wrap fullsize'  data-section-bg-repeat='no-repeat'><div class='container av-section-cont-open' ><div class='template-page content  av-content-full alpha units'><div class='post-entry post-entry-type-page post-entry-2053'><div class='entry-content-wrapper clearfix'>\n<section  class='av_textblock_section av-l7aaair4-bd5ce5c4c14b991da9b47e0c5464b3ef'  itemscope=\"itemscope\" itemtype=\"https:\/\/schema.org\/CreativeWork\" ><div class='avia_textblock'  itemprop=\"text\" ><h2>VSAK DETAJL JE POMEMBEN<\/h2>\n<p>Najsodobnej\u0161i stroji in vrhunska izdelava nam omogo\u010dajo izdelavo in monta\u017eo kompleksnih izdelkov, ki ustrezajo najvi\u0161jim standardom v gostinstvu, turizmu, farmaciji in zdravstvenih ustanovah. Lastna proizvodnja nam omogo\u010da izjemno fleksibilnost in prilagodljivost nenehno spreminjajo\u010dim se zahtevam in standardom trga. Oprema in stroji, ki jih uporabljamo zagotavljajo najvi\u0161jo raven kakovosti izdelave ob upo\u0161tevanju vseh standardov.<\/p>\n<p>Na\u0161a ekipa visoko usposobljenih monterjev izvaja strokovno monta\u017eo vseh izdelkov, ki so testirani in proizvedeni v skladu z zahtevami naro\u010dnika \u0161e preden so dokon\u010dno odposlani naro\u010dniku.<\/p>\n<\/div><\/section>\n<div id='av-masonry-1' class='av-masonry av-l7aae9lp-934acd43b6a068b8d13c376631d142da noHover av-flex-size av-large-gap av-hover-overlay- av-masonry-animation-active av-masonry-col-2 av-caption-always av-caption-style- av-masonry-gallery '><div class=\"av-masonry-container isotope av-js-disabled\"><div class='av-masonry-entry isotope-item av-masonry-item-no-image '><\/div><div id='av-masonry-1-item-1678' data-av-masonry-item='1678' class='av-masonry-entry isotope-item post-1678 attachment type-attachment status-inherit hentry  av-masonry-item-with-image'    itemprop=\"thumbnailUrl\" ><div class='av-inner-masonry-sizer'><\/div><figure class='av-inner-masonry main_color'><div class=\"av-masonry-outerimage-container\"><div class='av-masonry-image-container'   ><img decoding=\"async\" width=\"1300\" height=\"870\" class=\"wp-image-1678 avia-img-lazy-loading-not-1678\"  src=\"https:\/\/cookinox.si\/wp-content\/uploads\/2022\/08\/production-and-assembly-1.jpg\" title=\"production-and-assembly-1\" alt=\"\" srcset=\"https:\/\/cookinox.si\/wp-content\/uploads\/2022\/08\/production-and-assembly-1.jpg 1300w, https:\/\/cookinox.si\/wp-content\/uploads\/2022\/08\/production-and-assembly-1-600x402.jpg 600w, https:\/\/cookinox.si\/wp-content\/uploads\/2022\/08\/production-and-assembly-1-300x201.jpg 300w, https:\/\/cookinox.si\/wp-content\/uploads\/2022\/08\/production-and-assembly-1-1030x689.jpg 1030w, https:\/\/cookinox.si\/wp-content\/uploads\/2022\/08\/production-and-assembly-1-768x514.jpg 768w, https:\/\/cookinox.si\/wp-content\/uploads\/2022\/08\/production-and-assembly-1-705x472.jpg 705w\" sizes=\"(max-width: 1300px) 100vw, 1300px\" \/><\/div><\/div><\/figure><\/div><!--end av-masonry entry--><div id='av-masonry-1-item-1680' data-av-masonry-item='1680' class='av-masonry-entry isotope-item post-1680 attachment type-attachment status-inherit hentry  av-masonry-item-with-image'    itemprop=\"thumbnailUrl\" ><div class='av-inner-masonry-sizer'><\/div><figure class='av-inner-masonry main_color'><div class=\"av-masonry-outerimage-container\"><div class='av-masonry-image-container'   ><img decoding=\"async\" width=\"1300\" height=\"870\" class=\"wp-image-1680 avia-img-lazy-loading-not-1680\"  src=\"https:\/\/cookinox.si\/wp-content\/uploads\/2022\/08\/production-and-assembly-2.jpg\" title=\"production-and-assembly-2\" alt=\"\" srcset=\"https:\/\/cookinox.si\/wp-content\/uploads\/2022\/08\/production-and-assembly-2.jpg 1300w, https:\/\/cookinox.si\/wp-content\/uploads\/2022\/08\/production-and-assembly-2-600x402.jpg 600w, https:\/\/cookinox.si\/wp-content\/uploads\/2022\/08\/production-and-assembly-2-300x201.jpg 300w, https:\/\/cookinox.si\/wp-content\/uploads\/2022\/08\/production-and-assembly-2-1030x689.jpg 1030w, https:\/\/cookinox.si\/wp-content\/uploads\/2022\/08\/production-and-assembly-2-768x514.jpg 768w, https:\/\/cookinox.si\/wp-content\/uploads\/2022\/08\/production-and-assembly-2-705x472.jpg 705w\" sizes=\"(max-width: 1300px) 100vw, 1300px\" \/><\/div><\/div><\/figure><\/div><!--end av-masonry entry--><div id='av-masonry-1-item-1682' data-av-masonry-item='1682' class='av-masonry-entry isotope-item post-1682 attachment type-attachment status-inherit hentry  av-masonry-item-with-image'    itemprop=\"thumbnailUrl\" ><div class='av-inner-masonry-sizer'><\/div><figure class='av-inner-masonry main_color'><div class=\"av-masonry-outerimage-container\"><div class='av-masonry-image-container'   ><img decoding=\"async\" width=\"1300\" height=\"870\" class=\"wp-image-1682 avia-img-lazy-loading-not-1682\"  src=\"https:\/\/cookinox.si\/wp-content\/uploads\/2022\/08\/production-and-assembly-3.jpg\" title=\"production-and-assembly-3\" alt=\"\" srcset=\"https:\/\/cookinox.si\/wp-content\/uploads\/2022\/08\/production-and-assembly-3.jpg 1300w, https:\/\/cookinox.si\/wp-content\/uploads\/2022\/08\/production-and-assembly-3-600x402.jpg 600w, https:\/\/cookinox.si\/wp-content\/uploads\/2022\/08\/production-and-assembly-3-300x201.jpg 300w, https:\/\/cookinox.si\/wp-content\/uploads\/2022\/08\/production-and-assembly-3-1030x689.jpg 1030w, https:\/\/cookinox.si\/wp-content\/uploads\/2022\/08\/production-and-assembly-3-768x514.jpg 768w, https:\/\/cookinox.si\/wp-content\/uploads\/2022\/08\/production-and-assembly-3-705x472.jpg 705w\" sizes=\"(max-width: 1300px) 100vw, 1300px\" \/><\/div><\/div><\/figure><\/div><!--end av-masonry entry--><div id='av-masonry-1-item-1684' data-av-masonry-item='1684' class='av-masonry-entry isotope-item post-1684 attachment type-attachment status-inherit hentry  av-masonry-item-with-image'    itemprop=\"thumbnailUrl\" ><div class='av-inner-masonry-sizer'><\/div><figure class='av-inner-masonry main_color'><div class=\"av-masonry-outerimage-container\"><div class='av-masonry-image-container'   ><img decoding=\"async\" width=\"1300\" height=\"870\" class=\"wp-image-1684 avia-img-lazy-loading-not-1684\"  src=\"https:\/\/cookinox.si\/wp-content\/uploads\/2022\/08\/production-and-assembly-4.jpg\" title=\"production-and-assembly-4\" alt=\"\" srcset=\"https:\/\/cookinox.si\/wp-content\/uploads\/2022\/08\/production-and-assembly-4.jpg 1300w, https:\/\/cookinox.si\/wp-content\/uploads\/2022\/08\/production-and-assembly-4-600x402.jpg 600w, https:\/\/cookinox.si\/wp-content\/uploads\/2022\/08\/production-and-assembly-4-300x201.jpg 300w, https:\/\/cookinox.si\/wp-content\/uploads\/2022\/08\/production-and-assembly-4-1030x689.jpg 1030w, https:\/\/cookinox.si\/wp-content\/uploads\/2022\/08\/production-and-assembly-4-768x514.jpg 768w, https:\/\/cookinox.si\/wp-content\/uploads\/2022\/08\/production-and-assembly-4-705x472.jpg 705w\" sizes=\"(max-width: 1300px) 100vw, 1300px\" \/><\/div><\/div><\/figure><\/div><!--end av-masonry entry--><\/div><\/div>\n<div class='flex_column av-aecij-af1d2bc0072417a1e5ba1b02d6ca9a79 av_one_full  avia-builder-el-7  el_after_av_masonry_gallery  avia-builder-el-no-sibling  first flex_column_div '     ><section  class='av_textblock_section av-l7ackcvc-e130348db7114728ef705499f5da3de6'  itemscope=\"itemscope\" itemtype=\"https:\/\/schema.org\/CreativeWork\" ><div class='avia_textblock'  itemprop=\"text\" ><p class=\"movie-link\"><a href=\"https:\/\/www.youtube.com\/watch?v=CmcEPLh4VmM\"><span class=\"\">Predstavitveni VIDEO<\/span> <span class=\"\"><img decoding=\"async\" src=\"\/wp-content\/uploads\/2022\/08\/left-arrow.png\" \/><\/span><\/a><\/p>\n<\/div><\/section><\/div>\n","protected":false},"excerpt":{"rendered":"","protected":false},"author":1,"featured_media":0,"parent":0,"menu_order":0,"comment_status":"closed","ping_status":"closed","template":"","meta":{"footnotes":""},"class_list":["post-2053","page","type-page","status-publish","hentry"],"_links":{"self":[{"href":"https:\/\/cookinox.si\/sl\/wp-json\/wp\/v2\/pages\/2053"}],"collection":[{"href":"https:\/\/cookinox.si\/sl\/wp-json\/wp\/v2\/pages"}],"about":[{"href":"https:\/\/cookinox.si\/sl\/wp-json\/wp\/v2\/types\/page"}],"author":[{"embeddable":true,"href":"https:\/\/cookinox.si\/sl\/wp-json\/wp\/v2\/users\/1"}],"replies":[{"embeddable":true,"href":"https:\/\/cookinox.si\/sl\/wp-json\/wp\/v2\/comments?post=2053"}],"version-history":[{"count":7,"href":"https:\/\/cookinox.si\/sl\/wp-json\/wp\/v2\/pages\/2053\/revisions"}],"predecessor-version":[{"id":3496,"href":"https:\/\/cookinox.si\/sl\/wp-json\/wp\/v2\/pages\/2053\/revisions\/3496"}],"wp:attachment":[{"href":"https:\/\/cookinox.si\/sl\/wp-json\/wp\/v2\/media?parent=2053"}],"curies":[{"name":"wp","href":"https:\/\/api.w.org\/{rel}","templated":true}]}}