{"id":1980,"date":"2022-08-23T09:07:16","date_gmt":"2022-08-23T07:07:16","guid":{"rendered":"https:\/\/cookinox.si\/?page_id=1980"},"modified":"2023-11-13T16:07:12","modified_gmt":"2023-11-13T15:07:12","slug":"centralni-kuhalni-bloki-cookinox","status":"publish","type":"page","link":"https:\/\/cookinox.si\/sl\/izdelki\/centralni-kuhalni-bloki-cookinox\/","title":{"rendered":"Kuhalni bloki &#8220;A la Cookinox&#8221;"},"content":{"rendered":"\n<style type=\"text\/css\" data-created_by=\"avia_inline_auto\" id=\"style-css-av-l75ys0oa-80e81ef19d6f821d529df0d2336760c4\">\n.avia-section.av-l75ys0oa-80e81ef19d6f821d529df0d2336760c4{\nbackground-repeat:no-repeat;\nbackground-image:url(https:\/\/cookinox.si\/wp-content\/uploads\/2022\/08\/cooking-suites-cookinox.jpg);\nbackground-position:50% 50%;\nbackground-attachment:scroll;\n}\n<\/style>\n<div id='av_section_1'  class='avia-section av-l75ys0oa-80e81ef19d6f821d529df0d2336760c4 main_color avia-section-default avia-no-border-styling  avia-builder-el-0  el_before_av_section  avia-builder-el-first  product-opening avia-bg-style-scroll av-minimum-height av-minimum-height-75  container_wrap fullsize'  data-section-bg-repeat='no-repeat' data-av_minimum_height_pc='75'><div class='container av-section-cont-open' ><main  role=\"main\" itemprop=\"mainContentOfPage\"  class='template-page content  av-content-full alpha units'><div class='post-entry post-entry-type-page post-entry-1980'><div class='entry-content-wrapper clearfix'>\n<div class='flex_column av-20uvh-14e81bf692e9cb071c25dc6cb0ca6ce4 av_three_fifth  avia-builder-el-1  el_before_av_two_fifth  avia-builder-el-first  first flex_column_div '     ><section  class='av_textblock_section av-l75yv4qc-f00fc26ffdcb71dcba3b51bcc0efd9fb'  itemscope=\"itemscope\" itemtype=\"https:\/\/schema.org\/CreativeWork\" ><div class='avia_textblock'  itemprop=\"text\" ><p><img loading=\"lazy\" decoding=\"async\" class=\"alignnone size-full wp-image-223\" src=\"https:\/\/cookinox.si\/wp-content\/uploads\/2022\/08\/number1.png\" alt=\"\" width=\"278\" height=\"225\" \/><\/p>\n<h1>KUHALNI BLOKI<br \/>\n&#8220;A la Cookinox&#8221;<\/h1>\n<\/div><\/section><\/div><div class='flex_column av-dekvh-661fa48f0fed9e9832c69b06257ac035 av_two_fifth  avia-builder-el-3  el_after_av_three_fifth  avia-builder-el-last  flex_column_div '     ><\/div>\n\n<\/div><\/div><\/main><!-- close content main element --><\/div><\/div><div id='av_section_2'  class='avia-section av-l75yvlsb-7cf4043ad880bd167a0382407291c6f3 main_color avia-section-default avia-no-border-styling  avia-builder-el-5  el_after_av_section  el_before_av_section  product-intro avia-bg-style-scroll container_wrap fullsize'  ><div class='container av-section-cont-open' ><div class='template-page content  av-content-full alpha units'><div class='post-entry post-entry-type-page post-entry-1980'><div class='entry-content-wrapper clearfix'>\n<section  class='av_textblock_section av-l75yw3d8-f810c2cd85d4c24b02b4ae364555d1bb'  itemscope=\"itemscope\" itemtype=\"https:\/\/schema.org\/CreativeWork\" ><div class='avia_textblock'  itemprop=\"text\" ><h2>KUHALNI BLOKI \u00bbA la Cookinox\u00ab<\/h2>\n<p>Kuhalni bloki raznovrstnih dizajnov so izdelani iz prvovrstnih materialov ter z vgrajenimi termi\u010dnimi (kuhalnimi) aparati najvi\u0161jega kakovostnega razreda. Vsak Cookinox kuhalni blok je unikaten tako po obliki kot po konfiguraciji. Pri zasnovi vsakega posameznega bloka v celoti upo\u0161tevamo \u017eelje in zahteve stranke, katerim le-tega kasneje skozi konstrukcijo v celoti prilagodimo. Osnovni &#8211; gornji del kuhalnega bloka je izdelan zelo robustno in homogeno, iz debelih materialov in s \u0161tevilnimi, uporabniku nevidnimi oja\u010ditvami, kar prepre\u010duje kakr\u0161nokoli zvijanje in deformacije pri uporabi in vro\u010dinskih obremenitvah. Spodnji del \u2013 podstavki kuhalnega bloka so izdelani v eni izmed Cookinox higienskih razli\u010dic &#8211; Elegance Line ali H2 Light Line ali v\u00a0 eni izmed higienskih razli\u010dic standarda DIN18865-9 in sicer H1, H2 oz. H3. Na \u017eeljo stranke lahko v podstavek kuhalnega bloka vgradimo tudi hladilne ali grelne elemente.<\/p>\n<\/div><\/section>\n\n<\/div><\/div><\/div><!-- close content main div --><\/div><\/div>\n<style type=\"text\/css\" data-created_by=\"avia_inline_auto\" id=\"style-css-av-l75zs337-4d1b7982a035c38dd404ccdb2a3a2850\">\n.avia-section.av-l75zs337-4d1b7982a035c38dd404ccdb2a3a2850{\nbackground-repeat:no-repeat;\nbackground-image:url(https:\/\/cookinox.si\/wp-content\/uploads\/2022\/08\/bg-1.png);\nbackground-position:50% 50%;\nbackground-attachment:scroll;\n}\n<\/style>\n<div id='av_section_3'  class='avia-section av-l75zs337-4d1b7982a035c38dd404ccdb2a3a2850 main_color avia-section-default avia-no-border-styling  avia-builder-el-7  el_after_av_section  el_before_av_section  product-benefits avia-bg-style-scroll container_wrap fullsize'  data-section-bg-repeat='no-repeat'><div class='container av-section-cont-open' ><div class='template-page content  av-content-full alpha units'><div class='post-entry post-entry-type-page post-entry-1980'><div class='entry-content-wrapper clearfix'>\n<div class='flex_column_table av-l75zx4a8-80891175439e5f5d7b40fc6826845920 sc-av_one_half av-equal-height-column-flextable'><div class='flex_column av-l75zx4a8-80891175439e5f5d7b40fc6826845920 av_one_half  avia-builder-el-8  el_before_av_one_half  avia-builder-el-first  first flex_column_table_cell av-equal-height-column av-align-middle '     ><style type=\"text\/css\" data-created_by=\"avia_inline_auto\" id=\"style-css-av-l75zq9cw-99796fc62678fef8599aae087bfe9980\">\n.avia-image-container.av-l75zq9cw-99796fc62678fef8599aae087bfe9980 img.avia_image{\nbox-shadow:none;\n}\n.avia-image-container.av-l75zq9cw-99796fc62678fef8599aae087bfe9980 .av-image-caption-overlay-center{\ncolor:#ffffff;\n}\n<\/style>\n<div  class='avia-image-container av-l75zq9cw-99796fc62678fef8599aae087bfe9980 av-styling-no-styling avia-align-center  avia-builder-el-9  avia-builder-el-no-sibling '   itemprop=\"image\" itemscope=\"itemscope\" itemtype=\"https:\/\/schema.org\/ImageObject\" ><div class=\"avia-image-container-inner\"><div class=\"avia-image-overlay-wrap\"><img decoding=\"async\" class='wp-image-3729 avia-img-lazy-loading-not-3729 avia_image ' src=\"https:\/\/cookinox.si\/wp-content\/uploads\/2023\/11\/cooking-suite-cookinox-23-1-1.png\" alt='' title='cooking-suite-cookinox-23-1-1'  height=\"592\" width=\"819\"  itemprop=\"thumbnailUrl\" srcset=\"https:\/\/cookinox.si\/wp-content\/uploads\/2023\/11\/cooking-suite-cookinox-23-1-1.png 819w, https:\/\/cookinox.si\/wp-content\/uploads\/2023\/11\/cooking-suite-cookinox-23-1-1-300x217.png 300w, https:\/\/cookinox.si\/wp-content\/uploads\/2023\/11\/cooking-suite-cookinox-23-1-1-768x555.png 768w, https:\/\/cookinox.si\/wp-content\/uploads\/2023\/11\/cooking-suite-cookinox-23-1-1-705x510.png 705w, https:\/\/cookinox.si\/wp-content\/uploads\/2023\/11\/cooking-suite-cookinox-23-1-1-450x325.png 450w, https:\/\/cookinox.si\/wp-content\/uploads\/2023\/11\/cooking-suite-cookinox-23-1-1-600x434.png 600w\" sizes=\"(max-width: 819px) 100vw, 819px\" \/><\/div><\/div><\/div><\/div><div class='av-flex-placeholder'><\/div><div class='flex_column av-8dgt9-2c0d67fb722e060c2417c2b7ba0d421e av_one_half  avia-builder-el-10  el_after_av_one_half  avia-builder-el-last  flex_column_table_cell av-equal-height-column av-align-middle '     ><section  class='av_textblock_section av-l75zrmdr-a830390230b2ecfc5050f660a07d0a2e'  itemscope=\"itemscope\" itemtype=\"https:\/\/schema.org\/CreativeWork\" ><div class='avia_textblock'  itemprop=\"text\" ><h3>Na\u0161e prioritete pri izdelavi:<\/h3>\n<ul>\n<li>uporabna vrednost<\/li>\n<li>kakovost izdelave<\/li>\n<li>kakovost vgrajenih aparatov<\/li>\n<li>vzdr\u017eljivost in dolga \u017eivljenjska doba<\/li>\n<li>dizajn<\/li>\n<li>higiena<\/li>\n<\/ul>\n<\/div><\/section><\/div><\/div><!--close column table wrapper. Autoclose: 1 -->\n\n<\/div><\/div><\/div><!-- close content main div --><\/div><\/div><div id='av_section_4'  class='avia-section av-l760sqss-518b3ba123ac6aa65d4b37cd45eca5b7 main_color avia-section-default avia-no-border-styling  avia-builder-el-12  el_after_av_section  el_before_av_section  product-owl1 avia-bg-style-scroll container_wrap fullsize'  ><div class='container av-section-cont-open' ><div class='template-page content  av-content-full alpha units'><div class='post-entry post-entry-type-page post-entry-1980'><div class='entry-content-wrapper clearfix'>\n<div class='flex_column av-14lrn9-bb552c9920d51b736fa0c2404749f38a av_one_half  avia-builder-el-13  el_before_av_one_half  avia-builder-el-first  first flex_column_div '     ><section  class='av_textblock_section av-l760sfvd-da584d1977d15648b12614063ba30c31'  itemscope=\"itemscope\" itemtype=\"https:\/\/schema.org\/CreativeWork\" ><div class='avia_textblock'  itemprop=\"text\" ><h3>Galerija<\/h3>\n<\/div><\/section><\/div><div class='flex_column av-zkuj1-d9ed92bd2d103e37b95b8c51a7bc63dc av_one_half  avia-builder-el-15  el_after_av_one_half  el_before_av_one_full  flex_column_div '     ><\/div><div class='flex_column av-p4cil-480bec3d7b25677165e19b4e0101469c av_one_full  avia-builder-el-16  el_after_av_one_half  avia-builder-el-last  first flex_column_div column-top-margin'     ><p><br \/>\n<\/p><\/div>\n\n<\/div><\/div><\/div><!-- close content main div --><\/div><\/div><div id='av_section_5'  class='avia-section av-l762yx0k-e496c3b37ca5322c72326b09b68a6930 main_color avia-section-default avia-no-border-styling  avia-builder-el-19  el_after_av_section  el_before_av_section  product-dekors avia-bg-style-scroll container_wrap fullsize'  ><div class='container av-section-cont-open' ><div class='template-page content  av-content-full alpha units'><div class='post-entry post-entry-type-page post-entry-1980'><div class='entry-content-wrapper clearfix'>\n<section  class='av_textblock_section av-l762epz2-443c618b294d150f3b567d4756e1fc4f'  itemscope=\"itemscope\" itemtype=\"https:\/\/schema.org\/CreativeWork\" ><div class='avia_textblock'  itemprop=\"text\" ><h2>\u0160iroka paleta DEKORJEV<\/h2>\n<p>Zavedamo se da je izbira povr\u0161inske obdelave klju\u010dni dejavnik pri oblikovanju opreme. Zato smo predani izdelavi izdelkov, ki izgledajo odli\u010dno in imajo kar se da dolgo \u017eivljenjsko dobo ter so v skladu z najstro\u017ejimi okoljskimi in higienskimi predpisi. Uporabljamo najbolj\u0161o opremo in najnaprednej\u0161a tehnolo\u0161ka sredstva, ki so na voljo, s ciljem dose\u010di sijo\u010d in briljanten kon\u010dni izdelek. S tem zagotavljamo maksimalno vzdr\u017eljivost in kakovost izdelka, zahvaljujo\u010d popolnemu nadzoru pri upravljanju uporabljenih materialov. V na\u0161i ponudbi lahko najdete \u0161irok nabor dodatnih barv in dekorjev, ki bodo ustrezale va\u0161emu ambientu.<\/p>\n<\/div><\/section>\n\n\n<\/div><\/div><\/div><!-- close content main div --><\/div><\/div><div id='av_section_6'  class='avia-section av-l7644vn4-83832caa33d4b1637cd3254384f3bad4 main_color avia-section-default avia-no-border-styling  avia-builder-el-22  el_after_av_section  el_before_av_section  product-advantages avia-bg-style-scroll container_wrap fullsize'  ><div class='container av-section-cont-open' ><div class='template-page content  av-content-full alpha units'><div class='post-entry post-entry-type-page post-entry-1980'><div class='entry-content-wrapper clearfix'>\n<div class='flex_column av-kzcbh-b805ffd4e3a10edf6ed585769f330a93 av_one_half  avia-builder-el-23  el_before_av_one_half  avia-builder-el-first  first flex_column_div '     ><section  class='av_textblock_section av-l7644g3f-7960d64c48697e6d634f67a85c7507d9'  itemscope=\"itemscope\" itemtype=\"https:\/\/schema.org\/CreativeWork\" ><div class='avia_textblock'  itemprop=\"text\" ><h3>Prednosti<\/h3>\n<\/div><\/section><\/div><div class='flex_column av-en84l-7c0f3188846c4e3e5bfffaf37200d7a3 av_one_half  avia-builder-el-25  el_after_av_one_half  el_before_av_one_full  flex_column_div '     ><\/div><div class='flex_column av-96t51-de8afe08796918363222df40b204f8ea av_one_full  avia-builder-el-26  el_after_av_one_half  avia-builder-el-last  first flex_column_div column-top-margin'     ><p><br \/>\n<\/p><\/div><\/div><\/div><\/div><!-- close content main div --><\/div><\/div><div id='av_section_7'  class='avia-section av-l764t5de-150ccd09791479ef1349060eb4f33e23 main_color avia-section-default avia-no-border-styling  avia-builder-el-29  el_after_av_section  el_before_av_section  product-catalogue avia-bg-style-scroll container_wrap fullsize'  ><div class='container av-section-cont-open' ><div class='template-page content  av-content-full alpha units'><div class='post-entry post-entry-type-page post-entry-1980'><div class='entry-content-wrapper clearfix'>\n\n<style type=\"text\/css\" data-created_by=\"avia_inline_auto\" id=\"style-css-av-l764tt49-e342e15f88d0587c448a131da2f8510e\">\n.flex_column.av-l764tt49-e342e15f88d0587c448a131da2f8510e{\nbackground-color:#e50019;\n}\n<\/style>\n<div class='flex_column av-l764tt49-e342e15f88d0587c448a131da2f8510e av_one_full  avia-builder-el-30  avia-builder-el-no-sibling  first flex_column_div avia-link-column av-column-link avia-link-column-hover '    data-link-column-url=\"\/sl\/katalogi\/\"  data-link-column-target=\"_blank\"   ><a class=\"av-screen-reader-only\" href=\"\/sl\/katalogi\/\" target=\"_blank\" title=\"Cookinox Catalogue\" rel=\"noopener\">Follow a manual added link<\/a><section  class='av_textblock_section av-l764svzp-c4728b3b336d1c1565a5ee797e179200'  itemscope=\"itemscope\" itemtype=\"https:\/\/schema.org\/CreativeWork\" ><div class='avia_textblock'  itemprop=\"text\" ><p class=\"\"><span class=\"\">OGLEJTE SI KATALOG<\/span> <span class=\"\"><img decoding=\"async\" src=\"\/wp-content\/uploads\/2022\/08\/left-arrow.png\" \/><\/span><\/p>\n<\/div><\/section><\/div>\n<\/p>\n<\/div><\/div><\/div><!-- close content main div --><\/div><\/div><div id='av_section_8'  class='avia-section av-l765kira-8742bed2a08e4f99dc16409e6cd9299d main_color avia-section-default avia-no-border-styling  avia-builder-el-32  el_after_av_section  el_before_av_section  product-hs avia-bg-style-scroll container_wrap fullsize'  ><div class='container av-section-cont-open' ><div class='template-page content  av-content-full alpha units'><div class='post-entry post-entry-type-page post-entry-1980'><div class='entry-content-wrapper clearfix'>\n<section  class='av_textblock_section av-l765kprn-97a8434558ce2a8d252291c336f7818e'  itemscope=\"itemscope\" itemtype=\"https:\/\/schema.org\/CreativeWork\" ><div class='avia_textblock'  itemprop=\"text\" ><h2>COOKINOX  HIGIENSKI STANDARDI<\/h2>\n<\/div><\/section>\n\n\n<\/div><\/div><\/div><!-- close content main div --><\/div><\/div><div id='av_section_9'  class='avia-section av-l768ilk8-fb2a7e0f25b63a8bcff64b6b46d96f4d main_color avia-section-default avia-no-border-styling  avia-builder-el-35  el_after_av_section  el_before_av_section  product-masonry avia-bg-style-scroll container_wrap fullsize'  ><div class='container av-section-cont-open' ><div class='template-page content  av-content-full alpha units'><div class='post-entry post-entry-type-page post-entry-1980'><div class='entry-content-wrapper clearfix'>\n<section  class='av_textblock_section av-l768gq0l-c15e1972afd8703a9e0665ef9147c1bf'  itemscope=\"itemscope\" itemtype=\"https:\/\/schema.org\/CreativeWork\" ><div class='avia_textblock'  itemprop=\"text\" ><h2 style=\"text-align: center; margin-bottom: 100px; margin-top: 50px;\">Galerija<\/h2>\n<\/div><\/section>\n<div id='av-masonry-1' class='av-masonry av-l768ib9a-c596dd2d0120144315f6cd1d4f416c4c noHover av-fixed-size av-large-gap av-hover-overlay-active av-masonry-animation- av-masonry-col-3 av-caption-always av-caption-style- av-masonry-gallery av-desktop-columns-overwrite av-desktop-columns-3 '><div class=\"av-masonry-container isotope av-js-disabled\"><div class='av-masonry-entry isotope-item av-masonry-item-no-image '><\/div><a href=\"https:\/\/cookinox.si\/wp-content\/uploads\/2022\/08\/cooking-suits-gallery-4-570x1030.jpg\" data-srcset=\"https:\/\/cookinox.si\/wp-content\/uploads\/2022\/08\/cooking-suits-gallery-4-570x1030.jpg 570w, https:\/\/cookinox.si\/wp-content\/uploads\/2022\/08\/cooking-suits-gallery-4-600x1083.jpg 600w, https:\/\/cookinox.si\/wp-content\/uploads\/2022\/08\/cooking-suits-gallery-4-166x300.jpg 166w, https:\/\/cookinox.si\/wp-content\/uploads\/2022\/08\/cooking-suits-gallery-4-768x1387.jpg 768w, https:\/\/cookinox.si\/wp-content\/uploads\/2022\/08\/cooking-suits-gallery-4-390x705.jpg 390w, https:\/\/cookinox.si\/wp-content\/uploads\/2022\/08\/cooking-suits-gallery-4.jpg 782w\" data-sizes=\"(max-width: 570px) 100vw, 570px\"  aria-label=\"image cooking-suits-gallery-4\"  id='av-masonry-1-item-1494' data-av-masonry-item='1494' class='av-masonry-entry isotope-item post-1494 attachment type-attachment status-inherit hentry  av-masonry-item-with-image av-portrait-img' title=\"cooking-suits-gallery-4\" alt=\"\"    itemprop=\"thumbnailUrl\" ><div class='av-inner-masonry-sizer'><\/div><figure class='av-inner-masonry main_color'><div class=\"av-masonry-outerimage-container\"><div class='av-masonry-image-container' style=\"background-image: url(https:\/\/cookinox.si\/wp-content\/uploads\/2022\/08\/cooking-suits-gallery-4.jpg);\"  title=\"cooking-suits-gallery-4\"  ><\/div><\/div><\/figure><\/a><!--end av-masonry entry--><a href=\"https:\/\/cookinox.si\/wp-content\/uploads\/2022\/08\/cooking-suits-gallery-3.jpg\" data-srcset=\"https:\/\/cookinox.si\/wp-content\/uploads\/2022\/08\/cooking-suits-gallery-3.jpg 782w, https:\/\/cookinox.si\/wp-content\/uploads\/2022\/08\/cooking-suits-gallery-3-600x542.jpg 600w, https:\/\/cookinox.si\/wp-content\/uploads\/2022\/08\/cooking-suits-gallery-3-300x271.jpg 300w, https:\/\/cookinox.si\/wp-content\/uploads\/2022\/08\/cooking-suits-gallery-3-768x693.jpg 768w, https:\/\/cookinox.si\/wp-content\/uploads\/2022\/08\/cooking-suits-gallery-3-705x636.jpg 705w\" data-sizes=\"(max-width: 782px) 100vw, 782px\"  aria-label=\"image cooking-suits-gallery-3\"  id='av-masonry-1-item-1492' data-av-masonry-item='1492' class='av-masonry-entry isotope-item post-1492 attachment type-attachment status-inherit hentry  av-masonry-item-with-image av-grid-img' title=\"cooking-suits-gallery-3\" alt=\"\"    itemprop=\"thumbnailUrl\" ><div class='av-inner-masonry-sizer'><\/div><figure class='av-inner-masonry main_color'><div class=\"av-masonry-outerimage-container\"><div class='av-masonry-image-container' style=\"background-image: url(https:\/\/cookinox.si\/wp-content\/uploads\/2022\/08\/cooking-suits-gallery-3.jpg);\"  title=\"cooking-suits-gallery-3\"  ><\/div><\/div><\/figure><\/a><!--end av-masonry entry--><a href=\"https:\/\/cookinox.si\/wp-content\/uploads\/2022\/08\/cooking-suits-gallery-2.jpg\" data-srcset=\"https:\/\/cookinox.si\/wp-content\/uploads\/2022\/08\/cooking-suits-gallery-2.jpg 782w, https:\/\/cookinox.si\/wp-content\/uploads\/2022\/08\/cooking-suits-gallery-2-600x542.jpg 600w, https:\/\/cookinox.si\/wp-content\/uploads\/2022\/08\/cooking-suits-gallery-2-300x271.jpg 300w, https:\/\/cookinox.si\/wp-content\/uploads\/2022\/08\/cooking-suits-gallery-2-768x693.jpg 768w, https:\/\/cookinox.si\/wp-content\/uploads\/2022\/08\/cooking-suits-gallery-2-705x636.jpg 705w\" data-sizes=\"(max-width: 782px) 100vw, 782px\"  aria-label=\"image cooking-suits-gallery-2\"  id='av-masonry-1-item-1490' data-av-masonry-item='1490' class='av-masonry-entry isotope-item post-1490 attachment type-attachment status-inherit hentry  av-masonry-item-with-image av-grid-img' title=\"cooking-suits-gallery-2\" alt=\"\"    itemprop=\"thumbnailUrl\" ><div class='av-inner-masonry-sizer'><\/div><figure class='av-inner-masonry main_color'><div class=\"av-masonry-outerimage-container\"><div class='av-masonry-image-container' style=\"background-image: url(https:\/\/cookinox.si\/wp-content\/uploads\/2022\/08\/cooking-suits-gallery-2.jpg);\"  title=\"cooking-suits-gallery-2\"  ><\/div><\/div><\/figure><\/a><!--end av-masonry entry--><a href=\"https:\/\/cookinox.si\/wp-content\/uploads\/2022\/08\/cookinox-cooking-suites-gallery-3.jpg\" data-srcset=\"https:\/\/cookinox.si\/wp-content\/uploads\/2022\/08\/cookinox-cooking-suites-gallery-3.jpg 650w, https:\/\/cookinox.si\/wp-content\/uploads\/2022\/08\/cookinox-cooking-suites-gallery-3-600x533.jpg 600w, https:\/\/cookinox.si\/wp-content\/uploads\/2022\/08\/cookinox-cooking-suites-gallery-3-300x266.jpg 300w\" data-sizes=\"(max-width: 650px) 100vw, 650px\"  aria-label=\"image cookinox-cooking-suites-gallery-3\"  id='av-masonry-1-item-1438' data-av-masonry-item='1438' class='av-masonry-entry isotope-item post-1438 attachment type-attachment status-inherit hentry  av-masonry-item-with-image av-grid-img' title=\"cookinox-cooking-suites-gallery-3\" alt=\"\"    itemprop=\"thumbnailUrl\" ><div class='av-inner-masonry-sizer'><\/div><figure class='av-inner-masonry main_color'><div class=\"av-masonry-outerimage-container\"><div class='av-masonry-image-container' style=\"background-image: url(https:\/\/cookinox.si\/wp-content\/uploads\/2022\/08\/cookinox-cooking-suites-gallery-3.jpg);\"  title=\"cookinox-cooking-suites-gallery-3\"  ><\/div><\/div><\/figure><\/a><!--end av-masonry entry--><a href=\"https:\/\/cookinox.si\/wp-content\/uploads\/2022\/08\/cookinox-cooking-suites-gallery-2.jpg\" data-srcset=\"https:\/\/cookinox.si\/wp-content\/uploads\/2022\/08\/cookinox-cooking-suites-gallery-2.jpg 650w, https:\/\/cookinox.si\/wp-content\/uploads\/2022\/08\/cookinox-cooking-suites-gallery-2-600x533.jpg 600w, https:\/\/cookinox.si\/wp-content\/uploads\/2022\/08\/cookinox-cooking-suites-gallery-2-300x266.jpg 300w\" data-sizes=\"(max-width: 650px) 100vw, 650px\"  aria-label=\"image cookinox-cooking-suites-gallery-2\"  id='av-masonry-1-item-1436' data-av-masonry-item='1436' class='av-masonry-entry isotope-item post-1436 attachment type-attachment status-inherit hentry  av-masonry-item-with-image av-grid-img' title=\"cookinox-cooking-suites-gallery-2\" alt=\"\"    itemprop=\"thumbnailUrl\" ><div class='av-inner-masonry-sizer'><\/div><figure class='av-inner-masonry main_color'><div class=\"av-masonry-outerimage-container\"><div class='av-masonry-image-container' style=\"background-image: url(https:\/\/cookinox.si\/wp-content\/uploads\/2022\/08\/cookinox-cooking-suites-gallery-2.jpg);\"  title=\"cookinox-cooking-suites-gallery-2\"  ><\/div><\/div><\/figure><\/a><!--end av-masonry entry--><\/div><\/div>\n\n<\/div><\/div><\/div><!-- close content main div --><\/div><\/div>\n<style type=\"text\/css\" data-created_by=\"avia_inline_auto\" id=\"style-css-av-l78sqbq6-294023103597ae72ee4068806922bab9\">\n.avia-section.av-l78sqbq6-294023103597ae72ee4068806922bab9{\nbackground-repeat:no-repeat;\nbackground-image:url(https:\/\/cookinox.si\/wp-content\/uploads\/2022\/08\/cookinox-banner-bg.jpg);\nbackground-position:50% 50%;\nbackground-attachment:scroll;\n}\n<\/style>\n<div id='av_section_10'  class='avia-section av-l78sqbq6-294023103597ae72ee4068806922bab9 main_color avia-section-default avia-no-border-styling  avia-builder-el-38  el_after_av_section  avia-builder-el-last  banner-movie avia-bg-style-scroll container_wrap fullsize'  data-section-bg-repeat='no-repeat'><div class='container av-section-cont-open' ><div class='template-page content  av-content-full alpha units'><div class='post-entry post-entry-type-page post-entry-1980'><div class='entry-content-wrapper clearfix'>\n<section  class='av_textblock_section av-l78sq241-da9fab3f64272c87d821a748e3cc375b'  itemscope=\"itemscope\" itemtype=\"https:\/\/schema.org\/CreativeWork\" ><div class='avia_textblock'  itemprop=\"text\" ><p class=\"\"><a href=\"https:\/\/www.youtube.com\/watch?v=CmcEPLh4VmM\"><span class=\"\">Predstavitveni VIDEO<\/span> <span class=\"\"><img decoding=\"async\" src=\"\/wp-content\/uploads\/2022\/08\/left-arrow.png\" \/><\/span><\/a><\/p>\n<\/div><\/section>\n\n","protected":false},"excerpt":{"rendered":"","protected":false},"author":1,"featured_media":0,"parent":1973,"menu_order":0,"comment_status":"closed","ping_status":"closed","template":"","meta":{"footnotes":""},"class_list":["post-1980","page","type-page","status-publish","hentry"],"_links":{"self":[{"href":"https:\/\/cookinox.si\/sl\/wp-json\/wp\/v2\/pages\/1980"}],"collection":[{"href":"https:\/\/cookinox.si\/sl\/wp-json\/wp\/v2\/pages"}],"about":[{"href":"https:\/\/cookinox.si\/sl\/wp-json\/wp\/v2\/types\/page"}],"author":[{"embeddable":true,"href":"https:\/\/cookinox.si\/sl\/wp-json\/wp\/v2\/users\/1"}],"replies":[{"embeddable":true,"href":"https:\/\/cookinox.si\/sl\/wp-json\/wp\/v2\/comments?post=1980"}],"version-history":[{"count":36,"href":"https:\/\/cookinox.si\/sl\/wp-json\/wp\/v2\/pages\/1980\/revisions"}],"predecessor-version":[{"id":3847,"href":"https:\/\/cookinox.si\/sl\/wp-json\/wp\/v2\/pages\/1980\/revisions\/3847"}],"up":[{"embeddable":true,"href":"https:\/\/cookinox.si\/sl\/wp-json\/wp\/v2\/pages\/1973"}],"wp:attachment":[{"href":"https:\/\/cookinox.si\/sl\/wp-json\/wp\/v2\/media?parent=1980"}],"curies":[{"name":"wp","href":"https:\/\/api.w.org\/{rel}","templated":true}]}}