{"id":1973,"date":"2022-08-23T07:37:18","date_gmt":"2022-08-23T05:37:18","guid":{"rendered":"https:\/\/cookinox.si\/?page_id=1973"},"modified":"2023-11-09T10:58:54","modified_gmt":"2023-11-09T09:58:54","slug":"izdelki","status":"publish","type":"page","link":"https:\/\/cookinox.si\/sl\/izdelki\/","title":{"rendered":"Izdelki"},"content":{"rendered":"\n<style type=\"text\/css\" data-created_by=\"avia_inline_auto\" id=\"style-css-av-zl62q-536da7a63dfe0246ac1f336a5f9a6f9d\">\n.avia-section.av-zl62q-536da7a63dfe0246ac1f336a5f9a6f9d{\nbackground-repeat:no-repeat;\nbackground-image:url(https:\/\/cookinox.si\/wp-content\/uploads\/2022\/08\/products-bg.jpg);\nbackground-position:50% 50%;\nbackground-attachment:scroll;\n}\n<\/style>\n<div id='av_section_1'  class='avia-section av-zl62q-536da7a63dfe0246ac1f336a5f9a6f9d main_color avia-section-default avia-no-border-styling  avia-builder-el-0  el_before_av_section  avia-builder-el-first  product-cat avia-bg-style-scroll container_wrap fullsize'  data-section-bg-repeat='no-repeat'><div class='container av-section-cont-open' ><main  role=\"main\" itemprop=\"mainContentOfPage\"  class='template-page content  av-content-full alpha units'><div class='post-entry post-entry-type-page post-entry-1973'><div class='entry-content-wrapper clearfix'>\n<div class='flex_column_table av-tfiwq-902b64b7d45731a9ab1294f2eb61f7be sc-av_two_fifth av-equal-height-column-flextable'><div class='flex_column av-tfiwq-902b64b7d45731a9ab1294f2eb61f7be av_two_fifth  avia-builder-el-1  el_before_av_three_fifth  avia-builder-el-first  text-column first no_margin flex_column_table_cell av-equal-height-column av-align-middle '     ><section  class='av_textblock_section av-l75y03xg-f303c97ea7aaa1e418ef22dbab7ecc0f'  itemscope=\"itemscope\" itemtype=\"https:\/\/schema.org\/CreativeWork\" ><div class='avia_textblock'  itemprop=\"text\" ><p><img decoding=\"async\" class=\"number\" src=\"\/wp-content\/uploads\/2022\/08\/number1.png\" alt=\"\" \/><\/p>\n<h2>KUHALNI BLOKI<br \/>\n&#8220;A la Cookinox&#8221;<\/h2>\n<p>Kuhalni bloki raznovrstnih dizajnov izdelani iz prvovrstnih materialov ter z vgrajenimi termi\u010dnimi &#8211; kuhalnimi elementi najvi\u0161jega kakovostnega razreda. Vsak Cookinox kuhalni blok je unikaten tako po obliki kot po konfiguraciji. Pri zasnovi vsakega posameznega kuhalnega bloka v celoti upo\u0161tevamo \u017eelje in kuharskih \u0160efov, katerim le-tega kasneje skozi konstrukcijo v celoti prilagodimo.<\/p>\n<p><a class=\"btn\" href=\"\/sl\/izdelki\/centralni-kuhalni-bloki-cookinox\/\">Ve\u010d<\/a><\/p>\n<p class=\"models\">Linija ELEGANCE\u00a0 &#8211;\u00a0 Linija H2 LIGHT\u00a0 &#8211;\u00a0 Linija Din H1\u00a0 &#8211;\u00a0 Linija Din H2\u00a0 &#8211;\u00a0 Linija Din H3<\/p>\n<\/div><\/section><\/div><div class='flex_column av-l75ybf8o-8ad5b7f9e7a58050fc15bd0e417e406e av_three_fifth  avia-builder-el-3  el_after_av_two_fifth  avia-builder-el-last  image-column right no_margin flex_column_table_cell av-equal-height-column av-align-middle '     ><p><br \/>\n\n<style type=\"text\/css\" data-created_by=\"avia_inline_auto\" id=\"style-css-av-l75y2ab6-e82a2bcd8a3b681921bc217210e94c79\">\n.avia-image-container.av-l75y2ab6-e82a2bcd8a3b681921bc217210e94c79 img.avia_image{\nbox-shadow:none;\n}\n.avia-image-container.av-l75y2ab6-e82a2bcd8a3b681921bc217210e94c79 .av-image-caption-overlay-center{\ncolor:#ffffff;\n}\n<\/style>\n<div  class='avia-image-container av-l75y2ab6-e82a2bcd8a3b681921bc217210e94c79 av-styling-no-styling avia-align-  avia-builder-el-5  el_after_av_codeblock  avia-builder-el-last '   itemprop=\"image\" itemscope=\"itemscope\" itemtype=\"https:\/\/schema.org\/ImageObject\" ><div class=\"avia-image-container-inner\"><div class=\"avia-image-overlay-wrap\"><img decoding=\"async\" class='wp-image-1424 avia-img-lazy-loading-not-1424 avia_image ' src=\"https:\/\/cookinox.si\/wp-content\/uploads\/2022\/08\/cookinox-cooking-suites-1.png\" alt='' title='cookinox-cooking-suites-1'  height=\"850\" width=\"934\"  itemprop=\"thumbnailUrl\" srcset=\"https:\/\/cookinox.si\/wp-content\/uploads\/2022\/08\/cookinox-cooking-suites-1.png 934w, https:\/\/cookinox.si\/wp-content\/uploads\/2022\/08\/cookinox-cooking-suites-1-600x546.png 600w, https:\/\/cookinox.si\/wp-content\/uploads\/2022\/08\/cookinox-cooking-suites-1-300x273.png 300w, https:\/\/cookinox.si\/wp-content\/uploads\/2022\/08\/cookinox-cooking-suites-1-768x699.png 768w, https:\/\/cookinox.si\/wp-content\/uploads\/2022\/08\/cookinox-cooking-suites-1-705x642.png 705w\" sizes=\"(max-width: 934px) 100vw, 934px\" \/><\/div><\/div><\/div><\/p><\/div><\/div><!--close column table wrapper. Autoclose: 1 -->\n\n<\/div><\/div><\/main><!-- close content main element --><\/div><\/div>\n<style type=\"text\/css\" data-created_by=\"avia_inline_auto\" id=\"style-css-av-ghiy-397bcdf2e91175225ebc9b9994fd4d30\">\n.avia-section.av-ghiy-397bcdf2e91175225ebc9b9994fd4d30{\nbackground-repeat:no-repeat;\nbackground-image:url(https:\/\/cookinox.si\/wp-content\/uploads\/2022\/08\/products-bg.jpg);\nbackground-position:50% 50%;\nbackground-attachment:scroll;\n}\n<\/style>\n<div id='av_section_2'  class='avia-section av-ghiy-397bcdf2e91175225ebc9b9994fd4d30 main_color avia-section-default avia-no-border-styling  avia-builder-el-6  el_after_av_section  el_before_av_section  product-cat avia-bg-style-scroll container_wrap fullsize'  data-section-bg-repeat='no-repeat'><div class='container av-section-cont-open' ><div class='template-page content  av-content-full alpha units'><div class='post-entry post-entry-type-page post-entry-1973'><div class='entry-content-wrapper clearfix'>\n<div class='flex_column_table av-3t44a-abf8ec461898ae8709bc21039dacfebe sc-av_two_fifth av-equal-height-column-flextable'><div class='flex_column av-3t44a-abf8ec461898ae8709bc21039dacfebe av_two_fifth  avia-builder-el-7  el_before_av_three_fifth  avia-builder-el-first  text-column first no_margin flex_column_table_cell av-equal-height-column av-align-middle '     ><section  class='av_textblock_section av-l75xz87k-ace5e4d91794b0b6b0ac6b0d042a46e0'  itemscope=\"itemscope\" itemtype=\"https:\/\/schema.org\/CreativeWork\" ><div class='avia_textblock'  itemprop=\"text\" ><p><img decoding=\"async\" class=\"number\" src=\"\/wp-content\/uploads\/2022\/08\/number2.png\" alt=\"\" \/><\/p>\n<h2>INOX GOSTINSKO<br \/>\nPOHI\u0160TVO<\/h2>\n<p>Inox pohi\u0161tvo podjetja Cookinox je v celoti izdelano po naro\u010dilu \u2013 \u017eeljah stranke. Izdelano je lahko v eni od naslednjih razli\u010dic: Linija ELEGANCE ali po standardu DIN18865-9 (H1, H2 ali H3). V vseh DIN razli\u010dicah so spodnji deli \u2013 podstavki pultov popolnoma zavarjeni in s higienskega vidika zagotavljajo mo\u017enost vzdr\u017eevanja najvi\u0161jega nivoja higiene v kuhinji. Poleg higienskega vidika je zelo pomemben tudi vidik velike robustnosti \u2013 vzdr\u017eljivosti opreme na dolgi rok. &#8230;<\/p>\n<p><a class=\"btn\" href=\"\/sl\/izdelki\/inox-gostinsko-pohistvo\/\">Ve\u010d<\/a><\/p>\n<p class=\"models\">Linija ELEGANCE\u00a0 &#8211;\u00a0 Linija H2 LIGHT\u00a0 &#8211;\u00a0 Linija Din H1\u00a0 &#8211;\u00a0 Linija Din H2\u00a0 &#8211;\u00a0 Linija Din H3<\/p>\n<\/div><\/section><\/div><div class='flex_column av-l75yboz3-89a324398ee4a31c718214a26813590e av_three_fifth  avia-builder-el-9  el_after_av_two_fifth  avia-builder-el-last  image-column right no_margin flex_column_table_cell av-equal-height-column av-align-middle '     ><p><br \/>\n\n<style type=\"text\/css\" data-created_by=\"avia_inline_auto\" id=\"style-css-av-l75xssgy-bdd6b223caac2a6c00b83a70fbf47188\">\n.avia-image-container.av-l75xssgy-bdd6b223caac2a6c00b83a70fbf47188 img.avia_image{\nbox-shadow:none;\n}\n.avia-image-container.av-l75xssgy-bdd6b223caac2a6c00b83a70fbf47188 .av-image-caption-overlay-center{\ncolor:#ffffff;\n}\n<\/style>\n<div  class='avia-image-container av-l75xssgy-bdd6b223caac2a6c00b83a70fbf47188 av-styling-no-styling avia-align-  avia-builder-el-11  el_after_av_codeblock  avia-builder-el-last '   itemprop=\"image\" itemscope=\"itemscope\" itemtype=\"https:\/\/schema.org\/ImageObject\" ><div class=\"avia-image-container-inner\"><div class=\"avia-image-overlay-wrap\"><img decoding=\"async\" class='wp-image-3744 avia-img-lazy-loading-not-3744 avia_image ' src=\"https:\/\/cookinox.si\/wp-content\/uploads\/2023\/11\/cookinox-custom-made-solutions-1-2.png\" alt='' title='cookinox-custom-made-solutions-1-2'  height=\"1001\" width=\"1467\"  itemprop=\"thumbnailUrl\" srcset=\"https:\/\/cookinox.si\/wp-content\/uploads\/2023\/11\/cookinox-custom-made-solutions-1-2.png 1467w, https:\/\/cookinox.si\/wp-content\/uploads\/2023\/11\/cookinox-custom-made-solutions-1-2-300x205.png 300w, https:\/\/cookinox.si\/wp-content\/uploads\/2023\/11\/cookinox-custom-made-solutions-1-2-1030x703.png 1030w, https:\/\/cookinox.si\/wp-content\/uploads\/2023\/11\/cookinox-custom-made-solutions-1-2-768x524.png 768w, https:\/\/cookinox.si\/wp-content\/uploads\/2023\/11\/cookinox-custom-made-solutions-1-2-705x481.png 705w, https:\/\/cookinox.si\/wp-content\/uploads\/2023\/11\/cookinox-custom-made-solutions-1-2-450x307.png 450w, https:\/\/cookinox.si\/wp-content\/uploads\/2023\/11\/cookinox-custom-made-solutions-1-2-600x409.png 600w\" sizes=\"(max-width: 1467px) 100vw, 1467px\" \/><\/div><\/div><\/div><\/p><\/div><\/div><!--close column table wrapper. Autoclose: 1 --><\/div><\/div><\/div><!-- close content main div --><\/div><\/div>\n<style type=\"text\/css\" data-created_by=\"avia_inline_auto\" id=\"style-css-av-l75w1zgv-534aa72d22461158032bc32fa0ab9589\">\n.avia-section.av-l75w1zgv-534aa72d22461158032bc32fa0ab9589{\nbackground-repeat:no-repeat;\nbackground-image:url(https:\/\/cookinox.si\/wp-content\/uploads\/2022\/08\/products-bg.jpg);\nbackground-position:50% 50%;\nbackground-attachment:scroll;\n}\n<\/style>\n<div id='av_section_3'  class='avia-section av-l75w1zgv-534aa72d22461158032bc32fa0ab9589 main_color avia-section-default avia-no-border-styling  avia-builder-el-12  el_after_av_section  el_before_av_section  product-cat avia-bg-style-scroll container_wrap fullsize'  data-section-bg-repeat='no-repeat'><div class='container av-section-cont-open' ><div class='template-page content  av-content-full alpha units'><div class='post-entry post-entry-type-page post-entry-1973'><div class='entry-content-wrapper clearfix'>\n<div class='flex_column_table av-l75w0761-12c89244fec307b77f28c1a50e832634 sc-av_two_fifth av-equal-height-column-flextable'><div class='flex_column av-l75w0761-12c89244fec307b77f28c1a50e832634 av_two_fifth  avia-builder-el-13  el_before_av_three_fifth  avia-builder-el-first  text-column first no_margin flex_column_table_cell av-equal-height-column av-align-middle '     ><section  class='av_textblock_section av-l75vzxh8-1d5a38b943e2ebc283ec6da8b0372b62'  itemscope=\"itemscope\" itemtype=\"https:\/\/schema.org\/CreativeWork\" ><div class='avia_textblock'  itemprop=\"text\" ><p><img decoding=\"async\" class=\"number\" src=\"\/wp-content\/uploads\/2022\/08\/number3.png\" alt=\"\" \/><\/p>\n<h2>HLADILNI PULTI<br \/>\nZA PIJA\u010cE<\/h2>\n<p>Hladilni pulti za pija\u010de Cookinox so lahko raznih izvedb tako po konfiguraciji samega hladilnega sistema kot po konfiguraciji vgrajene opreme. Izbirate lahko med vrati ali predali, ki so lahko v celoti inox ali v kombinaciji z izolativnim steklom, lahko pa so izvedeni tudi z dekorativno oblogo po izboru kupca. Hladilni pulti so lahko opcijsko tudi lakirani v barvo po izboru kupca. Hladilne pulte lahko dodatno opremimo z bazeni za led in hlajenimi bazeni za pija\u010de, kot tudi s samostojnimi cocktail enotami. Predali so opremljeni s pre\u010dkami za prepre\u010devanje premikanja in padanja steklenic med odpiranjem in zapiranjem, ko le-ti niso polno napolnjeni. Hladilni pulti za pija\u010de s steklenimi li\u010dnicami vrat in predalov so opcijsko opremljeni z ambientalno LED osvetlitvijo notranjosti.<\/p>\n<p><a class=\"btn\" href=\"\/sl\/izdelki\/hlajeni-pulti-za-pijace\/\">Ve\u010d<\/a><\/p>\n<\/div><\/section><\/div><div class='flex_column av-l75w0mmp-9423e8b1bf5f73fbecbfc75339d2ff6f av_three_fifth  avia-builder-el-15  el_after_av_two_fifth  avia-builder-el-last  image-column no_margin flex_column_table_cell av-equal-height-column av-align-middle '     ><p><br \/>\n\n<style type=\"text\/css\" data-created_by=\"avia_inline_auto\" id=\"style-css-av-l75w2ok6-9ade9497078e1280e72889baf8611f56\">\n.avia-image-container.av-l75w2ok6-9ade9497078e1280e72889baf8611f56 img.avia_image{\nbox-shadow:none;\n}\n.avia-image-container.av-l75w2ok6-9ade9497078e1280e72889baf8611f56 .av-image-caption-overlay-center{\ncolor:#ffffff;\n}\n<\/style>\n<div  class='avia-image-container av-l75w2ok6-9ade9497078e1280e72889baf8611f56 av-styling-no-styling avia-align-center  avia-builder-el-17  el_after_av_codeblock  avia-builder-el-last '   itemprop=\"image\" itemscope=\"itemscope\" itemtype=\"https:\/\/schema.org\/ImageObject\" ><div class=\"avia-image-container-inner\"><div class=\"avia-image-overlay-wrap\"><img decoding=\"async\" class='wp-image-1408 avia-img-lazy-loading-not-1408 avia_image ' src=\"https:\/\/cookinox.si\/wp-content\/uploads\/2022\/08\/COOKINOX_BEVERAGES_REFRIGERATED_COUNTERS_2022.png\" alt='' title='COOKINOX_BEVERAGES_REFRIGERATED_COUNTERS_2022'  height=\"652\" width=\"784\"  itemprop=\"thumbnailUrl\" srcset=\"https:\/\/cookinox.si\/wp-content\/uploads\/2022\/08\/COOKINOX_BEVERAGES_REFRIGERATED_COUNTERS_2022.png 784w, https:\/\/cookinox.si\/wp-content\/uploads\/2022\/08\/COOKINOX_BEVERAGES_REFRIGERATED_COUNTERS_2022-600x499.png 600w, https:\/\/cookinox.si\/wp-content\/uploads\/2022\/08\/COOKINOX_BEVERAGES_REFRIGERATED_COUNTERS_2022-300x249.png 300w, https:\/\/cookinox.si\/wp-content\/uploads\/2022\/08\/COOKINOX_BEVERAGES_REFRIGERATED_COUNTERS_2022-768x639.png 768w, https:\/\/cookinox.si\/wp-content\/uploads\/2022\/08\/COOKINOX_BEVERAGES_REFRIGERATED_COUNTERS_2022-705x586.png 705w\" sizes=\"(max-width: 784px) 100vw, 784px\" \/><\/div><\/div><\/div><\/p><\/div><\/div><!--close column table wrapper. Autoclose: 1 -->\n<\/p>\n<\/div><\/div><\/div><!-- close content main div --><\/div><\/div>\n<style type=\"text\/css\" data-created_by=\"avia_inline_auto\" id=\"style-css-av-is2wa-3e0acdce756085e049bc5d019916a168\">\n.avia-section.av-is2wa-3e0acdce756085e049bc5d019916a168{\nbackground-repeat:no-repeat;\nbackground-image:url(https:\/\/cookinox.si\/wp-content\/uploads\/2022\/08\/products-bg.jpg);\nbackground-position:50% 50%;\nbackground-attachment:scroll;\n}\n<\/style>\n<div id='av_section_4'  class='avia-section av-is2wa-3e0acdce756085e049bc5d019916a168 main_color avia-section-default avia-no-border-styling  avia-builder-el-18  el_after_av_section  avia-builder-el-last  product-cat avia-bg-style-scroll container_wrap fullsize'  data-section-bg-repeat='no-repeat'><div class='container av-section-cont-open' ><div class='template-page content  av-content-full alpha units'><div class='post-entry post-entry-type-page post-entry-1973'><div class='entry-content-wrapper clearfix'>\n<div class='flex_column_table av-f84ey-6860704a24d73681f9a20b483b5291e7 sc-av_two_fifth av-equal-height-column-flextable'><div class='flex_column av-f84ey-6860704a24d73681f9a20b483b5291e7 av_two_fifth  avia-builder-el-19  el_before_av_three_fifth  avia-builder-el-first  text-column first no_margin flex_column_table_cell av-equal-height-column av-align-middle '     ><section  class='av_textblock_section av-l75y0umh-4ea35d605d730e78239a33283f6dc5ac'  itemscope=\"itemscope\" itemtype=\"https:\/\/schema.org\/CreativeWork\" ><div class='avia_textblock'  itemprop=\"text\" ><p><img decoding=\"async\" class=\"number\" src=\"\/wp-content\/uploads\/2022\/08\/number4.png\" alt=\"\" \/><\/p>\n<h2>HLADILNI in<br \/>\nZAMRZOVALNI<br \/>\nPULTI ZA HRANO<\/h2>\n<p>Vse komore hladilnih pultov, kot tudi li\u010dnice vrat in predalov ter vsi hladilni bazeni izdelani v na\u0161em podjetju so v celoti izolirani z brizganim poliuretanom (z dvokomponentno poliuretansko peno), ki zagotavlja najvi\u0161jo stopnjo izolativnosti. Magnetna tesnila vrat in predalov so izdelana iz mehke silikonske gume, ob iztro\u0161enosti pa so zamenljiva brez uporabe orodja. Vsa vratna krila so opremljena s samozapornimi te\u010daji kar pove\u010duje energetsko u\u010dinkovitost hladilnega sistema, predali pa so izvedeni z najkakovostnej\u0161imi vodili, svetovno priznanega proizvajalca Fulterer.<\/p>\n<p><a class=\"btn\" href=\"\/sl\/izdelki\/hlajeni-pulti-za-pijace\/\">Ve\u010d<\/a><\/p>\n<\/div><\/section><\/div><div class='flex_column av-bn9iy-1c80dc689cce3a198f8028c2568c9387 av_three_fifth  avia-builder-el-21  el_after_av_two_fifth  avia-builder-el-last  image-column no_margin flex_column_table_cell av-equal-height-column av-align-middle '     ><p><br \/>\n\n<style type=\"text\/css\" data-created_by=\"avia_inline_auto\" id=\"style-css-av-l75y2phc-bb0f8c6d46a2821186e8224477fcf50b\">\n.avia-image-container.av-l75y2phc-bb0f8c6d46a2821186e8224477fcf50b img.avia_image{\nbox-shadow:none;\n}\n.avia-image-container.av-l75y2phc-bb0f8c6d46a2821186e8224477fcf50b .av-image-caption-overlay-center{\ncolor:#ffffff;\n}\n<\/style>\n<div  class='avia-image-container av-l75y2phc-bb0f8c6d46a2821186e8224477fcf50b av-styling-no-styling avia-align-center  avia-builder-el-23  el_after_av_codeblock  avia-builder-el-last '   itemprop=\"image\" itemscope=\"itemscope\" itemtype=\"https:\/\/schema.org\/ImageObject\" ><div class=\"avia-image-container-inner\"><div class=\"avia-image-overlay-wrap\"><img decoding=\"async\" class='wp-image-1426 avia-img-lazy-loading-not-1426 avia_image ' src=\"https:\/\/cookinox.si\/wp-content\/uploads\/2022\/08\/cookinox-refrigerated-freezing-tables-1.png\" alt='' title='cookinox-refrigerated-freezing-tables-1'  height=\"850\" width=\"801\"  itemprop=\"thumbnailUrl\" srcset=\"https:\/\/cookinox.si\/wp-content\/uploads\/2022\/08\/cookinox-refrigerated-freezing-tables-1.png 801w, https:\/\/cookinox.si\/wp-content\/uploads\/2022\/08\/cookinox-refrigerated-freezing-tables-1-600x637.png 600w, https:\/\/cookinox.si\/wp-content\/uploads\/2022\/08\/cookinox-refrigerated-freezing-tables-1-283x300.png 283w, https:\/\/cookinox.si\/wp-content\/uploads\/2022\/08\/cookinox-refrigerated-freezing-tables-1-768x815.png 768w, https:\/\/cookinox.si\/wp-content\/uploads\/2022\/08\/cookinox-refrigerated-freezing-tables-1-664x705.png 664w\" sizes=\"(max-width: 801px) 100vw, 801px\" \/><\/div><\/div><\/div><\/p><\/div><\/div><!--close column table wrapper. Autoclose: 1 -->\n\n","protected":false},"excerpt":{"rendered":"","protected":false},"author":1,"featured_media":0,"parent":0,"menu_order":0,"comment_status":"closed","ping_status":"closed","template":"","meta":{"footnotes":""},"class_list":["post-1973","page","type-page","status-publish","hentry"],"_links":{"self":[{"href":"https:\/\/cookinox.si\/sl\/wp-json\/wp\/v2\/pages\/1973"}],"collection":[{"href":"https:\/\/cookinox.si\/sl\/wp-json\/wp\/v2\/pages"}],"about":[{"href":"https:\/\/cookinox.si\/sl\/wp-json\/wp\/v2\/types\/page"}],"author":[{"embeddable":true,"href":"https:\/\/cookinox.si\/sl\/wp-json\/wp\/v2\/users\/1"}],"replies":[{"embeddable":true,"href":"https:\/\/cookinox.si\/sl\/wp-json\/wp\/v2\/comments?post=1973"}],"version-history":[{"count":16,"href":"https:\/\/cookinox.si\/sl\/wp-json\/wp\/v2\/pages\/1973\/revisions"}],"predecessor-version":[{"id":3760,"href":"https:\/\/cookinox.si\/sl\/wp-json\/wp\/v2\/pages\/1973\/revisions\/3760"}],"wp:attachment":[{"href":"https:\/\/cookinox.si\/sl\/wp-json\/wp\/v2\/media?parent=1973"}],"curies":[{"name":"wp","href":"https:\/\/api.w.org\/{rel}","templated":true}]}}