{"id":2105,"date":"2022-09-26T20:14:14","date_gmt":"2022-09-26T18:14:14","guid":{"rendered":"https:\/\/cookinox.si\/?page_id=2105"},"modified":"2022-11-19T13:18:06","modified_gmt":"2022-11-19T13:18:06","slug":"oekologie","status":"publish","type":"page","link":"https:\/\/cookinox.si\/de\/oekologie\/","title":{"rendered":"COOKINOX und \u00f6kologie"},"content":{"rendered":"\n<style type=\"text\/css\" data-created_by=\"avia_inline_auto\" id=\"style-css-av-l7aajiej-9c1c51c6b66ecfa437573cf5c4fc5e18\">\n.avia-section.av-l7aajiej-9c1c51c6b66ecfa437573cf5c4fc5e18{\nbackground-repeat:no-repeat;\nbackground-image:url(https:\/\/cookinox.si\/wp-content\/uploads\/2022\/09\/cookinox-sustainability-scaled.jpg);\nbackground-position:50% 50%;\nbackground-attachment:scroll;\n}\n<\/style>\n<div id='av_section_1'  class='avia-section av-l7aajiej-9c1c51c6b66ecfa437573cf5c4fc5e18 main_color avia-section-default avia-no-border-styling  avia-builder-el-0  el_before_av_section  avia-builder-el-first  section-opening avia-bg-style-scroll av-minimum-height av-minimum-height-75  container_wrap fullsize'  data-section-bg-repeat='no-repeat' data-av_minimum_height_pc='75'><div class='container av-section-cont-open' ><main  role=\"main\" itemprop=\"mainContentOfPage\"  class='template-page content  av-content-full alpha units'><div class='post-entry post-entry-type-page post-entry-2105'><div class='entry-content-wrapper clearfix'>\n<div class='flex_column av-2mpow3-fcc5e95e3490ec7dc817c4a7bd14f0db av_one_half  avia-builder-el-1  el_before_av_one_half  avia-builder-el-first  first flex_column_div '     ><section  class='av_textblock_section av-l7aa84kg-f1f48ed0947f2cb042fab0847d03907f'  itemscope=\"itemscope\" itemtype=\"https:\/\/schema.org\/CreativeWork\" ><div class='avia_textblock'  itemprop=\"text\" ><h1>COOKINOX und<br \/>\n\u00d6kologie<\/h1>\n<\/div><\/section><\/div><div class='flex_column av-2h71nn-7fe78ddeb022171fcc6591b30cf74ca9 av_one_half  avia-builder-el-3  el_after_av_one_half  avia-builder-el-last  flex_column_div '     ><\/div><\/div><\/div><\/main><!-- close content main element --><\/div><\/div>\n<style type=\"text\/css\" data-created_by=\"avia_inline_auto\" id=\"style-css-av-l7aa9a8z-42442847d0a42e44b3c70df7e932f130\">\n.avia-section.av-l7aa9a8z-42442847d0a42e44b3c70df7e932f130{\nbackground-repeat:no-repeat;\nbackground-image:url(https:\/\/cookinox.si\/wp-content\/uploads\/2022\/08\/hs-page-bg.jpg);\nbackground-position:50% 0%;\nbackground-attachment:scroll;\n}\n<\/style>\n<div id='av_section_2'  class='avia-section av-l7aa9a8z-42442847d0a42e44b3c70df7e932f130 main_color avia-section-default avia-no-border-styling  avia-builder-el-4  el_after_av_section  avia-builder-el-last  section-content1 quality avia-bg-style-scroll container_wrap fullsize'  data-section-bg-repeat='no-repeat'><div class='container av-section-cont-open' ><div class='template-page content  av-content-full alpha units'><div class='post-entry post-entry-type-page post-entry-2105'><div class='entry-content-wrapper clearfix'>\n<section  class='av_textblock_section av-acxn4-858498b9dc98c181476248437b7188b3'  itemscope=\"itemscope\" itemtype=\"https:\/\/schema.org\/CreativeWork\" ><div class='avia_textblock'  itemprop=\"text\" ><h2>SORGE F\u00dcR DIE UMWELT<\/h2>\n<p>Ein wichtiger Ma\u00dfstab f\u00fcr den Erfolg unseres Unternehmens ist auch die wirksame Umsetzung des Umweltmanagementprogramms. Wir sind bestrebt, unsere Auswirkungen auf die Umwelt schrittweise zu verringern und Energie und andere Ressourcen effizient zu nutzen. Die Verwaltung \u00fcbernimmt regelm\u00e4\u00dfig die im Umweltmanagementprogramm niedergelegten Umweltziele und stellt die Mittel zu deren Umsetzung bereit. Durch das Erreichen von Umweltzielen verbessern wir Jahr f\u00fcr Jahr unser Umweltverhalten und werden umweltfreundlicher.<\/p>\n<\/div><\/section>\n<div id='av-masonry-1' class='av-masonry av-l8j7fihe-08cf52849756be9db47ecadafe5c55ca noHover av-flex-size av-large-gap av-hover-overlay- av-masonry-animation- av-masonry-col-2 av-caption-always av-caption-style- av-masonry-gallery '><div class=\"av-masonry-container isotope av-js-disabled\"><div class='av-masonry-entry isotope-item av-masonry-item-no-image '><\/div><div id='av-masonry-1-item-1719' data-av-masonry-item='1719' class='av-masonry-entry isotope-item post-1719 attachment type-attachment status-inherit hentry  av-masonry-item-with-image'    itemprop=\"thumbnailUrl\" ><div class='av-inner-masonry-sizer'><\/div><figure class='av-inner-masonry main_color'><div class=\"av-masonry-outerimage-container\"><div class='av-masonry-image-container'   ><img decoding=\"async\" width=\"984\" height=\"653\" class=\"wp-image-1719 avia-img-lazy-loading-not-1719\"  src=\"https:\/\/cookinox.si\/wp-content\/uploads\/2022\/09\/cookinox-sustainability-1.jpg\" title=\"cookinox-sustainability-1\" alt=\"\" srcset=\"https:\/\/cookinox.si\/wp-content\/uploads\/2022\/09\/cookinox-sustainability-1.jpg 984w, https:\/\/cookinox.si\/wp-content\/uploads\/2022\/09\/cookinox-sustainability-1-600x398.jpg 600w, https:\/\/cookinox.si\/wp-content\/uploads\/2022\/09\/cookinox-sustainability-1-300x199.jpg 300w, https:\/\/cookinox.si\/wp-content\/uploads\/2022\/09\/cookinox-sustainability-1-768x510.jpg 768w, https:\/\/cookinox.si\/wp-content\/uploads\/2022\/09\/cookinox-sustainability-1-705x468.jpg 705w\" sizes=\"(max-width: 984px) 100vw, 984px\" \/><\/div><\/div><\/figure><\/div><!--end av-masonry entry--><div id='av-masonry-1-item-1715' data-av-masonry-item='1715' class='av-masonry-entry isotope-item post-1715 attachment type-attachment status-inherit hentry  av-masonry-item-with-image'    itemprop=\"thumbnailUrl\" ><div class='av-inner-masonry-sizer'><\/div><figure class='av-inner-masonry main_color'><div class=\"av-masonry-outerimage-container\"><div class='av-masonry-image-container'   ><img decoding=\"async\" width=\"975\" height=\"653\" class=\"wp-image-1715 avia-img-lazy-loading-not-1715\"  src=\"https:\/\/cookinox.si\/wp-content\/uploads\/2022\/09\/cookinox-sustainability-2.jpg\" title=\"cookinox-sustainability-2\" alt=\"\" srcset=\"https:\/\/cookinox.si\/wp-content\/uploads\/2022\/09\/cookinox-sustainability-2.jpg 975w, https:\/\/cookinox.si\/wp-content\/uploads\/2022\/09\/cookinox-sustainability-2-600x402.jpg 600w, https:\/\/cookinox.si\/wp-content\/uploads\/2022\/09\/cookinox-sustainability-2-300x201.jpg 300w, https:\/\/cookinox.si\/wp-content\/uploads\/2022\/09\/cookinox-sustainability-2-768x514.jpg 768w, https:\/\/cookinox.si\/wp-content\/uploads\/2022\/09\/cookinox-sustainability-2-705x472.jpg 705w\" sizes=\"(max-width: 975px) 100vw, 975px\" \/><\/div><\/div><\/figure><\/div><!--end av-masonry entry--><\/div><\/div>\n<section  class='av_textblock_section av-l8j74y7r-cc4bb944a4b8f229f9cf464a188f9f4f'  itemscope=\"itemscope\" itemtype=\"https:\/\/schema.org\/CreativeWork\" ><div class='avia_textblock'  itemprop=\"text\" ><h2>UMWELTINVESTITIONEN<\/h2>\n<p>In den letzten zehn Jahren haben wir zahlreiche Investitionen im Rahmen des Umweltmanagementprogramms get\u00e4tigt, mit deren Hilfe wir die Auswirkungen auf die Umwelt reduziert und individuelle Nachhaltigkeitsziele erreicht haben. Auch in diesem Bereich investieren wir in Bildung und Sensibilisierung, da wir bei allen Mitarbeitern einen verantwortungsvollen Umgang mit der Umwelt entwickeln wollen. Da wir uns bewusst sind, dass Mitarbeiter zu einem effektiven Umweltmanagement st\u00e4ndig ermutigt und durch gute Beispiele angeleitet werden m\u00fcssen, f\u00fchren wir regelm\u00e4\u00dfig funktionelle Schulungen f\u00fcr Mitarbeiter im Bereich Umweltschutz durch.<\/p>\n<\/div><\/section>\n\n<style type=\"text\/css\" data-created_by=\"avia_inline_auto\" id=\"style-css-av-l8j76sg3-0f5122e0c87b6f02dd8b8b99bf9e355e\">\n#top .hr.hr-invisible.av-l8j76sg3-0f5122e0c87b6f02dd8b8b99bf9e355e{\nheight:50px;\n}\n<\/style>\n<div  class='hr av-l8j76sg3-0f5122e0c87b6f02dd8b8b99bf9e355e hr-invisible  avia-builder-el-8  el_after_av_textblock  el_before_av_one_full '><span class='hr-inner '><span class=\"hr-inner-style\"><\/span><\/span><\/div>\n<div class='flex_column av-aecij-af1d2bc0072417a1e5ba1b02d6ca9a79 av_one_full  avia-builder-el-9  el_after_av_hr  avia-builder-el-last  first flex_column_div '     ><section  class='av_textblock_section av-l7ackcvc-e130348db7114728ef705499f5da3de6'  itemscope=\"itemscope\" itemtype=\"https:\/\/schema.org\/CreativeWork\" ><div class='avia_textblock'  itemprop=\"text\" ><p class=\"movie-link\"><a href=\"https:\/\/www.youtube.com\/watch?v=CmcEPLh4VmM\"><span class=\"\">Pr\u00e4sentationsvideo<\/span> <span class=\"\"><img decoding=\"async\" src=\"\/wp-content\/uploads\/2022\/08\/left-arrow.png\" \/><\/span><\/a><\/p>\n<\/div><\/section><\/div>\n<\/p>\n","protected":false},"excerpt":{"rendered":"","protected":false},"author":1,"featured_media":0,"parent":0,"menu_order":0,"comment_status":"closed","ping_status":"closed","template":"","meta":{"footnotes":""},"class_list":["post-2105","page","type-page","status-publish","hentry"],"_links":{"self":[{"href":"https:\/\/cookinox.si\/de\/wp-json\/wp\/v2\/pages\/2105"}],"collection":[{"href":"https:\/\/cookinox.si\/de\/wp-json\/wp\/v2\/pages"}],"about":[{"href":"https:\/\/cookinox.si\/de\/wp-json\/wp\/v2\/types\/page"}],"author":[{"embeddable":true,"href":"https:\/\/cookinox.si\/de\/wp-json\/wp\/v2\/users\/1"}],"replies":[{"embeddable":true,"href":"https:\/\/cookinox.si\/de\/wp-json\/wp\/v2\/comments?post=2105"}],"version-history":[{"count":6,"href":"https:\/\/cookinox.si\/de\/wp-json\/wp\/v2\/pages\/2105\/revisions"}],"predecessor-version":[{"id":2525,"href":"https:\/\/cookinox.si\/de\/wp-json\/wp\/v2\/pages\/2105\/revisions\/2525"}],"wp:attachment":[{"href":"https:\/\/cookinox.si\/de\/wp-json\/wp\/v2\/media?parent=2105"}],"curies":[{"name":"wp","href":"https:\/\/api.w.org\/{rel}","templated":true}]}}