{"id":2087,"date":"2022-08-26T09:44:09","date_gmt":"2022-08-26T07:44:09","guid":{"rendered":"https:\/\/cookinox.si\/?page_id=2087"},"modified":"2026-03-10T16:35:29","modified_gmt":"2026-03-10T15:35:29","slug":"unternehmen","status":"publish","type":"page","link":"https:\/\/cookinox.si\/de\/unternehmen\/","title":{"rendered":"Unternehmen COOKINOX"},"content":{"rendered":"\n<style type=\"text\/css\" data-created_by=\"avia_inline_auto\" id=\"style-css-av-l7aajiej-79efa7e16a27499d7b981f60f4f0b4dc\">\n.avia-section.av-l7aajiej-79efa7e16a27499d7b981f60f4f0b4dc{\nbackground-repeat:no-repeat;\nbackground-image:url(https:\/\/cookinox.si\/wp-content\/uploads\/2022\/08\/cookinox-company-bg.jpg);\nbackground-position:50% 50%;\nbackground-attachment:scroll;\n}\n<\/style>\n<div id='av_section_1'  class='avia-section av-l7aajiej-79efa7e16a27499d7b981f60f4f0b4dc main_color avia-section-default avia-no-border-styling  avia-builder-el-0  el_before_av_section  avia-builder-el-first  section-opening avia-bg-style-scroll av-minimum-height av-minimum-height-75  container_wrap fullsize'  data-section-bg-repeat='no-repeat' data-av_minimum_height_pc='75'><div class='container av-section-cont-open' ><main  role=\"main\" itemprop=\"mainContentOfPage\"  class='template-page content  av-content-full alpha units'><div class='post-entry post-entry-type-page post-entry-2087'><div class='entry-content-wrapper clearfix'>\n<div class='flex_column av-2mpow3-fcc5e95e3490ec7dc817c4a7bd14f0db av_one_half  avia-builder-el-1  el_before_av_one_half  avia-builder-el-first  first flex_column_div '     ><section  class='av_textblock_section av-l7aa84kg-f1f48ed0947f2cb042fab0847d03907f'  itemscope=\"itemscope\" itemtype=\"https:\/\/schema.org\/CreativeWork\" ><div class='avia_textblock'  itemprop=\"text\" ><h1>UNTERNEHMEN<br \/>\nCOOKINOX<\/h1>\n<\/div><\/section><\/div><div class='flex_column av-2h71nn-7fe78ddeb022171fcc6591b30cf74ca9 av_one_half  avia-builder-el-3  el_after_av_one_half  avia-builder-el-last  flex_column_div '     ><\/div>\n\n<\/div><\/div><\/main><!-- close content main element --><\/div><\/div>\n<style type=\"text\/css\" data-created_by=\"avia_inline_auto\" id=\"style-css-av-l7aa9a8z-dfac0d5fe2f382d151a553c6545ac342\">\n.avia-section.av-l7aa9a8z-dfac0d5fe2f382d151a553c6545ac342{\nbackground-repeat:no-repeat;\nbackground-image:url(https:\/\/cookinox.si\/wp-content\/uploads\/2022\/08\/hs-page-bg.jpg);\nbackground-position:50% 0%;\nbackground-attachment:scroll;\n}\n<\/style>\n<div id='av_section_2'  class='avia-section av-l7aa9a8z-dfac0d5fe2f382d151a553c6545ac342 main_color avia-section-default avia-no-border-styling  avia-builder-el-4  el_after_av_section  avia-builder-el-last  section-team avia-bg-style-scroll container_wrap fullsize'  data-section-bg-repeat='no-repeat'><div class='container av-section-cont-open' ><div class='template-page content  av-content-full alpha units'><div class='post-entry post-entry-type-page post-entry-2087'><div class='entry-content-wrapper clearfix'>\n<section  class='av_textblock_section av-l7aaair4-bd5ce5c4c14b991da9b47e0c5464b3ef'  itemscope=\"itemscope\" itemtype=\"https:\/\/schema.org\/CreativeWork\" ><div class='avia_textblock'  itemprop=\"text\" ><h2>\u00dcBER UNSER UNTERNEHMEN<\/h2>\n<p><strong>Ihre Bed\u00fcrfnisse sind unser Anspruch, nichts ist unm\u00f6glich<\/strong><\/p>\n<p>Heute ist die dritte Generation f\u00fcr die Entwicklung und den Bestand des Unternehmens verantwortlich. Seit \u00fcber 50 Jahren besch\u00e4ftigt sich das Unternehmen Cookinox mit der Herstellung von Ger\u00e4ten f\u00fcr die unterschiedlichsten R\u00e4ume zum Zubereiten und Servieren von Speisen und Getr\u00e4nken. Unsere Referenzen sind einige der gr\u00f6\u00dften Hotelketten sowie Luxusrestaurants und einige mehr internationale Kurorte. Die Produkte des Unternehmens sind sowohl f\u00fcr den privaten als auch f\u00fcr den \u00f6ffentlichen Sektor bestimmt. Auch in Bars und Kantinen, Caf\u00e9s und Weinkellern, Gesch\u00e4ften oder Metzgereien ist unser Sortiment ein unverzichtbarer Bestandteil der Ausstattung.<\/p>\n<p><img loading=\"lazy\" decoding=\"async\" class=\"aligncenter size-full wp-image-565\" src=\"https:\/\/cookinox.si\/wp-content\/uploads\/2022\/08\/cookinox-company.jpg\" alt=\"\" width=\"655\" height=\"435\" srcset=\"https:\/\/cookinox.si\/wp-content\/uploads\/2022\/08\/cookinox-company.jpg 655w, https:\/\/cookinox.si\/wp-content\/uploads\/2022\/08\/cookinox-company-600x398.jpg 600w, https:\/\/cookinox.si\/wp-content\/uploads\/2022\/08\/cookinox-company-300x199.jpg 300w\" sizes=\"(max-width: 655px) 100vw, 655px\" \/><\/p>\n<\/div><\/section>\n\n<style type=\"text\/css\" data-created_by=\"avia_inline_auto\" id=\"style-css-av-l7abt1cz-95e344ab06dec66abd462e7c843a0379\">\n#top .hr.hr-invisible.av-l7abt1cz-95e344ab06dec66abd462e7c843a0379{\nheight:100px;\n}\n<\/style>\n<div  class='hr av-l7abt1cz-95e344ab06dec66abd462e7c843a0379 hr-invisible  avia-builder-el-6  el_after_av_textblock  el_before_av_textblock '><span class='hr-inner '><span class=\"hr-inner-style\"><\/span><\/span><\/div>\n<section  class='av_textblock_section av-l8q0hxo2-9e18e1e26be23f395ebf8e7c3d85b9fe'  itemscope=\"itemscope\" itemtype=\"https:\/\/schema.org\/CreativeWork\" ><div class='avia_textblock'  itemprop=\"text\" ><h2>Mit unserer Vision und unseren Werten<br \/>\nWir treten erfolgreich in ausl\u00e4ndische M\u00e4rkte ein<\/h2>\n<p>Bei Cookinox streben wir eine Spitzenposition auf dem Markt an, da wir mit unseren Produkten L\u00f6sungen von h\u00f6chster Qualit\u00e4t anbieten. Als Team widmen wir uns unseren Kunden, der Teamarbeit und unterscheiden uns von anderen auch dadurch, dass unser Gesch\u00e4ft sehr einfach und sicher ist. Dies spiegelt sich auf allen Ebenen der Zusammenarbeit in Vertrieb, Entwicklung, Lieferung und Support wieder.<\/p>\n<\/div><\/section>\n\n<style type=\"text\/css\" data-created_by=\"avia_inline_auto\" id=\"style-css-av-l8q0o5eq-1a4a05c08004a757e3a48c28ed8b891d\">\n#top .hr.hr-invisible.av-l8q0o5eq-1a4a05c08004a757e3a48c28ed8b891d{\nheight:100px;\n}\n<\/style>\n<div  class='hr av-l8q0o5eq-1a4a05c08004a757e3a48c28ed8b891d hr-invisible  avia-builder-el-8  el_after_av_textblock  el_before_av_textblock '><span class='hr-inner '><span class=\"hr-inner-style\"><\/span><\/span><\/div>\n<section  class='av_textblock_section av-l8q0ibuo-2c2491360cfb483f49d838e986c10cbd'  itemscope=\"itemscope\" itemtype=\"https:\/\/schema.org\/CreativeWork\" ><div class='avia_textblock'  itemprop=\"text\" ><h2>KONTAKTE<\/h2>\n<p>Wenn Sie an unseren Produkten interessiert sind, rufen Sie bitte an oder senden Sie eine E-Mail, wir werden Ihnen gerne antworten.<\/p>\n<\/div><\/section>\n<div class='flex_column av-27d4wz-b1c5b4fecb481f098149ed6bc07c5f3b av_one_fourth  avia-builder-el-10  el_after_av_textblock  el_before_av_one_fourth  first flex_column_div column-top-margin'     ><section  class='avia-team-member av-l7abcfnr-9ee22f5f19d2f56656bba5cc859b8c2a  avia-builder-el-11  avia-builder-el-no-sibling '  itemscope=\"itemscope\" itemtype=\"https:\/\/schema.org\/Person\" ><div class=\"team-img-container\"><img decoding=\"async\" class='wp-image-4113 avia-img-lazy-loading-not-4113 avia_image avia_image_team av-team-img-original' src=\"https:\/\/cookinox.si\/wp-content\/uploads\/2025\/09\/Damjan-Mohoric-cookinox-direktor.jpg\" alt='Damjan Mohori\u010d'  itemprop=\"image\"   height=\"646\" width=\"516\" srcset=\"https:\/\/cookinox.si\/wp-content\/uploads\/2025\/09\/Damjan-Mohoric-cookinox-direktor.jpg 516w, https:\/\/cookinox.si\/wp-content\/uploads\/2025\/09\/Damjan-Mohoric-cookinox-direktor-240x300.jpg 240w, https:\/\/cookinox.si\/wp-content\/uploads\/2025\/09\/Damjan-Mohoric-cookinox-direktor-450x563.jpg 450w\" sizes=\"(max-width: 516px) 100vw, 516px\" \/><\/div><h3 class='team-member-name '  itemprop=\"name\" >Damjan Mohori\u010d<\/h3><div class='team-member-job-title '  itemprop=\"jobTitle\" >Gesch\u00e4ftsf\u00fchrer<\/div><div class='team-member-description '  itemprop=\"description\" ><p><span class=\"phone\">+386 1 786 13 13<\/span><br \/>\n<span class=\"email\">damjan.mohoric@cookinox.si<\/span><\/p>\n<\/div><span class='hidden team-member-affiliation'  itemprop=\"affiliation\" >Cookinox<\/span><\/section><\/div><div class='flex_column av-ry2sr-d7d59458c7fb21a75cb9c220b1a0ab19 av_one_fourth  avia-builder-el-12  el_after_av_one_fourth  el_before_av_one_fourth  flex_column_div column-top-margin'     ><style type=\"text\/css\" data-created_by=\"avia_inline_auto\" id=\"style-css-av-l7abr0yo-8d4ca9b8154128bbb9bc530370f93b1f\">\n.avia-team-member.av-l7abr0yo-8d4ca9b8154128bbb9bc530370f93b1f .team-img-container img{\nborder-style:none;\n}\n<\/style>\n<section  class='avia-team-member av-l7abr0yo-8d4ca9b8154128bbb9bc530370f93b1f  avia-builder-el-13  avia-builder-el-no-sibling '  itemscope=\"itemscope\" itemtype=\"https:\/\/schema.org\/Person\" ><div class=\"team-img-container\"><img decoding=\"async\" class='wp-image-1661 avia-img-lazy-loading-not-1661 avia_image avia_image_team' src=\"https:\/\/cookinox.si\/wp-content\/uploads\/2022\/08\/David-Gliha.jpg\" alt='David Gliha'  itemprop=\"image\"   height=\"720\" width=\"574\" srcset=\"https:\/\/cookinox.si\/wp-content\/uploads\/2022\/08\/David-Gliha.jpg 574w, https:\/\/cookinox.si\/wp-content\/uploads\/2022\/08\/David-Gliha-239x300.jpg 239w, https:\/\/cookinox.si\/wp-content\/uploads\/2022\/08\/David-Gliha-562x705.jpg 562w\" sizes=\"(max-width: 574px) 100vw, 574px\" \/><\/div><h3 class='team-member-name '  itemprop=\"name\" >David Gliha<\/h3><div class='team-member-job-title '  itemprop=\"jobTitle\" >PRODKTIONSLEITER<\/div><div class='team-member-description '  itemprop=\"description\" ><p><span class=\"phone\">+386 1 786 13 13<\/span><br \/>\n<span class=\"email\">david.gliha@cookinox.si<\/span><\/p>\n<\/div><span class='hidden team-member-affiliation'  itemprop=\"affiliation\" >Cookinox<\/span><\/section><\/div><div class='flex_column av-1phguj-98d8eee9b595e9f3d5cbd6d37e85eb0d av_one_fourth  avia-builder-el-14  el_after_av_one_fourth  el_before_av_one_fourth  flex_column_div column-top-margin'     ><style type=\"text\/css\" data-created_by=\"avia_inline_auto\" id=\"style-css-av-l7abb63y-3f46c426e4da563a05f1c3f15485384e\">\n.avia-team-member.av-l7abb63y-3f46c426e4da563a05f1c3f15485384e .team-img-container img{\nborder-style:none;\n}\n<\/style>\n<section  class='avia-team-member av-l7abb63y-3f46c426e4da563a05f1c3f15485384e  avia-builder-el-15  avia-builder-el-no-sibling '  itemscope=\"itemscope\" itemtype=\"https:\/\/schema.org\/Person\" ><div class=\"team-img-container\"><img decoding=\"async\" class='wp-image-1933 avia-img-lazy-loading-not-1933 avia_image avia_image_team' src=\"https:\/\/cookinox.si\/wp-content\/uploads\/2022\/10\/Simon-Novak.jpg\" alt='Simon Novak'  itemprop=\"image\"   height=\"720\" width=\"574\" srcset=\"https:\/\/cookinox.si\/wp-content\/uploads\/2022\/10\/Simon-Novak.jpg 574w, https:\/\/cookinox.si\/wp-content\/uploads\/2022\/10\/Simon-Novak-239x300.jpg 239w, https:\/\/cookinox.si\/wp-content\/uploads\/2022\/10\/Simon-Novak-562x705.jpg 562w, https:\/\/cookinox.si\/wp-content\/uploads\/2022\/10\/Simon-Novak-450x564.jpg 450w\" sizes=\"(max-width: 574px) 100vw, 574px\" \/><\/div><h3 class='team-member-name '  itemprop=\"name\" >Simon Novak<\/h3><div class='team-member-job-title '  itemprop=\"jobTitle\" >LEITER DER TECHNISCHEN ABTEILUNG<\/div><div class='team-member-description '  itemprop=\"description\" ><p><span class=\"phone\">+386 1 786 13 13<\/span><br \/>\n<span class=\"email\">simon.novak@cookinox.si<\/span><\/p>\n<\/div><span class='hidden team-member-affiliation'  itemprop=\"affiliation\" >Cookinox<\/span><\/section><\/div><div class='flex_column av-1h9g7n-ac4dcfa36da418e80b240d9b99324d03 av_one_fourth  avia-builder-el-16  el_after_av_one_fourth  el_before_av_one_fourth  flex_column_div column-top-margin'     ><style type=\"text\/css\" data-created_by=\"avia_inline_auto\" id=\"style-css-av-l7abolyj-8ac718c176ab84008a1e551752904d9a\">\n.avia-team-member.av-l7abolyj-8ac718c176ab84008a1e551752904d9a .team-img-container img{\nborder-style:none;\n}\n<\/style>\n<section  class='avia-team-member av-l7abolyj-8ac718c176ab84008a1e551752904d9a  avia-builder-el-17  avia-builder-el-no-sibling '  itemscope=\"itemscope\" itemtype=\"https:\/\/schema.org\/Person\" ><div class=\"team-img-container\"><img decoding=\"async\" class='wp-image-1651 avia-img-lazy-loading-not-1651 avia_image avia_image_team' src=\"https:\/\/cookinox.si\/wp-content\/uploads\/2022\/08\/Franci-Povsic.jpg\" alt='Franci Pov\u0161i\u010d'  itemprop=\"image\"   height=\"720\" width=\"574\" srcset=\"https:\/\/cookinox.si\/wp-content\/uploads\/2022\/08\/Franci-Povsic.jpg 574w, https:\/\/cookinox.si\/wp-content\/uploads\/2022\/08\/Franci-Povsic-239x300.jpg 239w, https:\/\/cookinox.si\/wp-content\/uploads\/2022\/08\/Franci-Povsic-562x705.jpg 562w\" sizes=\"(max-width: 574px) 100vw, 574px\" \/><\/div><h3 class='team-member-name '  itemprop=\"name\" >Franci Pov\u0161i\u010d<\/h3><div class='team-member-job-title '  itemprop=\"jobTitle\" >KEY ACCOUNT MANAGER<\/div><div class='team-member-description '  itemprop=\"description\" ><p><span class=\"phone\">+386 1 828 05 06<\/span><br \/>\n<span class=\"mobile\">+386 41 612 225<\/span><br \/>\n<span class=\"email\">franci.povsic@cookinox.si<\/span><\/p>\n<\/div><span class='hidden team-member-affiliation'  itemprop=\"affiliation\" >Cookinox<\/span><\/section><\/div><div class='flex_column av-av_one_fourth-7714eba142aeda1f8b5272a3c372b279 av_one_fourth  avia-builder-el-18  el_after_av_one_fourth  el_before_av_one_fourth  first flex_column_div column-top-margin'     ><style type=\"text\/css\" data-created_by=\"avia_inline_auto\" id=\"style-css-av-lull0963-a86d6ffba97db2e6a67a800850d6d808\">\n.avia-team-member.av-lull0963-a86d6ffba97db2e6a67a800850d6d808 .team-img-container img{\nborder-style:none;\n}\n<\/style>\n<section  class='avia-team-member av-lull0963-a86d6ffba97db2e6a67a800850d6d808  avia-builder-el-19  avia-builder-el-no-sibling '  itemscope=\"itemscope\" itemtype=\"https:\/\/schema.org\/Person\" ><div class=\"team-img-container\"><img decoding=\"async\" class='wp-image-3961 avia-img-lazy-loading-not-3961 avia_image avia_image_team' src=\"https:\/\/cookinox.si\/wp-content\/uploads\/2024\/04\/mirko-juvan.jpg\" alt='Mirko Juvan'  itemprop=\"image\"   height=\"720\" width=\"574\" srcset=\"https:\/\/cookinox.si\/wp-content\/uploads\/2024\/04\/mirko-juvan.jpg 574w, https:\/\/cookinox.si\/wp-content\/uploads\/2024\/04\/mirko-juvan-239x300.jpg 239w, https:\/\/cookinox.si\/wp-content\/uploads\/2024\/04\/mirko-juvan-562x705.jpg 562w, https:\/\/cookinox.si\/wp-content\/uploads\/2024\/04\/mirko-juvan-450x564.jpg 450w\" sizes=\"(max-width: 574px) 100vw, 574px\" \/><\/div><h3 class='team-member-name '  itemprop=\"name\" >Mirko Juvan<\/h3><div class='team-member-job-title '  itemprop=\"jobTitle\" >KEY ACCOUNT MANAGER<\/div><div class='team-member-description '  itemprop=\"description\" ><p><span class=\"phone\">+386 1 828 05 26<\/span><br \/>\n<span class=\"mobile\">+386 30 343 902<\/span><br \/>\n<span class=\"email\">mirko.juvan@cookinox.si<\/span><\/p>\n<\/div><span class='hidden team-member-affiliation'  itemprop=\"affiliation\" >Cookinox<\/span><\/section><\/div><div class='flex_column av-12jnoj-e1a583749a0982f51ad6cc284734a8cf av_one_fourth  avia-builder-el-20  el_after_av_one_fourth  el_before_av_one_fourth  flex_column_div column-top-margin'     ><style type=\"text\/css\" data-created_by=\"avia_inline_auto\" id=\"style-css-av-l7abpihb-0c2c4d82edf20c1f233a642b9877aced\">\n.avia-team-member.av-l7abpihb-0c2c4d82edf20c1f233a642b9877aced .team-img-container img{\nborder-style:none;\n}\n<\/style>\n<section  class='avia-team-member av-l7abpihb-0c2c4d82edf20c1f233a642b9877aced  avia-builder-el-21  avia-builder-el-no-sibling '  itemscope=\"itemscope\" itemtype=\"https:\/\/schema.org\/Person\" ><div class=\"team-img-container\"><img decoding=\"async\" class='wp-image-4042 avia-img-lazy-loading-not-4042 avia_image avia_image_team' src=\"https:\/\/cookinox.si\/wp-content\/uploads\/2024\/09\/Jernej-Gvardjancic.webp\" alt='Jernej Gvardjan\u010di\u010d'  itemprop=\"image\"   height=\"720\" width=\"574\" srcset=\"https:\/\/cookinox.si\/wp-content\/uploads\/2024\/09\/Jernej-Gvardjancic.webp 574w, https:\/\/cookinox.si\/wp-content\/uploads\/2024\/09\/Jernej-Gvardjancic-239x300.webp 239w, https:\/\/cookinox.si\/wp-content\/uploads\/2024\/09\/Jernej-Gvardjancic-562x705.webp 562w, https:\/\/cookinox.si\/wp-content\/uploads\/2024\/09\/Jernej-Gvardjancic-450x564.webp 450w\" sizes=\"(max-width: 574px) 100vw, 574px\" \/><\/div><h3 class='team-member-name '  itemprop=\"name\" >Jernej Gvardjan\u010di\u010d<\/h3><div class='team-member-job-title '  itemprop=\"jobTitle\" >KEY ACCOUNT MANAGER<\/div><div class='team-member-description '  itemprop=\"description\" ><p><span class=\"phone\">+386 1 828 05 25 <\/span><br \/>\n<span class=\"mobile\">+386 30 343 900<\/span><br \/>\n<span class=\"email\">jernej.gvardjancic@cookinox.si<\/span><\/p>\n<\/div><span class='hidden team-member-affiliation'  itemprop=\"affiliation\" >Cookinox<\/span><\/section><\/div><div class='flex_column av-1jmfmj-89627d2a1545eaff74b8b257655e6738 av_one_fourth  avia-builder-el-22  el_after_av_one_fourth  el_before_av_one_fourth  flex_column_div column-top-margin'     ><style type=\"text\/css\" data-created_by=\"avia_inline_auto\" id=\"style-css-av-l7abn3g3-160bcae33da00a9ea891d4653e865030\">\n.avia-team-member.av-l7abn3g3-160bcae33da00a9ea891d4653e865030 .team-img-container img{\nborder-style:none;\n}\n<\/style>\n<section  class='avia-team-member av-l7abn3g3-160bcae33da00a9ea891d4653e865030  avia-builder-el-23  avia-builder-el-no-sibling '  itemscope=\"itemscope\" itemtype=\"https:\/\/schema.org\/Person\" ><div class=\"team-img-container\"><img decoding=\"async\" class='wp-image-1655 avia-img-lazy-loading-not-1655 avia_image avia_image_team' src=\"https:\/\/cookinox.si\/wp-content\/uploads\/2022\/08\/Rok-Skrjanec.jpg\" alt='Rok \u0160krjanec'  itemprop=\"image\"   height=\"720\" width=\"574\" srcset=\"https:\/\/cookinox.si\/wp-content\/uploads\/2022\/08\/Rok-Skrjanec.jpg 574w, https:\/\/cookinox.si\/wp-content\/uploads\/2022\/08\/Rok-Skrjanec-239x300.jpg 239w, https:\/\/cookinox.si\/wp-content\/uploads\/2022\/08\/Rok-Skrjanec-562x705.jpg 562w\" sizes=\"(max-width: 574px) 100vw, 574px\" \/><\/div><h3 class='team-member-name '  itemprop=\"name\" >Rok \u0160krjanec<\/h3><div class='team-member-job-title '  itemprop=\"jobTitle\" >PROJEKTLEITER<\/div><div class='team-member-description '  itemprop=\"description\" ><p><span class=\"phone\">+386 1 828 05 14<\/span><br \/>\n<span class=\"mobile\">+386 41 492 048<\/span><br \/>\n<span class=\"email\">rok.skrjanec@cookinox.si<\/span><\/p>\n<\/div><span class='hidden team-member-affiliation'  itemprop=\"affiliation\" >Cookinox<\/span><\/section><\/div><div class='flex_column av-18otvf-757716162f13f76c9d1dfe45db27af1b av_one_fourth  avia-builder-el-24  el_after_av_one_fourth  el_before_av_one_fourth  flex_column_div column-top-margin'     ><style type=\"text\/css\" data-created_by=\"avia_inline_auto\" id=\"style-css-av-l7aboz1h-d12a29c8109b7b01c1288d6e0348f11e\">\n.avia-team-member.av-l7aboz1h-d12a29c8109b7b01c1288d6e0348f11e .team-img-container img{\nborder-style:none;\n}\n<\/style>\n<section  class='avia-team-member av-l7aboz1h-d12a29c8109b7b01c1288d6e0348f11e  avia-builder-el-25  avia-builder-el-no-sibling '  itemscope=\"itemscope\" itemtype=\"https:\/\/schema.org\/Person\" ><div class=\"team-img-container\"><img decoding=\"async\" class='wp-image-3968 avia-img-lazy-loading-not-3968 avia_image avia_image_team' src=\"https:\/\/cookinox.si\/wp-content\/uploads\/2024\/04\/matej-zorc.jpg\" alt='Matej Zorc'  itemprop=\"image\"   height=\"720\" width=\"574\" srcset=\"https:\/\/cookinox.si\/wp-content\/uploads\/2024\/04\/matej-zorc.jpg 574w, https:\/\/cookinox.si\/wp-content\/uploads\/2024\/04\/matej-zorc-239x300.jpg 239w, https:\/\/cookinox.si\/wp-content\/uploads\/2024\/04\/matej-zorc-562x705.jpg 562w, https:\/\/cookinox.si\/wp-content\/uploads\/2024\/04\/matej-zorc-450x564.jpg 450w\" sizes=\"(max-width: 574px) 100vw, 574px\" \/><\/div><h3 class='team-member-name '  itemprop=\"name\" >Matej Zorc<\/h3><div class='team-member-job-title '  itemprop=\"jobTitle\" >PROJEKTLEITER<\/div><div class='team-member-description '  itemprop=\"description\" ><p><span class=\"phone\">+386 1 828 05 20<\/span><br \/>\n<span class=\"mobile\">+386 30 484 646<\/span><br \/>\n<span class=\"email\">matej.zorc@cookinox.si<\/span><\/p>\n<\/div><span class='hidden team-member-affiliation'  itemprop=\"affiliation\" >Cookinox<\/span><\/section><\/div><div class='flex_column av-xpie3-be403ef13110f94dead1f20dc9d759c0 av_one_fourth  avia-builder-el-26  el_after_av_one_fourth  el_before_av_one_fourth  first flex_column_div column-top-margin'     ><style type=\"text\/css\" data-created_by=\"avia_inline_auto\" id=\"style-css-av-l7abqguk-5394aefb761bf31e84d27f57cd37154f\">\n.avia-team-member.av-l7abqguk-5394aefb761bf31e84d27f57cd37154f .team-img-container img{\nborder-style:none;\n}\n<\/style>\n<section  class='avia-team-member av-l7abqguk-5394aefb761bf31e84d27f57cd37154f  avia-builder-el-27  avia-builder-el-no-sibling '  itemscope=\"itemscope\" itemtype=\"https:\/\/schema.org\/Person\" ><div class=\"team-img-container\"><img decoding=\"async\" class='wp-image-3877 avia-img-lazy-loading-not-3877 avia_image avia_image_team' src=\"https:\/\/cookinox.si\/wp-content\/uploads\/2024\/01\/Nina-Stravs.jpg\" alt='Nina \u0160travs'  itemprop=\"image\"   height=\"720\" width=\"574\" srcset=\"https:\/\/cookinox.si\/wp-content\/uploads\/2024\/01\/Nina-Stravs.jpg 574w, https:\/\/cookinox.si\/wp-content\/uploads\/2024\/01\/Nina-Stravs-239x300.jpg 239w, https:\/\/cookinox.si\/wp-content\/uploads\/2024\/01\/Nina-Stravs-562x705.jpg 562w, https:\/\/cookinox.si\/wp-content\/uploads\/2024\/01\/Nina-Stravs-450x564.jpg 450w\" sizes=\"(max-width: 574px) 100vw, 574px\" \/><\/div><h3 class='team-member-name '  itemprop=\"name\" >Nina \u0160travs<\/h3><div class='team-member-job-title '  itemprop=\"jobTitle\" >PROJEKTLEITER<\/div><div class='team-member-description '  itemprop=\"description\" ><p><span class=\"phone\">+386 1 828 05 13<\/span><br \/>\n<span class=\"mobile\">+386 30 720 599<\/span><br \/>\n<span class=\"email\">nina.stravs@cookinox.si<\/span><\/p>\n<\/div><span class='hidden team-member-affiliation'  itemprop=\"affiliation\" >Cookinox<\/span><\/section><\/div><div class='flex_column av-hpjtn-2764114ca433db3961eebc8336dc1b3e av_one_fourth  avia-builder-el-28  el_after_av_one_fourth  el_before_av_one_fourth  flex_column_div column-top-margin'     ><style type=\"text\/css\" data-created_by=\"avia_inline_auto\" id=\"style-css-av-l7abrura-90b4038bc0fca19b3d00660664912241\">\n.avia-team-member.av-l7abrura-90b4038bc0fca19b3d00660664912241 .team-img-container img{\nborder-style:none;\n}\n<\/style>\n<section  class='avia-team-member av-l7abrura-90b4038bc0fca19b3d00660664912241  avia-builder-el-29  avia-builder-el-no-sibling '  itemscope=\"itemscope\" itemtype=\"https:\/\/schema.org\/Person\" ><div class=\"team-img-container\"><img decoding=\"async\" class='wp-image-4066 avia-img-lazy-loading-not-4066 avia_image avia_image_team' src=\"https:\/\/cookinox.si\/wp-content\/uploads\/2025\/04\/Anze-Gale.jpg\" alt='An\u017ee Gale'  itemprop=\"image\"   height=\"720\" width=\"574\" srcset=\"https:\/\/cookinox.si\/wp-content\/uploads\/2025\/04\/Anze-Gale.jpg 574w, https:\/\/cookinox.si\/wp-content\/uploads\/2025\/04\/Anze-Gale-239x300.jpg 239w, https:\/\/cookinox.si\/wp-content\/uploads\/2025\/04\/Anze-Gale-562x705.jpg 562w, https:\/\/cookinox.si\/wp-content\/uploads\/2025\/04\/Anze-Gale-450x564.jpg 450w\" sizes=\"(max-width: 574px) 100vw, 574px\" \/><\/div><h3 class='team-member-name '  itemprop=\"name\" >An\u017ee Gale<\/h3><div class='team-member-job-title '  itemprop=\"jobTitle\" >PROJEKTLEITER<\/div><div class='team-member-description '  itemprop=\"description\" ><p><span class=\"phone\">+386 1 828 05 29<\/span><br \/>\n<span class=\"mobile\">+386 30 485 555<\/span><br \/>\n<span class=\"email\">anze.gale@cookinox.si<\/span><\/p>\n<\/div><span class='hidden team-member-affiliation'  itemprop=\"affiliation\" >Cookinox<\/span><\/section><\/div><div class='flex_column av-av_one_fourth-f1c518e9ff58e869f80c8f093487abc9 av_one_fourth  avia-builder-el-30  el_after_av_one_fourth  el_before_av_one_full  flex_column_div column-top-margin'     ><style type=\"text\/css\" data-created_by=\"avia_inline_auto\" id=\"style-css-av-mb7q2a5f-913cc206e89dc4bc4750a8c7fdb9017d\">\n.avia-team-member.av-mb7q2a5f-913cc206e89dc4bc4750a8c7fdb9017d .team-img-container img{\nborder-style:none;\n}\n<\/style>\n<section  class='avia-team-member av-mb7q2a5f-913cc206e89dc4bc4750a8c7fdb9017d  avia-builder-el-31  avia-builder-el-no-sibling '  itemscope=\"itemscope\" itemtype=\"https:\/\/schema.org\/Person\" ><div class=\"team-img-container\"><img decoding=\"async\" class='wp-image-4080 avia-img-lazy-loading-not-4080 avia_image avia_image_team' src=\"https:\/\/cookinox.si\/wp-content\/uploads\/2025\/05\/Dajana-Gorcic.jpg\" alt='Dajana Gor\u010di\u010d'  itemprop=\"image\"   height=\"646\" width=\"516\" srcset=\"https:\/\/cookinox.si\/wp-content\/uploads\/2025\/05\/Dajana-Gorcic.jpg 516w, https:\/\/cookinox.si\/wp-content\/uploads\/2025\/05\/Dajana-Gorcic-240x300.jpg 240w, https:\/\/cookinox.si\/wp-content\/uploads\/2025\/05\/Dajana-Gorcic-450x563.jpg 450w\" sizes=\"(max-width: 516px) 100vw, 516px\" \/><\/div><h3 class='team-member-name '  itemprop=\"name\" >Dajana Gor\u010di\u010d<\/h3><div class='team-member-job-title '  itemprop=\"jobTitle\" >QUALIT\u00c4TSMANAGERIN<\/div><div class='team-member-description '  itemprop=\"description\" ><p><span class=\"phone\">+386 1 786 13 13<\/span><br \/>\n<span class=\"email\">dajana.gorcic@cookinox.si<\/span><\/p>\n<\/div><span class='hidden team-member-affiliation'  itemprop=\"affiliation\" >Cookinox<\/span><\/section><\/div><div class='flex_column av-aecij-af1d2bc0072417a1e5ba1b02d6ca9a79 av_one_full  avia-builder-el-32  el_after_av_one_fourth  avia-builder-el-last  first flex_column_div column-top-margin'     ><section  class='av_textblock_section av-l7ackcvc-e130348db7114728ef705499f5da3de6'  itemscope=\"itemscope\" itemtype=\"https:\/\/schema.org\/CreativeWork\" ><div class='avia_textblock'  itemprop=\"text\" ><p class=\"movie-link\"><a href=\"https:\/\/www.youtube.com\/watch?v=CmcEPLh4VmM\"><span class=\"\">Pr\u00e4sentationsvideo<\/span> <span class=\"\"><img decoding=\"async\" src=\"\/wp-content\/uploads\/2022\/08\/left-arrow.png\" \/><\/span><\/a><\/p>\n<\/div><\/section><\/div>\n","protected":false},"excerpt":{"rendered":"","protected":false},"author":1,"featured_media":0,"parent":0,"menu_order":0,"comment_status":"closed","ping_status":"closed","template":"","meta":{"footnotes":""},"class_list":["post-2087","page","type-page","status-publish","hentry"],"_links":{"self":[{"href":"https:\/\/cookinox.si\/de\/wp-json\/wp\/v2\/pages\/2087"}],"collection":[{"href":"https:\/\/cookinox.si\/de\/wp-json\/wp\/v2\/pages"}],"about":[{"href":"https:\/\/cookinox.si\/de\/wp-json\/wp\/v2\/types\/page"}],"author":[{"embeddable":true,"href":"https:\/\/cookinox.si\/de\/wp-json\/wp\/v2\/users\/1"}],"replies":[{"embeddable":true,"href":"https:\/\/cookinox.si\/de\/wp-json\/wp\/v2\/comments?post=2087"}],"version-history":[{"count":59,"href":"https:\/\/cookinox.si\/de\/wp-json\/wp\/v2\/pages\/2087\/revisions"}],"predecessor-version":[{"id":4138,"href":"https:\/\/cookinox.si\/de\/wp-json\/wp\/v2\/pages\/2087\/revisions\/4138"}],"wp:attachment":[{"href":"https:\/\/cookinox.si\/de\/wp-json\/wp\/v2\/media?parent=2087"}],"curies":[{"name":"wp","href":"https:\/\/api.w.org\/{rel}","templated":true}]}}