{"id":1987,"date":"2022-08-25T09:10:19","date_gmt":"2022-08-25T07:10:19","guid":{"rendered":"https:\/\/cookinox.si\/?page_id=1987"},"modified":"2023-11-13T16:09:20","modified_gmt":"2023-11-13T15:09:20","slug":"gastronomie-mobel-aus-edelstahl","status":"publish","type":"page","link":"https:\/\/cookinox.si\/de\/produkte\/gastronomie-mobel-aus-edelstahl\/","title":{"rendered":"Gastronomie &#8211; M\u00d6BEL AUS EDELSTAHL"},"content":{"rendered":"\n<style type=\"text\/css\" data-created_by=\"avia_inline_auto\" id=\"style-css-av-l75ys0oa-713eec664bad8f9f19376edb9bc2b1d7\">\n.avia-section.av-l75ys0oa-713eec664bad8f9f19376edb9bc2b1d7{\nbackground-repeat:no-repeat;\nbackground-image:url(https:\/\/cookinox.si\/wp-content\/uploads\/2023\/11\/custom-made-solutions-bg-nova.jpg);\nbackground-position:50% 50%;\nbackground-attachment:scroll;\n}\n<\/style>\n<div id='av_section_1'  class='avia-section av-l75ys0oa-713eec664bad8f9f19376edb9bc2b1d7 main_color avia-section-default avia-no-border-styling  avia-builder-el-0  el_before_av_section  avia-builder-el-first  product-opening avia-bg-style-scroll av-minimum-height av-minimum-height-75  container_wrap fullsize'  data-section-bg-repeat='no-repeat' data-av_minimum_height_pc='75'><div class='container av-section-cont-open' ><main  role=\"main\" itemprop=\"mainContentOfPage\"  class='template-page content  av-content-full alpha units'><div class='post-entry post-entry-type-page post-entry-1987'><div class='entry-content-wrapper clearfix'>\n<div class='flex_column av-20uvh-14e81bf692e9cb071c25dc6cb0ca6ce4 av_three_fifth  avia-builder-el-1  el_before_av_two_fifth  avia-builder-el-first  first flex_column_div '     ><section  class='av_textblock_section av-l75yv4qc-f00fc26ffdcb71dcba3b51bcc0efd9fb'  itemscope=\"itemscope\" itemtype=\"https:\/\/schema.org\/CreativeWork\" ><div class='avia_textblock'  itemprop=\"text\" ><p><img loading=\"lazy\" decoding=\"async\" class=\"alignnone size-full wp-image-223\" src=\"https:\/\/cookinox.si\/wp-content\/uploads\/2022\/08\/number2.png\" alt=\"\" width=\"278\" height=\"225\" \/><\/p>\n<h1>Gastronomie<br \/>\nM\u00d6BEL AUS EDELSTAHL<\/h1>\n<\/div><\/section><\/div><div class='flex_column av-dekvh-661fa48f0fed9e9832c69b06257ac035 av_two_fifth  avia-builder-el-3  el_after_av_three_fifth  avia-builder-el-last  flex_column_div '     ><\/div>\n\n<\/div><\/div><\/main><!-- close content main element --><\/div><\/div><div id='av_section_2'  class='avia-section av-l75yvlsb-7cf4043ad880bd167a0382407291c6f3 main_color avia-section-default avia-no-border-styling  avia-builder-el-5  el_after_av_section  el_before_av_section  product-intro avia-bg-style-scroll container_wrap fullsize'  ><div class='container av-section-cont-open' ><div class='template-page content  av-content-full alpha units'><div class='post-entry post-entry-type-page post-entry-1987'><div class='entry-content-wrapper clearfix'>\n<section  class='av_textblock_section av-l75yw3d8-f810c2cd85d4c24b02b4ae364555d1bb'  itemscope=\"itemscope\" itemtype=\"https:\/\/schema.org\/CreativeWork\" ><div class='avia_textblock'  itemprop=\"text\" ><h2>EDELSTAHL-M\u00f6bel an h\u00f6chste Anforderungen<\/h2>\n<h2>Angepasst<\/h2>\n<p>Die Edelstahlm\u00f6bel von Cookinox werden komplett nach Ma\u00df gefertigt \u2013 ganz nach Kundenwunsch. Es kann in einervon zwei eigenen Linien hergestellt werden und zwar in der Linie ELEGANCE und Linie H2 LIGHT oder gem\u00e4\u00df der Norm DIN18865-9 in Versionen H1, H2 oder H3. Bei allen DIN-Ausf\u00fchrungen sind die Schr\u00e4nke komplett verschwei\u00dft und gew\u00e4hrleisten aus hygienischer Sicht die M\u00f6glichkeit, ein H\u00f6chstma\u00df an Hygiene in der K\u00fcche einzuhalten. Neben dem hygienischen Aspekt ist auch der Aspekt der hohen Robustheit \u2013 die Langlebigkeit der Ger\u00e4te auf lange Sicht \u2013 sehr wichtig.<\/p>\n<\/div><\/section>\n\n<\/div><\/div><\/div><!-- close content main div --><\/div><\/div>\n<style type=\"text\/css\" data-created_by=\"avia_inline_auto\" id=\"style-css-av-l75zs337-4d1b7982a035c38dd404ccdb2a3a2850\">\n.avia-section.av-l75zs337-4d1b7982a035c38dd404ccdb2a3a2850{\nbackground-repeat:no-repeat;\nbackground-image:url(https:\/\/cookinox.si\/wp-content\/uploads\/2022\/08\/bg-1.png);\nbackground-position:50% 50%;\nbackground-attachment:scroll;\n}\n<\/style>\n<div id='av_section_3'  class='avia-section av-l75zs337-4d1b7982a035c38dd404ccdb2a3a2850 main_color avia-section-default avia-no-border-styling  avia-builder-el-7  el_after_av_section  el_before_av_section  product-benefits avia-bg-style-scroll container_wrap fullsize'  data-section-bg-repeat='no-repeat'><div class='container av-section-cont-open' ><div class='template-page content  av-content-full alpha units'><div class='post-entry post-entry-type-page post-entry-1987'><div class='entry-content-wrapper clearfix'>\n<div class='flex_column_table av-l75zx4a8-80891175439e5f5d7b40fc6826845920 sc-av_one_half av-equal-height-column-flextable'><div class='flex_column av-l75zx4a8-80891175439e5f5d7b40fc6826845920 av_one_half  avia-builder-el-8  el_before_av_one_half  avia-builder-el-first  first flex_column_table_cell av-equal-height-column av-align-middle '     ><style type=\"text\/css\" data-created_by=\"avia_inline_auto\" id=\"style-css-av-l75zq9cw-a85787ee58ff93390a0fa46bd1113be1\">\n.avia-image-container.av-l75zq9cw-a85787ee58ff93390a0fa46bd1113be1{\nposition:relative;\ntop:-45px;\nright:0px;\nbottom:0px;\nleft:-150px;\n}\n.avia-image-container.av-l75zq9cw-a85787ee58ff93390a0fa46bd1113be1 img.avia_image{\nbox-shadow:none;\n}\n.avia-image-container.av-l75zq9cw-a85787ee58ff93390a0fa46bd1113be1 .av-image-caption-overlay-center{\ncolor:#ffffff;\n}\n<\/style>\n<div  class='avia-image-container av-l75zq9cw-a85787ee58ff93390a0fa46bd1113be1 av-styling-no-styling avia-align-center  avia-builder-el-9  avia-builder-el-no-sibling  av-custom-positioned'   itemprop=\"image\" itemscope=\"itemscope\" itemtype=\"https:\/\/schema.org\/ImageObject\" ><div class=\"avia-image-container-inner\"><div class=\"avia-image-overlay-wrap\"><img decoding=\"async\" class='wp-image-3766 avia-img-lazy-loading-not-3766 avia_image ' src=\"https:\/\/cookinox.si\/wp-content\/uploads\/2023\/11\/custom-made-inox-solutions-1.png\" alt='' title='custom-made-inox-solutions-1'  height=\"565\" width=\"872\"  itemprop=\"thumbnailUrl\" srcset=\"https:\/\/cookinox.si\/wp-content\/uploads\/2023\/11\/custom-made-inox-solutions-1.png 872w, https:\/\/cookinox.si\/wp-content\/uploads\/2023\/11\/custom-made-inox-solutions-1-300x194.png 300w, https:\/\/cookinox.si\/wp-content\/uploads\/2023\/11\/custom-made-inox-solutions-1-768x498.png 768w, https:\/\/cookinox.si\/wp-content\/uploads\/2023\/11\/custom-made-inox-solutions-1-705x457.png 705w, https:\/\/cookinox.si\/wp-content\/uploads\/2023\/11\/custom-made-inox-solutions-1-450x292.png 450w, https:\/\/cookinox.si\/wp-content\/uploads\/2023\/11\/custom-made-inox-solutions-1-600x389.png 600w\" sizes=\"(max-width: 872px) 100vw, 872px\" \/><\/div><\/div><\/div><\/div><div class='av-flex-placeholder'><\/div><div class='flex_column av-8dgt9-2c0d67fb722e060c2417c2b7ba0d421e av_one_half  avia-builder-el-10  el_after_av_one_half  avia-builder-el-last  flex_column_table_cell av-equal-height-column av-align-middle '     ><section  class='av_textblock_section av-l75zrmdr-a830390230b2ecfc5050f660a07d0a2e'  itemscope=\"itemscope\" itemtype=\"https:\/\/schema.org\/CreativeWork\" ><div class='avia_textblock'  itemprop=\"text\" ><h3>Wir legen h\u00f6chsten Wert auf:<\/h3>\n<ul>\n<li>n\u00fctzliche\u00a0Werte<\/li>\n<li>Qualit\u00e4t<\/li>\n<li>die Qualit\u00e4t der Einbauelemente<\/li>\n<li>Design<\/li>\n<li>Hygiene<\/li>\n<\/ul>\n<\/div><\/section><\/div><\/div><!--close column table wrapper. Autoclose: 1 -->\n\n<\/div><\/div><\/div><!-- close content main div --><\/div><\/div><div id='av_section_4'  class='avia-section av-l760sqss-518b3ba123ac6aa65d4b37cd45eca5b7 main_color avia-section-default avia-no-border-styling  avia-builder-el-12  el_after_av_section  el_before_av_section  product-owl1 avia-bg-style-scroll container_wrap fullsize'  ><div class='container av-section-cont-open' ><div class='template-page content  av-content-full alpha units'><div class='post-entry post-entry-type-page post-entry-1987'><div class='entry-content-wrapper clearfix'>\n<div class='flex_column av-14lrn9-bb552c9920d51b736fa0c2404749f38a av_one_half  avia-builder-el-13  el_before_av_one_half  avia-builder-el-first  first flex_column_div '     ><section  class='av_textblock_section av-l760sfvd-da584d1977d15648b12614063ba30c31'  itemscope=\"itemscope\" itemtype=\"https:\/\/schema.org\/CreativeWork\" ><div class='avia_textblock'  itemprop=\"text\" ><h3>Galerie<\/h3>\n<\/div><\/section><\/div><div class='flex_column av-zkuj1-d9ed92bd2d103e37b95b8c51a7bc63dc av_one_half  avia-builder-el-15  el_after_av_one_half  el_before_av_one_full  flex_column_div '     ><\/div><div class='flex_column av-p4cil-480bec3d7b25677165e19b4e0101469c av_one_full  avia-builder-el-16  el_after_av_one_half  avia-builder-el-last  first flex_column_div column-top-margin'     ><p><br \/>\n<\/p><\/div>\n\n<\/div><\/div><\/div><!-- close content main div --><\/div><\/div><div id='av_section_5'  class='avia-section av-l762yx0k-e496c3b37ca5322c72326b09b68a6930 main_color avia-section-default avia-no-border-styling  avia-builder-el-19  el_after_av_section  el_before_av_section  product-dekors avia-bg-style-scroll container_wrap fullsize'  ><div class='container av-section-cont-open' ><div class='template-page content  av-content-full alpha units'><div class='post-entry post-entry-type-page post-entry-1987'><div class='entry-content-wrapper clearfix'>\n<section  class='av_textblock_section av-l762epz2-443c618b294d150f3b567d4756e1fc4f'  itemscope=\"itemscope\" itemtype=\"https:\/\/schema.org\/CreativeWork\" ><div class='avia_textblock'  itemprop=\"text\" ><h2>Eine gro\u00dfe Auswahl an DEKOREN<\/h2>\n<p>Die Wahl der Oberfl\u00e4chenbehandlung ist ein wichtiges Schl\u00fcsselfaktor bei der Konstruktion Ihrer Ausr\u00fcstung. Deshalb setzen wir uns daf\u00fcr ein, Produkte herzustellen, die gut aussehen, lange halten und die strengsten Umwelt- und Hygienevorschriften erf\u00fcllen. Wir verwenden die beste Ausr\u00fcstung und die fortschrittlichsten verf\u00fcgbaren technologischen Mittel, um ein gl\u00e4nzendes und brillantes Endprodukt zu erzielen. Dies gew\u00e4hrleistet eine maximale Haltbarkeit und Qualit\u00e4t der Produkte dank der vollst\u00e4ndigen Kontrolle \u00fcber die Verwaltung der verwendeten Materialien. In unserem Angebot finden Sie eine gro\u00dfe Auswahl an zus\u00e4tzlichen Farben und Dekoren, die zu Ihrem Ambiente passen.<\/p>\n<\/div><\/section>\n\n\n<\/div><\/div><\/div><!-- close content main div --><\/div><\/div><div id='av_section_6'  class='avia-section av-l7644vn4-83832caa33d4b1637cd3254384f3bad4 main_color avia-section-default avia-no-border-styling  avia-builder-el-22  el_after_av_section  el_before_av_section  product-advantages avia-bg-style-scroll container_wrap fullsize'  ><div class='container av-section-cont-open' ><div class='template-page content  av-content-full alpha units'><div class='post-entry post-entry-type-page post-entry-1987'><div class='entry-content-wrapper clearfix'>\n<div class='flex_column av-kzcbh-b805ffd4e3a10edf6ed585769f330a93 av_one_half  avia-builder-el-23  el_before_av_one_half  avia-builder-el-first  first flex_column_div '     ><section  class='av_textblock_section av-l7644g3f-7960d64c48697e6d634f67a85c7507d9'  itemscope=\"itemscope\" itemtype=\"https:\/\/schema.org\/CreativeWork\" ><div class='avia_textblock'  itemprop=\"text\" ><h3>VORTEILE<\/h3>\n<\/div><\/section><\/div><div class='flex_column av-en84l-7c0f3188846c4e3e5bfffaf37200d7a3 av_one_half  avia-builder-el-25  el_after_av_one_half  el_before_av_one_full  flex_column_div '     ><\/div><div class='flex_column av-96t51-de8afe08796918363222df40b204f8ea av_one_full  avia-builder-el-26  el_after_av_one_half  avia-builder-el-last  first flex_column_div column-top-margin'     ><p><br \/>\n<\/p><\/div><\/div><\/div><\/div><!-- close content main div --><\/div><\/div><div id='av_section_7'  class='avia-section av-l764t5de-150ccd09791479ef1349060eb4f33e23 main_color avia-section-default avia-no-border-styling  avia-builder-el-29  el_after_av_section  el_before_av_section  product-catalogue avia-bg-style-scroll container_wrap fullsize'  ><div class='container av-section-cont-open' ><div class='template-page content  av-content-full alpha units'><div class='post-entry post-entry-type-page post-entry-1987'><div class='entry-content-wrapper clearfix'>\n\n<style type=\"text\/css\" data-created_by=\"avia_inline_auto\" id=\"style-css-av-l764tt49-f8a9e3fde5b25f48fd5e0eeff9a94a60\">\n.flex_column.av-l764tt49-f8a9e3fde5b25f48fd5e0eeff9a94a60{\nbackground-color:#e50019;\n}\n<\/style>\n<div class='flex_column av-l764tt49-f8a9e3fde5b25f48fd5e0eeff9a94a60 av_one_full  avia-builder-el-30  avia-builder-el-no-sibling  first flex_column_div avia-link-column av-column-link avia-link-column-hover '    data-link-column-url=\"\/de\/kataloge\/\"  data-link-column-target=\"_blank\"   ><a class=\"av-screen-reader-only\" href=\"\/de\/kataloge\/\" target=\"_blank\" title=\"Cookinox Catalogue\" rel=\"noopener\">Folge einem manuell hinzugef\u00fcgten Link<\/a><section  class='av_textblock_section av-l764svzp-c4728b3b336d1c1565a5ee797e179200'  itemscope=\"itemscope\" itemtype=\"https:\/\/schema.org\/CreativeWork\" ><div class='avia_textblock'  itemprop=\"text\" ><p class=\"\"><span class=\"\">SIEH DIR DEN KATALOG AN<\/span> <span class=\"\"><img decoding=\"async\" src=\"\/wp-content\/uploads\/2022\/08\/left-arrow.png\" \/><\/span><\/p>\n<\/div><\/section><\/div>\n<\/p>\n<\/div><\/div><\/div><!-- close content main div --><\/div><\/div><div id='av_section_8'  class='avia-section av-l765kira-8742bed2a08e4f99dc16409e6cd9299d main_color avia-section-default avia-no-border-styling  avia-builder-el-32  el_after_av_section  el_before_av_section  product-hs avia-bg-style-scroll container_wrap fullsize'  ><div class='container av-section-cont-open' ><div class='template-page content  av-content-full alpha units'><div class='post-entry post-entry-type-page post-entry-1987'><div class='entry-content-wrapper clearfix'>\n<section  class='av_textblock_section av-l765kprn-97a8434558ce2a8d252291c336f7818e'  itemscope=\"itemscope\" itemtype=\"https:\/\/schema.org\/CreativeWork\" ><div class='avia_textblock'  itemprop=\"text\" ><h2>COOKINOX HYGIENESTANDARDS<\/h2>\n<\/div><\/section>\n\n\n<\/div><\/div><\/div><!-- close content main div --><\/div><\/div><div id='av_section_9'  class='avia-section av-l768ilk8-fb2a7e0f25b63a8bcff64b6b46d96f4d main_color avia-section-default avia-no-border-styling  avia-builder-el-35  el_after_av_section  el_before_av_section  product-masonry avia-bg-style-scroll container_wrap fullsize'  ><div class='container av-section-cont-open' ><div class='template-page content  av-content-full alpha units'><div class='post-entry post-entry-type-page post-entry-1987'><div class='entry-content-wrapper clearfix'>\n<section  class='av_textblock_section av-l768gq0l-c15e1972afd8703a9e0665ef9147c1bf'  itemscope=\"itemscope\" itemtype=\"https:\/\/schema.org\/CreativeWork\" ><div class='avia_textblock'  itemprop=\"text\" ><h2 style=\"text-align: center; margin-bottom: 100px; margin-top: 50px;\">Galerie<\/h2>\n<\/div><\/section>\n<div id='av-masonry-1' class='av-masonry av-l768ib9a-f126ae61836c26537ea872c3d3ccaae4 noHover av-fixed-size av-large-gap av-hover-overlay-active av-masonry-animation- av-masonry-col-4 av-caption-always av-caption-style- av-masonry-gallery av-desktop-columns-overwrite av-desktop-columns-4 '><div class=\"av-masonry-container isotope av-js-disabled\"><div class='av-masonry-entry isotope-item av-masonry-item-no-image '><\/div><a href=\"https:\/\/cookinox.si\/wp-content\/uploads\/2022\/08\/test-1030x570.jpg\" data-srcset=\"https:\/\/cookinox.si\/wp-content\/uploads\/2022\/08\/test-1030x570.jpg 1030w, https:\/\/cookinox.si\/wp-content\/uploads\/2022\/08\/test-600x332.jpg 600w, https:\/\/cookinox.si\/wp-content\/uploads\/2022\/08\/test-300x166.jpg 300w, https:\/\/cookinox.si\/wp-content\/uploads\/2022\/08\/test-768x425.jpg 768w, https:\/\/cookinox.si\/wp-content\/uploads\/2022\/08\/test-705x390.jpg 705w, https:\/\/cookinox.si\/wp-content\/uploads\/2022\/08\/test.jpg 1412w\" data-sizes=\"(max-width: 1030px) 100vw, 1030px\"  aria-label=\"Bild test\"  id='av-masonry-1-item-1497' data-av-masonry-item='1497' class='av-masonry-entry isotope-item post-1497 attachment type-attachment status-inherit hentry  av-masonry-item-with-image av-landscape-img' title=\"test\" alt=\"\"    itemprop=\"thumbnailUrl\" ><div class='av-inner-masonry-sizer'><\/div><figure class='av-inner-masonry main_color'><div class=\"av-masonry-outerimage-container\"><div class='av-masonry-image-container' style=\"background-image: url(https:\/\/cookinox.si\/wp-content\/uploads\/2022\/08\/test.jpg);\"  title=\"test\"  ><\/div><\/div><\/figure><\/a><!--end av-masonry entry--><a href=\"https:\/\/cookinox.si\/wp-content\/uploads\/2022\/08\/cooking-suits-gallery-4-570x1030.jpg\" data-srcset=\"https:\/\/cookinox.si\/wp-content\/uploads\/2022\/08\/cooking-suits-gallery-4-570x1030.jpg 570w, https:\/\/cookinox.si\/wp-content\/uploads\/2022\/08\/cooking-suits-gallery-4-600x1083.jpg 600w, https:\/\/cookinox.si\/wp-content\/uploads\/2022\/08\/cooking-suits-gallery-4-166x300.jpg 166w, https:\/\/cookinox.si\/wp-content\/uploads\/2022\/08\/cooking-suits-gallery-4-768x1387.jpg 768w, https:\/\/cookinox.si\/wp-content\/uploads\/2022\/08\/cooking-suits-gallery-4-390x705.jpg 390w, https:\/\/cookinox.si\/wp-content\/uploads\/2022\/08\/cooking-suits-gallery-4.jpg 782w\" data-sizes=\"(max-width: 570px) 100vw, 570px\"  aria-label=\"Bild cooking-suits-gallery-4\"  id='av-masonry-1-item-1493' data-av-masonry-item='1493' class='av-masonry-entry isotope-item post-1493 attachment type-attachment status-inherit hentry  av-masonry-item-with-image av-portrait-img' title=\"cooking-suits-gallery-4\" alt=\"\"    itemprop=\"thumbnailUrl\" ><div class='av-inner-masonry-sizer'><\/div><figure class='av-inner-masonry main_color'><div class=\"av-masonry-outerimage-container\"><div class='av-masonry-image-container' style=\"background-image: url(https:\/\/cookinox.si\/wp-content\/uploads\/2022\/08\/cooking-suits-gallery-4.jpg);\"  title=\"cooking-suits-gallery-4\"  ><\/div><\/div><\/figure><\/a><!--end av-masonry entry--><a href=\"https:\/\/cookinox.si\/wp-content\/uploads\/2022\/08\/cooking-suits-gallery-3.jpg\" data-srcset=\"https:\/\/cookinox.si\/wp-content\/uploads\/2022\/08\/cooking-suits-gallery-3.jpg 782w, https:\/\/cookinox.si\/wp-content\/uploads\/2022\/08\/cooking-suits-gallery-3-600x542.jpg 600w, https:\/\/cookinox.si\/wp-content\/uploads\/2022\/08\/cooking-suits-gallery-3-300x271.jpg 300w, https:\/\/cookinox.si\/wp-content\/uploads\/2022\/08\/cooking-suits-gallery-3-768x693.jpg 768w, https:\/\/cookinox.si\/wp-content\/uploads\/2022\/08\/cooking-suits-gallery-3-705x636.jpg 705w\" data-sizes=\"(max-width: 782px) 100vw, 782px\"  aria-label=\"Bild cooking-suits-gallery-3\"  id='av-masonry-1-item-1491' data-av-masonry-item='1491' class='av-masonry-entry isotope-item post-1491 attachment type-attachment status-inherit hentry  av-masonry-item-with-image av-grid-img' title=\"cooking-suits-gallery-3\" alt=\"\"    itemprop=\"thumbnailUrl\" ><div class='av-inner-masonry-sizer'><\/div><figure class='av-inner-masonry main_color'><div class=\"av-masonry-outerimage-container\"><div class='av-masonry-image-container' style=\"background-image: url(https:\/\/cookinox.si\/wp-content\/uploads\/2022\/08\/cooking-suits-gallery-3.jpg);\"  title=\"cooking-suits-gallery-3\"  ><\/div><\/div><\/figure><\/a><!--end av-masonry entry--><a href=\"https:\/\/cookinox.si\/wp-content\/uploads\/2022\/08\/test-1-930x1030.jpg\" data-srcset=\"https:\/\/cookinox.si\/wp-content\/uploads\/2022\/08\/test-1-930x1030.jpg 930w, https:\/\/cookinox.si\/wp-content\/uploads\/2022\/08\/test-1-600x665.jpg 600w, https:\/\/cookinox.si\/wp-content\/uploads\/2022\/08\/test-1-271x300.jpg 271w, https:\/\/cookinox.si\/wp-content\/uploads\/2022\/08\/test-1-768x851.jpg 768w, https:\/\/cookinox.si\/wp-content\/uploads\/2022\/08\/test-1-1387x1536.jpg 1387w, https:\/\/cookinox.si\/wp-content\/uploads\/2022\/08\/test-1-1354x1500.jpg 1354w, https:\/\/cookinox.si\/wp-content\/uploads\/2022\/08\/test-1-636x705.jpg 636w, https:\/\/cookinox.si\/wp-content\/uploads\/2022\/08\/test-1.jpg 1412w\" data-sizes=\"(max-width: 930px) 100vw, 930px\"  aria-label=\"Bild test-1\"  id='av-masonry-1-item-1495' data-av-masonry-item='1495' class='av-masonry-entry isotope-item post-1495 attachment type-attachment status-inherit hentry  av-masonry-item-with-image av-grid-img' title=\"test-1\" alt=\"\"    itemprop=\"thumbnailUrl\" ><div class='av-inner-masonry-sizer'><\/div><figure class='av-inner-masonry main_color'><div class=\"av-masonry-outerimage-container\"><div class='av-masonry-image-container' style=\"background-image: url(https:\/\/cookinox.si\/wp-content\/uploads\/2022\/08\/test-1.jpg);\"  title=\"test-1\"  ><\/div><\/div><\/figure><\/a><!--end av-masonry entry--><a href=\"https:\/\/cookinox.si\/wp-content\/uploads\/2022\/08\/cooking-suits-gallery-2.jpg\" data-srcset=\"https:\/\/cookinox.si\/wp-content\/uploads\/2022\/08\/cooking-suits-gallery-2.jpg 782w, https:\/\/cookinox.si\/wp-content\/uploads\/2022\/08\/cooking-suits-gallery-2-600x542.jpg 600w, https:\/\/cookinox.si\/wp-content\/uploads\/2022\/08\/cooking-suits-gallery-2-300x271.jpg 300w, https:\/\/cookinox.si\/wp-content\/uploads\/2022\/08\/cooking-suits-gallery-2-768x693.jpg 768w, https:\/\/cookinox.si\/wp-content\/uploads\/2022\/08\/cooking-suits-gallery-2-705x636.jpg 705w\" data-sizes=\"(max-width: 782px) 100vw, 782px\"  aria-label=\"Bild cooking-suits-gallery-2\"  id='av-masonry-1-item-1489' data-av-masonry-item='1489' class='av-masonry-entry isotope-item post-1489 attachment type-attachment status-inherit hentry  av-masonry-item-with-image av-grid-img' title=\"cooking-suits-gallery-2\" alt=\"\"    itemprop=\"thumbnailUrl\" ><div class='av-inner-masonry-sizer'><\/div><figure class='av-inner-masonry main_color'><div class=\"av-masonry-outerimage-container\"><div class='av-masonry-image-container' style=\"background-image: url(https:\/\/cookinox.si\/wp-content\/uploads\/2022\/08\/cooking-suits-gallery-2.jpg);\"  title=\"cooking-suits-gallery-2\"  ><\/div><\/div><\/figure><\/a><!--end av-masonry entry--><a href=\"https:\/\/cookinox.si\/wp-content\/uploads\/2022\/08\/cookinox-cooking-suites-gallery-3.jpg\" data-srcset=\"https:\/\/cookinox.si\/wp-content\/uploads\/2022\/08\/cookinox-cooking-suites-gallery-3.jpg 650w, https:\/\/cookinox.si\/wp-content\/uploads\/2022\/08\/cookinox-cooking-suites-gallery-3-600x533.jpg 600w, https:\/\/cookinox.si\/wp-content\/uploads\/2022\/08\/cookinox-cooking-suites-gallery-3-300x266.jpg 300w\" data-sizes=\"(max-width: 650px) 100vw, 650px\"  aria-label=\"Bild cookinox-cooking-suites-gallery-3\"  id='av-masonry-1-item-1437' data-av-masonry-item='1437' class='av-masonry-entry isotope-item post-1437 attachment type-attachment status-inherit hentry  av-masonry-item-with-image av-grid-img' title=\"cookinox-cooking-suites-gallery-3\" alt=\"\"    itemprop=\"thumbnailUrl\" ><div class='av-inner-masonry-sizer'><\/div><figure class='av-inner-masonry main_color'><div class=\"av-masonry-outerimage-container\"><div class='av-masonry-image-container' style=\"background-image: url(https:\/\/cookinox.si\/wp-content\/uploads\/2022\/08\/cookinox-cooking-suites-gallery-3.jpg);\"  title=\"cookinox-cooking-suites-gallery-3\"  ><\/div><\/div><\/figure><\/a><!--end av-masonry entry--><\/div><\/div>\n\n<\/div><\/div><\/div><!-- close content main div --><\/div><\/div>\n<style type=\"text\/css\" data-created_by=\"avia_inline_auto\" id=\"style-css-av-l78sqbq6-294023103597ae72ee4068806922bab9\">\n.avia-section.av-l78sqbq6-294023103597ae72ee4068806922bab9{\nbackground-repeat:no-repeat;\nbackground-image:url(https:\/\/cookinox.si\/wp-content\/uploads\/2022\/08\/cookinox-banner-bg.jpg);\nbackground-position:50% 50%;\nbackground-attachment:scroll;\n}\n<\/style>\n<div id='av_section_10'  class='avia-section av-l78sqbq6-294023103597ae72ee4068806922bab9 main_color avia-section-default avia-no-border-styling  avia-builder-el-38  el_after_av_section  avia-builder-el-last  banner-movie avia-bg-style-scroll container_wrap fullsize'  data-section-bg-repeat='no-repeat'><div class='container av-section-cont-open' ><div class='template-page content  av-content-full alpha units'><div class='post-entry post-entry-type-page post-entry-1987'><div class='entry-content-wrapper clearfix'>\n<section  class='av_textblock_section av-l78sq241-da9fab3f64272c87d821a748e3cc375b'  itemscope=\"itemscope\" itemtype=\"https:\/\/schema.org\/CreativeWork\" ><div class='avia_textblock'  itemprop=\"text\" ><p class=\"\"><a href=\"https:\/\/www.youtube.com\/watch?v=CmcEPLh4VmM\"><span class=\"\">Pr\u00e4sentationsvideo<\/span> <span class=\"\"><img decoding=\"async\" src=\"\/wp-content\/uploads\/2022\/08\/left-arrow.png\" \/><\/span><\/a><\/p>\n<\/div><\/section>\n\n","protected":false},"excerpt":{"rendered":"","protected":false},"author":1,"featured_media":0,"parent":1977,"menu_order":0,"comment_status":"closed","ping_status":"closed","template":"","meta":{"footnotes":""},"class_list":["post-1987","page","type-page","status-publish","hentry"],"_links":{"self":[{"href":"https:\/\/cookinox.si\/de\/wp-json\/wp\/v2\/pages\/1987"}],"collection":[{"href":"https:\/\/cookinox.si\/de\/wp-json\/wp\/v2\/pages"}],"about":[{"href":"https:\/\/cookinox.si\/de\/wp-json\/wp\/v2\/types\/page"}],"author":[{"embeddable":true,"href":"https:\/\/cookinox.si\/de\/wp-json\/wp\/v2\/users\/1"}],"replies":[{"embeddable":true,"href":"https:\/\/cookinox.si\/de\/wp-json\/wp\/v2\/comments?post=1987"}],"version-history":[{"count":38,"href":"https:\/\/cookinox.si\/de\/wp-json\/wp\/v2\/pages\/1987\/revisions"}],"predecessor-version":[{"id":3851,"href":"https:\/\/cookinox.si\/de\/wp-json\/wp\/v2\/pages\/1987\/revisions\/3851"}],"up":[{"embeddable":true,"href":"https:\/\/cookinox.si\/de\/wp-json\/wp\/v2\/pages\/1977"}],"wp:attachment":[{"href":"https:\/\/cookinox.si\/de\/wp-json\/wp\/v2\/media?parent=1987"}],"curies":[{"name":"wp","href":"https:\/\/api.w.org\/{rel}","templated":true}]}}