{"id":1977,"date":"2022-08-23T07:37:18","date_gmt":"2022-08-23T05:37:18","guid":{"rendered":"https:\/\/cookinox.si\/?page_id=1977"},"modified":"2023-11-09T10:58:03","modified_gmt":"2023-11-09T09:58:03","slug":"produkte","status":"publish","type":"page","link":"https:\/\/cookinox.si\/de\/produkte\/","title":{"rendered":"Produkte"},"content":{"rendered":"\n<style type=\"text\/css\" data-created_by=\"avia_inline_auto\" id=\"style-css-av-zl62q-536da7a63dfe0246ac1f336a5f9a6f9d\">\n.avia-section.av-zl62q-536da7a63dfe0246ac1f336a5f9a6f9d{\nbackground-repeat:no-repeat;\nbackground-image:url(https:\/\/cookinox.si\/wp-content\/uploads\/2022\/08\/products-bg.jpg);\nbackground-position:50% 50%;\nbackground-attachment:scroll;\n}\n<\/style>\n<div id='av_section_1'  class='avia-section av-zl62q-536da7a63dfe0246ac1f336a5f9a6f9d main_color avia-section-default avia-no-border-styling  avia-builder-el-0  el_before_av_section  avia-builder-el-first  product-cat avia-bg-style-scroll container_wrap fullsize'  data-section-bg-repeat='no-repeat'><div class='container av-section-cont-open' ><main  role=\"main\" itemprop=\"mainContentOfPage\"  class='template-page content  av-content-full alpha units'><div class='post-entry post-entry-type-page post-entry-1977'><div class='entry-content-wrapper clearfix'>\n<div class='flex_column_table av-tfiwq-902b64b7d45731a9ab1294f2eb61f7be sc-av_two_fifth av-equal-height-column-flextable'><div class='flex_column av-tfiwq-902b64b7d45731a9ab1294f2eb61f7be av_two_fifth  avia-builder-el-1  el_before_av_three_fifth  avia-builder-el-first  text-column first no_margin flex_column_table_cell av-equal-height-column av-align-middle '     ><section  class='av_textblock_section av-l75y03xg-f303c97ea7aaa1e418ef22dbab7ecc0f'  itemscope=\"itemscope\" itemtype=\"https:\/\/schema.org\/CreativeWork\" ><div class='avia_textblock'  itemprop=\"text\" ><p><img decoding=\"async\" class=\"number\" src=\"\/wp-content\/uploads\/2022\/08\/number1.png\" alt=\"\" \/><\/p>\n<h2>Kochbl\u00f6cke<br \/>\nCOOKINOX<\/h2>\n<p>Zentralkochbl\u00f6cke in verschiedenen Ausf\u00fchrungen aus erstklassigen Materialien und mit eingebauten Thermoelementen der h\u00f6chsten Qualit\u00e4tsklasse. Jeder Cookinox-Kochblock ist einzigartig in Form und Konfiguration. Bei der Gestaltung jedes einzelnen Kochocks ber\u00fccksichtigen wir voll und ganz die W\u00fcnsche und Anforderungen des Kunden, an den wir ihn sp\u00e4ter durch die Konstruktion vollst\u00e4ndig anpassen. Der obere Teil des Kochblocks ist sehr robust und homogen gefertigt, aus dicken Materialien und zahlreichen, f\u00fcr den Benutzer unsichtbaren Verst\u00e4rkungen, die ein Verdrehen und Verformen bei Gebrauch und thermischen Belastungen verhindern. Das Unterteil \u2013 die B\u00f6den des Kochblocks werden immer in einer der hygienischen Ausf\u00fchrungen (H1, H2 oder H3) nach der Norm DIN 18865-9 gefertigt. Auf Wunsch des Kunden kann es im Sockel der K\u00fcche platziert werden K\u00fchl- oder Heizelemente sind ebenfalls im Block installiert.<\/p>\n<p><a class=\"btn\" href=\"\/de\/produkte\/kochblocke\/\">mehr<\/a><\/p>\n<p class=\"models\">Eleganz Line H1 &#8211; Hygiene H2 &#8211; Hygiene H3 &#8211; Hygiene<\/p>\n<\/div><\/section><\/div><div class='flex_column av-l75ybf8o-8ad5b7f9e7a58050fc15bd0e417e406e av_three_fifth  avia-builder-el-3  el_after_av_two_fifth  avia-builder-el-last  image-column right no_margin flex_column_table_cell av-equal-height-column av-align-middle '     ><p><br \/>\n\n<style type=\"text\/css\" data-created_by=\"avia_inline_auto\" id=\"style-css-av-l75y2ab6-69c8af8d28341c9c5ec6a4f2a2709660\">\n.avia-image-container.av-l75y2ab6-69c8af8d28341c9c5ec6a4f2a2709660 img.avia_image{\nbox-shadow:none;\n}\n.avia-image-container.av-l75y2ab6-69c8af8d28341c9c5ec6a4f2a2709660 .av-image-caption-overlay-center{\ncolor:#ffffff;\n}\n<\/style>\n<div  class='avia-image-container av-l75y2ab6-69c8af8d28341c9c5ec6a4f2a2709660 av-styling-no-styling avia-align-  avia-builder-el-5  el_after_av_codeblock  avia-builder-el-last '   itemprop=\"image\" itemscope=\"itemscope\" itemtype=\"https:\/\/schema.org\/ImageObject\" ><div class=\"avia-image-container-inner\"><div class=\"avia-image-overlay-wrap\"><img decoding=\"async\" class='wp-image-1423 avia-img-lazy-loading-not-1423 avia_image ' src=\"https:\/\/cookinox.si\/wp-content\/uploads\/2022\/08\/cookinox-cooking-suites-1.png\" alt='' title='cookinox-cooking-suites-1'  height=\"850\" width=\"934\"  itemprop=\"thumbnailUrl\" srcset=\"https:\/\/cookinox.si\/wp-content\/uploads\/2022\/08\/cookinox-cooking-suites-1.png 934w, https:\/\/cookinox.si\/wp-content\/uploads\/2022\/08\/cookinox-cooking-suites-1-600x546.png 600w, https:\/\/cookinox.si\/wp-content\/uploads\/2022\/08\/cookinox-cooking-suites-1-300x273.png 300w, https:\/\/cookinox.si\/wp-content\/uploads\/2022\/08\/cookinox-cooking-suites-1-768x699.png 768w, https:\/\/cookinox.si\/wp-content\/uploads\/2022\/08\/cookinox-cooking-suites-1-705x642.png 705w\" sizes=\"(max-width: 934px) 100vw, 934px\" \/><\/div><\/div><\/div><\/p><\/div><\/div><!--close column table wrapper. Autoclose: 1 -->\n\n<\/div><\/div><\/main><!-- close content main element --><\/div><\/div>\n<style type=\"text\/css\" data-created_by=\"avia_inline_auto\" id=\"style-css-av-ghiy-397bcdf2e91175225ebc9b9994fd4d30\">\n.avia-section.av-ghiy-397bcdf2e91175225ebc9b9994fd4d30{\nbackground-repeat:no-repeat;\nbackground-image:url(https:\/\/cookinox.si\/wp-content\/uploads\/2022\/08\/products-bg.jpg);\nbackground-position:50% 50%;\nbackground-attachment:scroll;\n}\n<\/style>\n<div id='av_section_2'  class='avia-section av-ghiy-397bcdf2e91175225ebc9b9994fd4d30 main_color avia-section-default avia-no-border-styling  avia-builder-el-6  el_after_av_section  el_before_av_section  product-cat avia-bg-style-scroll container_wrap fullsize'  data-section-bg-repeat='no-repeat'><div class='container av-section-cont-open' ><div class='template-page content  av-content-full alpha units'><div class='post-entry post-entry-type-page post-entry-1977'><div class='entry-content-wrapper clearfix'>\n<div class='flex_column_table av-3t44a-abf8ec461898ae8709bc21039dacfebe sc-av_two_fifth av-equal-height-column-flextable'><div class='flex_column av-3t44a-abf8ec461898ae8709bc21039dacfebe av_two_fifth  avia-builder-el-7  el_before_av_three_fifth  avia-builder-el-first  text-column first no_margin flex_column_table_cell av-equal-height-column av-align-middle '     ><section  class='av_textblock_section av-l75xz87k-ace5e4d91794b0b6b0ac6b0d042a46e0'  itemscope=\"itemscope\" itemtype=\"https:\/\/schema.org\/CreativeWork\" ><div class='avia_textblock'  itemprop=\"text\" ><p><img decoding=\"async\" class=\"number\" src=\"\/wp-content\/uploads\/2022\/08\/number2.png\" alt=\"\" \/><\/p>\n<h2>HYGIENE M\u00d6BEL<\/h2>\n<p>Cookinox-Edelstahlm\u00f6bel werden komplett nach Kundenwunsch gefertigt. Es wird in einer der folgenden Versionen hergestellt: ELEGANZ-Linie oder gem\u00e4\u00df der Norm DIN18865-9 (H1, H2 oder H3). Bei allen DIN-Ausf\u00fchrungen sind die Unterteile &#8211; die B\u00f6den der Theken komplett verschwei\u00dft und gew\u00e4hrleisten aus hygienischer Sicht die M\u00f6glichkeit, ein H\u00f6chstma\u00df an Hygiene in der K\u00fcche einzuhalten. Neben dem hygienischen Aspekt ist auch der Aspekt der hohen Robustheit \u2013 die Langlebigkeit der Ger\u00e4te auf lange Sicht \u2013 sehr wichtig.<\/p>\n<p><a class=\"btn\" href=\"\/de\/produkte\/gastronomie-mobel-aus-edelstahl\/\">Mehr<\/a><\/p>\n<p class=\"models\">Eleganz line H1 &#8211; Hygen H2 &#8211; Hygen H3 &#8211; Hygen<\/p>\n<\/div><\/section><\/div><div class='flex_column av-l75yboz3-89a324398ee4a31c718214a26813590e av_three_fifth  avia-builder-el-9  el_after_av_two_fifth  avia-builder-el-last  image-column right no_margin flex_column_table_cell av-equal-height-column av-align-middle '     ><p><br \/>\n\n<style type=\"text\/css\" data-created_by=\"avia_inline_auto\" id=\"style-css-av-l75xssgy-f2e3642fd0366f454f7b03cc5c8fd100\">\n.avia-image-container.av-l75xssgy-f2e3642fd0366f454f7b03cc5c8fd100 img.avia_image{\nbox-shadow:none;\n}\n.avia-image-container.av-l75xssgy-f2e3642fd0366f454f7b03cc5c8fd100 .av-image-caption-overlay-center{\ncolor:#ffffff;\n}\n<\/style>\n<div  class='avia-image-container av-l75xssgy-f2e3642fd0366f454f7b03cc5c8fd100 av-styling-no-styling avia-align-  avia-builder-el-11  el_after_av_codeblock  avia-builder-el-last '   itemprop=\"image\" itemscope=\"itemscope\" itemtype=\"https:\/\/schema.org\/ImageObject\" ><div class=\"avia-image-container-inner\"><div class=\"avia-image-overlay-wrap\"><img decoding=\"async\" class='wp-image-3746 avia-img-lazy-loading-not-3746 avia_image ' src=\"https:\/\/cookinox.si\/wp-content\/uploads\/2023\/11\/cookinox-custom-made-solutions-1-2.png\" alt='' title='cookinox-custom-made-solutions-1-2'  height=\"1001\" width=\"1467\"  itemprop=\"thumbnailUrl\" srcset=\"https:\/\/cookinox.si\/wp-content\/uploads\/2023\/11\/cookinox-custom-made-solutions-1-2.png 1467w, https:\/\/cookinox.si\/wp-content\/uploads\/2023\/11\/cookinox-custom-made-solutions-1-2-300x205.png 300w, https:\/\/cookinox.si\/wp-content\/uploads\/2023\/11\/cookinox-custom-made-solutions-1-2-1030x703.png 1030w, https:\/\/cookinox.si\/wp-content\/uploads\/2023\/11\/cookinox-custom-made-solutions-1-2-768x524.png 768w, https:\/\/cookinox.si\/wp-content\/uploads\/2023\/11\/cookinox-custom-made-solutions-1-2-705x481.png 705w, https:\/\/cookinox.si\/wp-content\/uploads\/2023\/11\/cookinox-custom-made-solutions-1-2-450x307.png 450w, https:\/\/cookinox.si\/wp-content\/uploads\/2023\/11\/cookinox-custom-made-solutions-1-2-600x409.png 600w\" sizes=\"(max-width: 1467px) 100vw, 1467px\" \/><\/div><\/div><\/div><\/p><\/div><\/div><!--close column table wrapper. Autoclose: 1 --><\/div><\/div><\/div><!-- close content main div --><\/div><\/div>\n<style type=\"text\/css\" data-created_by=\"avia_inline_auto\" id=\"style-css-av-l75w1zgv-534aa72d22461158032bc32fa0ab9589\">\n.avia-section.av-l75w1zgv-534aa72d22461158032bc32fa0ab9589{\nbackground-repeat:no-repeat;\nbackground-image:url(https:\/\/cookinox.si\/wp-content\/uploads\/2022\/08\/products-bg.jpg);\nbackground-position:50% 50%;\nbackground-attachment:scroll;\n}\n<\/style>\n<div id='av_section_3'  class='avia-section av-l75w1zgv-534aa72d22461158032bc32fa0ab9589 main_color avia-section-default avia-no-border-styling  avia-builder-el-12  el_after_av_section  el_before_av_section  product-cat avia-bg-style-scroll container_wrap fullsize'  data-section-bg-repeat='no-repeat'><div class='container av-section-cont-open' ><div class='template-page content  av-content-full alpha units'><div class='post-entry post-entry-type-page post-entry-1977'><div class='entry-content-wrapper clearfix'>\n<div class='flex_column_table av-l75w0761-12c89244fec307b77f28c1a50e832634 sc-av_two_fifth av-equal-height-column-flextable'><div class='flex_column av-l75w0761-12c89244fec307b77f28c1a50e832634 av_two_fifth  avia-builder-el-13  el_before_av_three_fifth  avia-builder-el-first  text-column first no_margin flex_column_table_cell av-equal-height-column av-align-middle '     ><section  class='av_textblock_section av-l75vzxh8-1d5a38b943e2ebc283ec6da8b0372b62'  itemscope=\"itemscope\" itemtype=\"https:\/\/schema.org\/CreativeWork\" ><div class='avia_textblock'  itemprop=\"text\" ><p><img decoding=\"async\" class=\"number\" src=\"\/wp-content\/uploads\/2022\/08\/number3.png\" alt=\"\" \/><\/p>\n<h2>GETR\u00c4NKE<br \/>\nK\u00dcHLTHEKEN<\/h2>\n<p>Vollst\u00e4ndig aus Edelstahl gefertigt AISI304 \/ Wr.Nr. 1.4301. Au\u00dfen ganz geschliffen (Korn 320), Innen ganz matt. Innenraum voll gerundet (R = 10mm), inklusive Eckkugeln. Isolierung aus sch\u00e4umendem Polyurethan, Dicke 50 mm. Der Gegenboden ist vertieft. Gastronorm-K\u00fchltische dienen zur Aufbewahrung von Lebensmitteln in professionellen K\u00fcchen. Sie k\u00f6nnen verschiedene GN-Beh\u00e4lter oder Gitter bis zur Gr\u00f6\u00dfe GN 1\/1 aufnehmen. K\u00fchltische werden in drei verschiedenen H\u00f6hen hergestellt; 510 mm, 710 mm und 760 mm.<\/p>\n<p><a class=\"btn\" href=\"\/de\/produkte\/getraenke-kuehltheken\/\">Mehr<\/a><\/p>\n<\/div><\/section><\/div><div class='flex_column av-l75w0mmp-9423e8b1bf5f73fbecbfc75339d2ff6f av_three_fifth  avia-builder-el-15  el_after_av_two_fifth  avia-builder-el-last  image-column no_margin flex_column_table_cell av-equal-height-column av-align-middle '     ><p><br \/>\n\n<style type=\"text\/css\" data-created_by=\"avia_inline_auto\" id=\"style-css-av-l75w2ok6-2e3841c559c362d1c3426438dc662bdf\">\n.avia-image-container.av-l75w2ok6-2e3841c559c362d1c3426438dc662bdf img.avia_image{\nbox-shadow:none;\n}\n.avia-image-container.av-l75w2ok6-2e3841c559c362d1c3426438dc662bdf .av-image-caption-overlay-center{\ncolor:#ffffff;\n}\n<\/style>\n<div  class='avia-image-container av-l75w2ok6-2e3841c559c362d1c3426438dc662bdf av-styling-no-styling avia-align-center  avia-builder-el-17  el_after_av_codeblock  avia-builder-el-last '   itemprop=\"image\" itemscope=\"itemscope\" itemtype=\"https:\/\/schema.org\/ImageObject\" ><div class=\"avia-image-container-inner\"><div class=\"avia-image-overlay-wrap\"><img decoding=\"async\" class='wp-image-1407 avia-img-lazy-loading-not-1407 avia_image ' src=\"https:\/\/cookinox.si\/wp-content\/uploads\/2022\/08\/COOKINOX_BEVERAGES_REFRIGERATED_COUNTERS_2022.png\" alt='' title='COOKINOX_BEVERAGES_REFRIGERATED_COUNTERS_2022'  height=\"652\" width=\"784\"  itemprop=\"thumbnailUrl\" srcset=\"https:\/\/cookinox.si\/wp-content\/uploads\/2022\/08\/COOKINOX_BEVERAGES_REFRIGERATED_COUNTERS_2022.png 784w, https:\/\/cookinox.si\/wp-content\/uploads\/2022\/08\/COOKINOX_BEVERAGES_REFRIGERATED_COUNTERS_2022-600x499.png 600w, https:\/\/cookinox.si\/wp-content\/uploads\/2022\/08\/COOKINOX_BEVERAGES_REFRIGERATED_COUNTERS_2022-300x249.png 300w, https:\/\/cookinox.si\/wp-content\/uploads\/2022\/08\/COOKINOX_BEVERAGES_REFRIGERATED_COUNTERS_2022-768x639.png 768w, https:\/\/cookinox.si\/wp-content\/uploads\/2022\/08\/COOKINOX_BEVERAGES_REFRIGERATED_COUNTERS_2022-705x586.png 705w\" sizes=\"(max-width: 784px) 100vw, 784px\" \/><\/div><\/div><\/div><\/p><\/div><\/div><!--close column table wrapper. Autoclose: 1 -->\n<\/p>\n<\/div><\/div><\/div><!-- close content main div --><\/div><\/div>\n<style type=\"text\/css\" data-created_by=\"avia_inline_auto\" id=\"style-css-av-is2wa-3e0acdce756085e049bc5d019916a168\">\n.avia-section.av-is2wa-3e0acdce756085e049bc5d019916a168{\nbackground-repeat:no-repeat;\nbackground-image:url(https:\/\/cookinox.si\/wp-content\/uploads\/2022\/08\/products-bg.jpg);\nbackground-position:50% 50%;\nbackground-attachment:scroll;\n}\n<\/style>\n<div id='av_section_4'  class='avia-section av-is2wa-3e0acdce756085e049bc5d019916a168 main_color avia-section-default avia-no-border-styling  avia-builder-el-18  el_after_av_section  avia-builder-el-last  product-cat avia-bg-style-scroll container_wrap fullsize'  data-section-bg-repeat='no-repeat'><div class='container av-section-cont-open' ><div class='template-page content  av-content-full alpha units'><div class='post-entry post-entry-type-page post-entry-1977'><div class='entry-content-wrapper clearfix'>\n<div class='flex_column_table av-f84ey-6860704a24d73681f9a20b483b5291e7 sc-av_two_fifth av-equal-height-column-flextable'><div class='flex_column av-f84ey-6860704a24d73681f9a20b483b5291e7 av_two_fifth  avia-builder-el-19  el_before_av_three_fifth  avia-builder-el-first  text-column first no_margin flex_column_table_cell av-equal-height-column av-align-middle '     ><section  class='av_textblock_section av-l75y0umh-4ea35d605d730e78239a33283f6dc5ac'  itemscope=\"itemscope\" itemtype=\"https:\/\/schema.org\/CreativeWork\" ><div class='avia_textblock'  itemprop=\"text\" ><p><img decoding=\"async\" class=\"number\" src=\"\/wp-content\/uploads\/2022\/08\/number4.png\" alt=\"\" \/><\/p>\n<h2>K\u00fchl- und<br \/>\nGefriertische<\/h2>\n<p>Vollst\u00e4ndig aus Edelstahl gefertigt AISI304 \/ Wr.Nr. 1.4301. Au\u00dfen ganz geschliffen (Korn 320), Innen ganz matt. Innenraum voll gerundet (R = 10mm), inklusive Eckkugeln. Isolierung aus sch\u00e4umendem Polyurethan, Dicke 50 mm. Der Gegenboden ist vertieft. Gastronorm K\u00fchl- und Gefriertische dienen zur Aufbewahrung von Lebensmitteln in professionellen K\u00fcchen. Sie k\u00f6nnen verschiedene GN-Beh\u00e4lter oder Gitter bis zur Gr\u00f6\u00dfe GN 1\/1 aufnehmen. K\u00fchl- und Gefriertische werden in drei verschiedenen H\u00f6hen hergestellt. 510 mm, 710 mm und 760 mm.<\/p>\n<p><a class=\"btn\" href=\"\/de\/produkte\/kuehltische-und-tiefkuehltische-gastronorm\/\">Mehr<\/a><\/p>\n<\/div><\/section><\/div><div class='flex_column av-bn9iy-1c80dc689cce3a198f8028c2568c9387 av_three_fifth  avia-builder-el-21  el_after_av_two_fifth  avia-builder-el-last  image-column no_margin flex_column_table_cell av-equal-height-column av-align-middle '     ><p><br \/>\n\n<style type=\"text\/css\" data-created_by=\"avia_inline_auto\" id=\"style-css-av-l75y2phc-73e228db5f0dba67f6370a5fb9978c95\">\n.avia-image-container.av-l75y2phc-73e228db5f0dba67f6370a5fb9978c95 img.avia_image{\nbox-shadow:none;\n}\n.avia-image-container.av-l75y2phc-73e228db5f0dba67f6370a5fb9978c95 .av-image-caption-overlay-center{\ncolor:#ffffff;\n}\n<\/style>\n<div  class='avia-image-container av-l75y2phc-73e228db5f0dba67f6370a5fb9978c95 av-styling-no-styling avia-align-center  avia-builder-el-23  el_after_av_codeblock  avia-builder-el-last '   itemprop=\"image\" itemscope=\"itemscope\" itemtype=\"https:\/\/schema.org\/ImageObject\" ><div class=\"avia-image-container-inner\"><div class=\"avia-image-overlay-wrap\"><img decoding=\"async\" class='wp-image-1425 avia-img-lazy-loading-not-1425 avia_image ' src=\"https:\/\/cookinox.si\/wp-content\/uploads\/2022\/08\/cookinox-refrigerated-freezing-tables-1.png\" alt='' title='cookinox-refrigerated-freezing-tables-1'  height=\"850\" width=\"801\"  itemprop=\"thumbnailUrl\" srcset=\"https:\/\/cookinox.si\/wp-content\/uploads\/2022\/08\/cookinox-refrigerated-freezing-tables-1.png 801w, https:\/\/cookinox.si\/wp-content\/uploads\/2022\/08\/cookinox-refrigerated-freezing-tables-1-600x637.png 600w, https:\/\/cookinox.si\/wp-content\/uploads\/2022\/08\/cookinox-refrigerated-freezing-tables-1-283x300.png 283w, https:\/\/cookinox.si\/wp-content\/uploads\/2022\/08\/cookinox-refrigerated-freezing-tables-1-768x815.png 768w, https:\/\/cookinox.si\/wp-content\/uploads\/2022\/08\/cookinox-refrigerated-freezing-tables-1-664x705.png 664w\" sizes=\"(max-width: 801px) 100vw, 801px\" \/><\/div><\/div><\/div><\/p><\/div><\/div><!--close column table wrapper. Autoclose: 1 -->\n\n","protected":false},"excerpt":{"rendered":"","protected":false},"author":1,"featured_media":0,"parent":0,"menu_order":0,"comment_status":"closed","ping_status":"closed","template":"","meta":{"footnotes":""},"class_list":["post-1977","page","type-page","status-publish","hentry"],"_links":{"self":[{"href":"https:\/\/cookinox.si\/de\/wp-json\/wp\/v2\/pages\/1977"}],"collection":[{"href":"https:\/\/cookinox.si\/de\/wp-json\/wp\/v2\/pages"}],"about":[{"href":"https:\/\/cookinox.si\/de\/wp-json\/wp\/v2\/types\/page"}],"author":[{"embeddable":true,"href":"https:\/\/cookinox.si\/de\/wp-json\/wp\/v2\/users\/1"}],"replies":[{"embeddable":true,"href":"https:\/\/cookinox.si\/de\/wp-json\/wp\/v2\/comments?post=1977"}],"version-history":[{"count":18,"href":"https:\/\/cookinox.si\/de\/wp-json\/wp\/v2\/pages\/1977\/revisions"}],"predecessor-version":[{"id":3758,"href":"https:\/\/cookinox.si\/de\/wp-json\/wp\/v2\/pages\/1977\/revisions\/3758"}],"wp:attachment":[{"href":"https:\/\/cookinox.si\/de\/wp-json\/wp\/v2\/media?parent=1977"}],"curies":[{"name":"wp","href":"https:\/\/api.w.org\/{rel}","templated":true}]}}